{"id":999,"date":"2020-02-22T20:16:40","date_gmt":"2020-02-22T20:16:40","guid":{"rendered":"https:\/\/teico44.com\/?page_id=999"},"modified":"2026-01-11T16:33:30","modified_gmt":"2026-01-11T16:33:30","slug":"strassenverkehr","status":"publish","type":"page","link":"https:\/\/teico44.com\/?page_id=999","title":{"rendered":"Stra\u00dfenverkehr"},"content":{"rendered":"<p>[et_pb_section fb_built=&#8220;1&#8243; _builder_version=&#8220;4.16&#8243; global_colors_info=&#8220;{}&#8220;][et_pb_row _builder_version=&#8220;4.16&#8243; max_width=&#8220;950px&#8220; global_colors_info=&#8220;{}&#8220;][et_pb_column type=&#8220;4_4&#8243; _builder_version=&#8220;4.16&#8243; global_colors_info=&#8220;{}&#8220;][et_pb_text _builder_version=&#8220;4.16&#8243; global_colors_info=&#8220;{}&#8220;]<\/p>\n<h1><strong><span style=\"color: #000000;\">Stra\u00dfenverkehr<\/span><\/strong><\/h1>\n<p>[\/et_pb_text][\/et_pb_column][\/et_pb_row][et_pb_row column_structure=&#8220;1_2,1_2&#8243; _builder_version=&#8220;4.16&#8243; max_width=&#8220;950px&#8220; global_colors_info=&#8220;{}&#8220;][et_pb_column type=&#8220;1_2&#8243; _builder_version=&#8220;4.16&#8243; global_colors_info=&#8220;{}&#8220;][et_pb_image src=&#8220;https:\/\/teico44.com\/wp-content\/uploads\/2023\/01\/Autos-Bild-links-2023-01-07.jpg&#8220; title_text=&#8220;Autos Bild links 2023-01-07&#8243; _builder_version=&#8220;4.19.4&#8243; global_colors_info=&#8220;{}&#8220;][\/et_pb_image][\/et_pb_column][et_pb_column type=&#8220;1_2&#8243; _builder_version=&#8220;4.16&#8243; global_colors_info=&#8220;{}&#8220;][et_pb_text _builder_version=&#8220;4.16&#8243; global_colors_info=&#8220;{}&#8220;]<\/p>\n<p><span style=\"color: #000000;\">Neben dem Eisenbahnbetrieb ist auch der Stra\u00dfenverkehr ein sehr wichtiges Ausstattungsmerkmal einer Anlage. Das Angebot an DDR-Fahrzeugen als Gro\u00dfserienmodelle ist leider sehr gering. Da bei mir auch im Nachtbetrieb gefahren wird, ist eine Ausstattung der Fahrzeuge mit einer Beleuchtung notwendig.\u00a0 Leider sind hier keine beleuchteten Modelle in meiner Epoche (DR Epoche 4) zu bekommen und es ist Selbstbau angesagt. Da der Einbau von Beleuchtung bei den kleinen Modellen recht schwierig ist, hatte ich folgende Festlegungen getroffen.<\/span><\/p>\n<p><span style=\"color: #000000;\">Fahrzeuge sollen immer <strong>vom Betrachterstandort<\/strong> mit einer Beleuchtung (Frontscheinwerfer, R\u00fccklichter) zu sehen sein. Wenn das Fahrzeug z.B. von hinten nicht zu sehen ist kann der Einbau der R\u00fccklichter entfallen. Wenn im Nachtbetrieb nur die Anlagenbeleuchtung eingeschalten ist, sieht man die Fahrzeuge nicht so deutlich wie am Tage. Deshalb habe ich bei vielen Modellen die SMD-Leuchtdioden der Frontscheinwerfer unter die vordere Sto\u00dfstange geklebt. Bei einigen Modellen habe ich die Frontscheinwerfer direkt auf die Scheinwerferimitatioen geklebt und den d\u00fcnnen Draht in der Farbe der Sto\u00dfstange lackiert. Das ersparte viel \u00c4rger und Arbeit und die Geh\u00e4use der Fahrzeuge werden nicht besch\u00e4digt. Bei <strong>einem Fahrzeug mit Anh\u00e4nger<\/strong> wird das Zugfahrzeug nur mit einem Frontscheinwerfer ausger\u00fcstet und der Anh\u00e4nger bekommt R\u00fccklichter. Weiterhin ist bei vielen Modellen die &#8222;Lichtdurchl\u00e4ssigkeit&#8220; der Plastegeh\u00e4use ein Problem. Also warum kompliziert, wenn man sich Arbeit vereinfachen kann. Meine Meinung ist, wer 100 % Detailtreue haben m\u00f6chte, der sollte auf gr\u00f6\u00dfere Ma\u00dfst\u00e4be und Spurweiten ausweichen.<br \/><\/span><\/p>\n<p>[\/et_pb_text][\/et_pb_column][\/et_pb_row][et_pb_row _builder_version=&#8220;4.16&#8243; _module_preset=&#8220;default&#8220; max_width=&#8220;950px&#8220; global_colors_info=&#8220;{}&#8220;][et_pb_column type=&#8220;4_4&#8243; _builder_version=&#8220;4.16&#8243; _module_preset=&#8220;default&#8220; global_colors_info=&#8220;{}&#8220;][et_pb_text _builder_version=&#8220;4.27.5&#8243; _module_preset=&#8220;default&#8220; global_colors_info=&#8220;{}&#8220;]<\/p>\n<p><span style=\"color: #000000;\">Auf meiner Anlage sind 140 Stra\u00dfenfahrzeuge und 2 Stra\u00dfenbahnen unterwegs. Davon sind 70 beleuchtet (diese sind auf den Stra\u00dfen unterwegs)\u00a0 und 70 unbeleuchtet (diese stehen auf Parkpl\u00e4tzen, oder sind andersweitig abgestellt. Verbaut sind \u00fcberall vorverkabelte SMD-Leuchtdioden. Bei den Pkw&#8217;s sind die Leuchdiode mit Lichtleitern gekoppelt, da die Leuchtdioden in die Geh\u00e4use eingebaut sind.<br \/><\/span><\/p>\n<p><span style=\"color: #0000ff;\">Bilder von den Fahrzeugen finden Sie in den Bilder-Galerien.<\/span><\/p>\n<p>[\/et_pb_text][\/et_pb_column][\/et_pb_row][et_pb_row _builder_version=&#8220;4.27.5&#8243; _module_preset=&#8220;default&#8220; global_colors_info=&#8220;{}&#8220;][et_pb_column type=&#8220;4_4&#8243; _builder_version=&#8220;4.27.5&#8243; _module_preset=&#8220;default&#8220; global_colors_info=&#8220;{}&#8220;][et_pb_text _builder_version=&#8220;4.27.5&#8243; _module_preset=&#8220;default&#8220; global_colors_info=&#8220;{}&#8220;]<\/p>\n<p><span style=\"color: #000000;\"><strong>Hier die Aufstellung der beleuchteten Fahrzeuge<\/strong><\/span><\/p>\n<p>[\/et_pb_text][\/et_pb_column][\/et_pb_row][et_pb_row _builder_version=&#8220;4.27.5&#8243; _module_preset=&#8220;default&#8220; global_colors_info=&#8220;{}&#8220;][et_pb_column type=&#8220;4_4&#8243; _builder_version=&#8220;4.27.5&#8243; _module_preset=&#8220;default&#8220; global_colors_info=&#8220;{}&#8220;][et_pb_image src=&#8220;https:\/\/teico44.com\/wp-content\/uploads\/2026\/01\/Fahrzeuge-01-Beleuchtet-2026-01-03.jpg&#8220; title_text=&#8220;Fahrzeuge-01 Beleuchtet 2026-01-03&#8243; _builder_version=&#8220;4.27.5&#8243; _module_preset=&#8220;default&#8220; global_colors_info=&#8220;{}&#8220;][\/et_pb_image][\/et_pb_column][\/et_pb_row][et_pb_row _builder_version=&#8220;4.27.5&#8243; _module_preset=&#8220;default&#8220; global_colors_info=&#8220;{}&#8220;][et_pb_column type=&#8220;4_4&#8243; _builder_version=&#8220;4.27.5&#8243; _module_preset=&#8220;default&#8220; global_colors_info=&#8220;{}&#8220;][et_pb_image src=&#8220;https:\/\/teico44.com\/wp-content\/uploads\/2026\/01\/Fahrzeuge-02-Beleuchtet-2026-01-03.jpg&#8220; title_text=&#8220;Fahrzeuge-02 Beleuchtet 2026-01-03&#8243; _builder_version=&#8220;4.27.5&#8243; _module_preset=&#8220;default&#8220; global_colors_info=&#8220;{}&#8220;][\/et_pb_image][\/et_pb_column][\/et_pb_row][et_pb_row _builder_version=&#8220;4.27.5&#8243; _module_preset=&#8220;default&#8220; global_colors_info=&#8220;{}&#8220;][et_pb_column type=&#8220;4_4&#8243; _builder_version=&#8220;4.27.5&#8243; _module_preset=&#8220;default&#8220; global_colors_info=&#8220;{}&#8220;][et_pb_image src=&#8220;https:\/\/teico44.com\/wp-content\/uploads\/2026\/01\/Fahrzeuge-03-Beleuchtet-2026-01-11.jpg&#8220; title_text=&#8220;Fahrzeuge-03 Beleuchtet 2026-01-11&#8243; _builder_version=&#8220;4.27.5&#8243; _module_preset=&#8220;default&#8220; hover_enabled=&#8220;0&#8243; global_colors_info=&#8220;{}&#8220; sticky_enabled=&#8220;0&#8243;][\/et_pb_image][\/et_pb_column][\/et_pb_row][et_pb_row _builder_version=&#8220;4.27.5&#8243; _module_preset=&#8220;default&#8220; global_colors_info=&#8220;{}&#8220;][et_pb_column type=&#8220;4_4&#8243; _builder_version=&#8220;4.27.5&#8243; _module_preset=&#8220;default&#8220; global_colors_info=&#8220;{}&#8220;][et_pb_text _builder_version=&#8220;4.27.5&#8243; _module_preset=&#8220;default&#8220; global_colors_info=&#8220;{}&#8220;]<\/p>\n<p><span style=\"color: #000000;\"><strong>Hier die Aufstellung der unbeleuchteten Fahrzeuge<\/strong><\/span><\/p>\n<p>[\/et_pb_text][\/et_pb_column][\/et_pb_row][et_pb_row _builder_version=&#8220;4.27.5&#8243; _module_preset=&#8220;default&#8220; global_colors_info=&#8220;{}&#8220;][et_pb_column type=&#8220;4_4&#8243; _builder_version=&#8220;4.27.5&#8243; _module_preset=&#8220;default&#8220; global_colors_info=&#8220;{}&#8220;][et_pb_image src=&#8220;https:\/\/teico44.com\/wp-content\/uploads\/2026\/01\/Fahrzeuge-04-Unbeleuchtet-2026-01-03.jpg&#8220; title_text=&#8220;Fahrzeuge-04 Unbeleuchtet 2026-01-03&#8243; _builder_version=&#8220;4.27.5&#8243; _module_preset=&#8220;default&#8220; global_colors_info=&#8220;{}&#8220;][\/et_pb_image][\/et_pb_column][\/et_pb_row][et_pb_row _builder_version=&#8220;4.27.5&#8243; _module_preset=&#8220;default&#8220; global_colors_info=&#8220;{}&#8220;][et_pb_column type=&#8220;4_4&#8243; _builder_version=&#8220;4.27.5&#8243; _module_preset=&#8220;default&#8220; global_colors_info=&#8220;{}&#8220;][et_pb_image src=&#8220;https:\/\/teico44.com\/wp-content\/uploads\/2026\/01\/Fahrzeuge-05-Unbeleuchtet-2026-01-03.jpg&#8220; title_text=&#8220;Fahrzeuge-05 Unbeleuchtet 2026-01-03&#8243; _builder_version=&#8220;4.27.5&#8243; _module_preset=&#8220;default&#8220; global_colors_info=&#8220;{}&#8220;][\/et_pb_image][\/et_pb_column][\/et_pb_row][\/et_pb_section]<\/p>\n","protected":false},"excerpt":{"rendered":"<p>Stra\u00dfenverkehrNeben dem Eisenbahnbetrieb ist auch der Stra\u00dfenverkehr ein sehr wichtiges Ausstattungsmerkmal einer Anlage. Das Angebot an DDR-Fahrzeugen als Gro\u00dfserienmodelle ist leider sehr gering. Da bei mir auch im Nachtbetrieb gefahren wird, ist eine Ausstattung der Fahrzeuge mit einer Beleuchtung notwendig.\u00a0 Leider sind hier keine beleuchteten Modelle in meiner Epoche (DR Epoche 4) zu bekommen und [&hellip;]<\/p>\n","protected":false},"author":1,"featured_media":0,"parent":0,"menu_order":0,"comment_status":"closed","ping_status":"closed","template":"","meta":{"_et_pb_use_builder":"on","_et_pb_old_content":"","_et_gb_content_width":"","footnotes":""},"class_list":["post-999","page","type-page","status-publish","hentry"],"_links":{"self":[{"href":"https:\/\/teico44.com\/index.php?rest_route=\/wp\/v2\/pages\/999","targetHints":{"allow":["GET"]}}],"collection":[{"href":"https:\/\/teico44.com\/index.php?rest_route=\/wp\/v2\/pages"}],"about":[{"href":"https:\/\/teico44.com\/index.php?rest_route=\/wp\/v2\/types\/page"}],"author":[{"embeddable":true,"href":"https:\/\/teico44.com\/index.php?rest_route=\/wp\/v2\/users\/1"}],"replies":[{"embeddable":true,"href":"https:\/\/teico44.com\/index.php?rest_route=%2Fwp%2Fv2%2Fcomments&post=999"}],"version-history":[{"count":16,"href":"https:\/\/teico44.com\/index.php?rest_route=\/wp\/v2\/pages\/999\/revisions"}],"predecessor-version":[{"id":6407,"href":"https:\/\/teico44.com\/index.php?rest_route=\/wp\/v2\/pages\/999\/revisions\/6407"}],"wp:attachment":[{"href":"https:\/\/teico44.com\/index.php?rest_route=%2Fwp%2Fv2%2Fmedia&parent=999"}],"curies":[{"name":"wp","href":"https:\/\/api.w.org\/{rel}","templated":true}]}}