{"id":767,"date":"2020-02-20T15:24:21","date_gmt":"2020-02-20T15:24:21","guid":{"rendered":"https:\/\/teico44.com\/?page_id=767"},"modified":"2026-01-10T06:08:10","modified_gmt":"2026-01-10T06:08:10","slug":"technische-daten","status":"publish","type":"page","link":"https:\/\/teico44.com\/?page_id=767","title":{"rendered":"Technische Daten"},"content":{"rendered":"<p>[et_pb_section fb_built=&#8220;1&#8243; _builder_version=&#8220;4.16&#8243; global_colors_info=&#8220;{}&#8220;][et_pb_row _builder_version=&#8220;4.16&#8243; max_width=&#8220;950px&#8220; global_colors_info=&#8220;{}&#8220;][et_pb_column type=&#8220;4_4&#8243; _builder_version=&#8220;4.16&#8243; global_colors_info=&#8220;{}&#8220;][et_pb_text _builder_version=&#8220;4.19.4&#8243; global_colors_info=&#8220;{}&#8220;]<\/p>\n<h1><span style=\"color: #000000;\"><strong>Taktisch technische Daten<\/strong><\/span><\/h1>\n<p><span style=\"color: #000000;\"><strong><\/strong><\/span><\/p>\n<p><span style=\"color: #000000;\"><strong><\/strong><\/span><\/p>\n<p class=\"wb-stl-subtitle\"><span style=\"color: #000000;\">Das Thema der Anlage im Ma\u00dfstab<strong> 1:160 <\/strong>ist eine eingleisige elektrifizierte Hauptstrecke mit zwei abzweigenden eingleisigen nichtelektrifizierten Nebenstrecken. Die dargestellte Epoche ist die<strong> Epoche IV<\/strong> der Deutsche Reichsbahn (<strong>1980-1982<\/strong>)<strong> <\/strong>der fr\u00fcheren DDR. Es sind Modelle der Traktionsarten Diesel und Elektro im Einsatz. <\/span><\/p>\n<p class=\"wb-stl-subtitle\"><span style=\"color: #000000;\">Die Modelleisenbahnanlage ist auf 16 mm starken M\u00f6belplatten aufgebaut, das Modul Hauptanlage ruht auf B\u00f6cken, das Modul Abstellgruppe ist eine frei tragende Konstruktion, das Modul Regalanlage ist auf St\u00fctzen montiert und die Module Schrankwand, Wendeschleife sowie das Eckmodul sind in die vorhandenen M\u00f6bel integriert.<\/span><\/p>\n<p class=\"wb-stl-subtitle\"><span style=\"color: #000000;\">Auf der Anlage sind <strong><span style=\"color: #008000;\">59,90<\/span> m<\/strong> N-Gleise f\u00fcr die Eisenbahn verlegt, f\u00fcr die Stra\u00dfenbahn (Schmalspur) wurden <strong><span style=\"color: #008000;\">4,05<\/span> m<\/strong> Z-Gleise verbaut. Gefahren wird analog mit einem elektronischen Fahrregler der Firma Hei\u00dfwolf. Gesteuert wird die Anlage mit 3 Gleisbildpulten mit Relaistechnik (ohne sicherungstechnische Abh\u00e4ngigkeiten). Die vorhandenen Oberleitungen (Eisenbahn und Stra\u00dfenbahn) sind Attrappen. Auf der Anlage wird mit Modellgeschwindigkeit und nach Lust und Laune nach einem Fahrplan gefahren.<\/span><\/p>\n<p>[\/et_pb_text][\/et_pb_column][\/et_pb_row][et_pb_row _builder_version=&#8220;4.16&#8243; max_width=&#8220;950px&#8220; global_colors_info=&#8220;{}&#8220;][et_pb_column type=&#8220;4_4&#8243; _builder_version=&#8220;4.16&#8243; global_colors_info=&#8220;{}&#8220;][et_pb_text _builder_version=&#8220;4.16&#8243; global_colors_info=&#8220;{}&#8220;]<\/p>\n<h5 class=\"wb-stl-subtitle\"><span style=\"color: #000000;\"><strong><span style=\"color: #000000;\">F\u00fcr den reibungslosen Betrieb sind folgende Komponenten im Einsatz<\/span><br \/><\/strong><\/span><\/h5>\n<p>[\/et_pb_text][\/et_pb_column][\/et_pb_row][et_pb_row column_structure=&#8220;1_3,1_3,1_3&#8243; _builder_version=&#8220;4.16&#8243; max_width=&#8220;950px&#8220; global_colors_info=&#8220;{}&#8220;][et_pb_column type=&#8220;1_3&#8243; _builder_version=&#8220;4.16&#8243; global_colors_info=&#8220;{}&#8220;][et_pb_text _builder_version=&#8220;4.27.5&#8243; hover_enabled=&#8220;0&#8243; global_colors_info=&#8220;{}&#8220; sticky_enabled=&#8220;0&#8243;]<\/p>\n<p><span style=\"color: #008000;\"><strong>Stromversorgung \/ Steuerung<\/strong><\/span><\/p>\n<p><strong><span style=\"color: #000000;\"><\/span><\/strong><\/p>\n<ul>\n<li><span style=\"color: #000000;\">\u00a0\u00a0\u00a0 1 elektronischer Fahrregler<\/span><\/li>\n<li><span style=\"color: #000000;\">\u00a0\u00a0\u00a0 7 Trafos<br \/><\/span><\/li>\n<li><span style=\"color: #000000;\">\u00a0 \u00a0 7 Gleichrichtermodule<\/span><\/li>\n<li><span style=\"color: #000000;\">\u00a0\u00a0\u00a0 3 Gleisbildpulte<\/span><\/li>\n<li><span style=\"color: #000000;\">\u00a0 60 Relais<\/span><\/li>\n<li><span style=\"color: #000000;\">\u00a0 54 Schalter<\/span><\/li>\n<li><span style=\"color: #000000;\">\u00a0 52 Taster<br \/><\/span><\/li>\n<\/ul>\n<p>[\/et_pb_text][\/et_pb_column][et_pb_column type=&#8220;1_3&#8243; _builder_version=&#8220;4.16&#8243; global_colors_info=&#8220;{}&#8220;][et_pb_text _builder_version=&#8220;4.27.5&#8243; hover_enabled=&#8220;0&#8243; global_colors_info=&#8220;{}&#8220; sticky_enabled=&#8220;0&#8243;]<\/p>\n<p><span style=\"color: #008000;\"><strong>Infrastruktur<\/strong><\/span><\/p>\n<p><span style=\"color: #000000;\"><strong><\/strong><\/span><\/p>\n<ul>\n<li><span style=\"color: #000000;\">29 Unterbrecherabschnitte<\/span><\/li>\n<li><span style=\"color: #000000;\">20 Linksweichen (15 Grad)<br \/><\/span><\/li>\n<li><span style=\"color: #000000;\">11 Rechtsweichen (15 Grad)<br \/><\/span><\/li>\n<li><span style=\"color: #000000;\">\u00a0 5 Entkupplungsgleise<br \/><\/span><\/li>\n<li><span style=\"color: #000000;\">\u00a0 1 Drehscheibe<br \/><\/span><\/li>\n<li><span style=\"color: #000000;\">40 Fahrstromeinspeisungen<\/span><\/li>\n<\/ul>\n<p>[\/et_pb_text][\/et_pb_column][et_pb_column type=&#8220;1_3&#8243; _builder_version=&#8220;4.16&#8243; global_colors_info=&#8220;{}&#8220;][et_pb_text _builder_version=&#8220;4.25.1&#8243; global_colors_info=&#8220;{}&#8220;]<\/p>\n<p><span style=\"color: #008000;\"><strong>Sicherheit<\/strong><\/span><\/p>\n<p><span style=\"color: #000000;\"><strong><\/strong><\/span><\/p>\n<ul>\n<li><span style=\"color: #000000;\">40 Lichtsignale<br \/><\/span><\/li>\n<li><span style=\"color: #000000;\">\u00a0 4 W-Signale<\/span><\/li>\n<li><span style=\"color: #000000;\">15 Verkehrsampeln<br \/><\/span><\/li>\n<li><span style=\"color: #000000;\">\u00a0 7 Bahn\u00fcberg\u00e4nge<\/span><\/li>\n<\/ul>\n<p>[\/et_pb_text][\/et_pb_column][\/et_pb_row][et_pb_row _builder_version=&#8220;4.16&#8243; max_width=&#8220;950px&#8220; global_colors_info=&#8220;{}&#8220;][et_pb_column type=&#8220;4_4&#8243; _builder_version=&#8220;4.16&#8243; global_colors_info=&#8220;{}&#8220;][et_pb_text _builder_version=&#8220;4.27.5&#8243; global_colors_info=&#8220;{}&#8220;]<\/p>\n<h5><span style=\"color: #008000;\"><strong>Auf der Anlage sind 39 Lokomotiven, 3 Triebwagenz\u00fcge und 93 Wagen im Einsatz.<\/strong><\/span><\/h5>\n<p>[\/et_pb_text][\/et_pb_column][\/et_pb_row][et_pb_row column_structure=&#8220;1_3,1_3,1_3&#8243; _builder_version=&#8220;4.16&#8243; max_width=&#8220;950px&#8220; global_colors_info=&#8220;{}&#8220;][et_pb_column type=&#8220;1_3&#8243; _builder_version=&#8220;4.16&#8243; global_colors_info=&#8220;{}&#8220;][et_pb_text _builder_version=&#8220;4.27.5&#8243; global_colors_info=&#8220;{}&#8220;]<\/p>\n<p class=\"wb-stl-subtitle\"><span style=\"color: #008000;\"><strong>Anlageneinsatz<\/strong><\/span><\/p>\n<p class=\"wb-stl-subtitle\"><span style=\"color: #000000;\"><strong><\/strong><\/span><\/p>\n<ul>\n<li><span style=\"color: #000000;\">26 Diesellokomotiven<\/span><\/li>\n<li><span style=\"color: #000000;\">13 <\/span><span style=\"color: #000000;\">Elektrolokomotiven<\/span><\/li>\n<li><span style=\"color: #000000;\">\u00a0 3 Dieseltriebz\u00fcge<\/span><\/li>\n<li><span style=\"color: #000000;\">54 Personenwagen<\/span><\/li>\n<li><span style=\"color: #000000;\">39 G\u00fcterwagen<\/span><\/li>\n<\/ul>\n<p>[\/et_pb_text][\/et_pb_column][et_pb_column type=&#8220;1_3&#8243; _builder_version=&#8220;4.16&#8243; global_colors_info=&#8220;{}&#8220;][et_pb_text _builder_version=&#8220;4.27.5&#8243; global_colors_info=&#8220;{}&#8220;]<\/p>\n<p class=\"wb-stl-subtitle\"><span style=\"color: #008000;\"><strong>Standmodelle<\/strong><\/span><\/p>\n<p class=\"wb-stl-subtitle\"><span style=\"color: #000000;\"><strong><\/strong><\/span><\/p>\n<ul>\n<li><span style=\"color: #000000;\">\u00a0 4 Diesellokomotive<\/span><\/li>\n<li><span style=\"color: #000000;\">\u00a0 1 <\/span><span style=\"color: #000000;\">Elektrolokomotive<br \/><\/span><\/li>\n<li><span style=\"color: #000000;\">\u00a0 2 Dieseltriebwagen<br \/><\/span><\/li>\n<li><span style=\"color: #000000;\">\u00a0 0 Personenwagen<\/span><\/li>\n<li><span style=\"color: #000000;\">\u00a0 6 G\u00fcterwagen<\/span><\/li>\n<\/ul>\n<p>[\/et_pb_text][\/et_pb_column][et_pb_column type=&#8220;1_3&#8243; _builder_version=&#8220;4.16&#8243; global_colors_info=&#8220;{}&#8220;][et_pb_text _builder_version=&#8220;4.27.4&#8243; global_colors_info=&#8220;{}&#8220;]<\/p>\n<p class=\"wb-stl-subtitle\"><span style=\"color: #008000;\"><strong>Reserve-Modelle<\/strong><\/span><\/p>\n<p class=\"wb-stl-subtitle\"><span style=\"color: #000000;\"><strong><\/strong><\/span><\/p>\n<ul>\n<li><span style=\"color: #000000;\">\u00a00 Diesellokomotiven<\/span><\/li>\n<li><span style=\"color: #000000;\">\u00a00 <\/span><span style=\"color: #000000;\">Elektrolokomotive<\/span><\/li>\n<li><span style=\"color: #000000;\">\u00a00 Dieseltriebwagen<br \/><\/span><\/li>\n<li><span style=\"color: #000000;\">\u00a06 Personenwagen<\/span><span style=\"color: #000000;\"><\/span><\/li>\n<li><span style=\"color: #000000;\">\u00a00 G\u00fcterwagen<\/span><\/li>\n<\/ul>\n<p>[\/et_pb_text][\/et_pb_column][\/et_pb_row][et_pb_row _builder_version=&#8220;4.16&#8243; max_width=&#8220;950px&#8220; global_colors_info=&#8220;{}&#8220;][et_pb_column type=&#8220;4_4&#8243; _builder_version=&#8220;4.16&#8243; global_colors_info=&#8220;{}&#8220;][et_pb_text _builder_version=&#8220;4.16&#8243; global_colors_info=&#8220;{}&#8220;]<\/p>\n<h5><span style=\"color: #000000;\"><strong>Weiterhin sind folgende Komponenten sind auf der Modelleisenbahnanlage verbaut.<\/strong><\/span><\/h5>\n<p>[\/et_pb_text][\/et_pb_column][\/et_pb_row][et_pb_row column_structure=&#8220;1_3,1_3,1_3&#8243; _builder_version=&#8220;4.16&#8243; max_width=&#8220;950px&#8220; global_colors_info=&#8220;{}&#8220;][et_pb_column type=&#8220;1_3&#8243; _builder_version=&#8220;4.16&#8243; global_colors_info=&#8220;{}&#8220;][et_pb_text _builder_version=&#8220;4.20.2&#8243; global_colors_info=&#8220;{}&#8220;]<\/p>\n<p><strong><span style=\"color: #000000;\"><span style=\"color: #008000;\">Geb\u00e4ude = 66<\/span><br \/><\/span><\/strong><\/p>\n<p><strong><span style=\"color: #000000;\"><\/span><\/strong><\/p>\n<ul>\n<li><span style=\"color: #000000;\">\u00a0 2 Empfangsgeb\u00e4ude<\/span><\/li>\n<li><span style=\"color: #000000;\">\u00a0 6 Stellwerke<\/span><\/li>\n<li><span style=\"color: #000000;\">\u00a0 1 Lokschuppen<\/span><\/li>\n<li><span style=\"color: #000000;\">\u00a0 7<\/span><span style=\"color: #000000;\">\u00a0Bahnbauten<\/span><\/li>\n<li><span style=\"color: #000000;\">\u00a0 9 Wohnh\u00e4user<\/span><\/li>\n<li><span style=\"color: #000000;\">16 Wohnh\u00e4user mit Gesch\u00e4ften<\/span><\/li>\n<li><span style=\"color: #000000;\">\u00a0 4<\/span><span style=\"color: #000000;\">\u00a0Kioske<\/span><\/li>\n<li><span style=\"color: #000000;\">\u00a0 6 Betriebliche Geb\u00e4ude<\/span><\/li>\n<li><span style=\"color: #000000;\">\u00a0 5 Landwirtschaftliche Geb\u00e4ude<\/span><\/li>\n<li><span style=\"color: #000000;\">\u00a010 sonstige Geb\u00e4ude<\/span><\/li>\n<\/ul>\n<p>[\/et_pb_text][\/et_pb_column][et_pb_column type=&#8220;1_3&#8243; _builder_version=&#8220;4.16&#8243; global_colors_info=&#8220;{}&#8220;][et_pb_text _builder_version=&#8220;4.27.5&#8243; hover_enabled=&#8220;0&#8243; global_colors_info=&#8220;{}&#8220; sticky_enabled=&#8220;0&#8243;]<\/p>\n<p><span style=\"color: #000000;\"><strong><span style=\"color: #008000;\">Stra\u00dfenfahrzeuge = 140 (70\/70)<\/span><br \/><\/strong><\/span><\/p>\n<p><span style=\"color: #000000;\"><strong><\/strong><\/span><\/p>\n<ul>\n<li><span style=\"color: #000000;\">12 Fahrr\u00e4der (3\/9)<br \/><\/span><\/li>\n<li><span style=\"color: #000000;\">13 Motorr\u00e4der, Mopeds (11\/2)<br \/><\/span><\/li>\n<li><span style=\"color: #000000;\">51 Personenkraftwagen (6\/45)<br \/><\/span><\/li>\n<li><span style=\"color: #000000;\">\u00a015 Transporter (10\/5)<\/span><\/li>\n<li><span style=\"color: #000000;\">\u00a0<\/span><span style=\"color: #000000;\">\u00a0 5 Omnibusse (5\/0)<\/span><\/li>\n<li><span style=\"color: #000000;\">23 Lastkraftwagen (23\/0)<\/span><\/li>\n<li><span style=\"color: #000000;\">\u00a0 6 Traktoren (2\/4)<\/span><\/li>\n<li><span style=\"color: #000000;\">\u00a0 7 Einsatzfahrzeuge (4\/3)<\/span><\/li>\n<li><span style=\"color: #000000;\">\u00a0 2 Stra\u00dfenbahnz\u00fcge (2\/0)<\/span><\/li>\n<li><span style=\"color: #000000;\">\u00a0 6 sonstige Fahrzeuge (4\/2)<\/span><\/li>\n<li><span style=\"color: #0000ff;\">Klammern (mit Licht \/ ohne Licht)<\/span><\/li>\n<\/ul>\n<p>[\/et_pb_text][\/et_pb_column][et_pb_column type=&#8220;1_3&#8243; _builder_version=&#8220;4.16&#8243; global_colors_info=&#8220;{}&#8220;][et_pb_text _builder_version=&#8220;4.27.5&#8243; global_colors_info=&#8220;{}&#8220;]<\/p>\n<p class=\"wb-stl-subtitle\"><span style=\"color: #008000;\"><strong>Verbaute Leuchtdioden = 1486<\/strong><\/span><\/p>\n<p class=\"wb-stl-subtitle\"><span style=\"color: #000000;\"><strong><span style=\"color: #000000;\"><\/span><\/strong><\/span><\/p>\n<ul>\n<li class=\"wb-stl-subtitle\"><span style=\"color: #000000;\">228 in Loks, Wagen und Triebwagen<\/span><\/li>\n<li class=\"wb-stl-subtitle\"><span style=\"color: #000000;\">125 in den Gleisbildpulten<br \/><\/span><\/li>\n<li class=\"wb-stl-subtitle\"><span style=\"color: #000000;\">\u00a0 \u00a0 8 in den Bahn\u00fcberg\u00e4nge<br \/><\/span><\/li>\n<li class=\"wb-stl-subtitle\"><span style=\"color: #000000;\">229 f\u00fcr die H\u00e4userbeleuchtung<br \/><\/span><\/li>\n<li class=\"wb-stl-subtitle\"><span style=\"color: #000000;\">185 in Stra\u00dfenfahrzeuge und TRAM<br \/><\/span><\/li>\n<li class=\"wb-stl-subtitle\"><span style=\"color: #000000;\">207<\/span><span style=\"color: #000000;\">\u00a0f\u00fcr die Stra\u00dfenbeleuchtung<\/span><\/li>\n<li class=\"wb-stl-subtitle\"><span style=\"color: #000000;\">\u00a070 in Lichtsignalen<\/span><\/li>\n<li class=\"wb-stl-subtitle\"><span style=\"color: #000000;\">\u00a033 in Verkehrsampeln<br \/><\/span><\/li>\n<li><span style=\"color: #000000;\">\u00a023 in Standmodellen<\/span><\/li>\n<li><span style=\"color: #000000;\">\u00a014 als Effektbeleuchtungen<\/span><\/li>\n<li><span style=\"color: #000000;\">364 sonstige Beleuchtungen<br \/><\/span><\/li>\n<\/ul>\n<p>[\/et_pb_text][\/et_pb_column][\/et_pb_row][et_pb_row column_structure=&#8220;1_3,1_3,1_3&#8243; _builder_version=&#8220;4.16&#8243; max_width=&#8220;950px&#8220; global_colors_info=&#8220;{}&#8220;][et_pb_column type=&#8220;1_3&#8243; _builder_version=&#8220;4.16&#8243; global_colors_info=&#8220;{}&#8220;][et_pb_text _builder_version=&#8220;4.27.5&#8243; hover_enabled=&#8220;0&#8243; global_colors_info=&#8220;{}&#8220; sticky_enabled=&#8220;0&#8243;]<\/p>\n<p class=\"wb-stl-subtitle\"><span style=\"color: #000000;\"><strong><span style=\"color: #008000;\">Einwohner = 2072<\/span><br \/><\/strong><\/span><\/p>\n<p class=\"wb-stl-subtitle\"><span style=\"color: #000000;\"><strong><\/strong><\/span><\/p>\n<ul>\n<li class=\"wb-stl-subtitle\"><span style=\"color: #000000;\">\u00a01067<\/span><span style=\"color: #000000;\">\u00a0auf der Anlage<\/span><\/li>\n<li class=\"wb-stl-subtitle\"><span style=\"color: #000000;\">\u00a0 \u00a0 56 in Standmodellen + Stra\u00dfenbahn<\/span><\/li>\n<li class=\"wb-stl-subtitle\"><span style=\"color: #000000;\">\u00a0 949<\/span><span style=\"color: #000000;\">\u00a0in Personenwagen, Triebwagen<br \/><\/span><\/li>\n<\/ul>\n<p>[\/et_pb_text][\/et_pb_column][et_pb_column type=&#8220;1_3&#8243; _builder_version=&#8220;4.16&#8243; global_colors_info=&#8220;{}&#8220;][et_pb_text _builder_version=&#8220;4.19.4&#8243; global_colors_info=&#8220;{}&#8220;]<\/p>\n<p class=\"wb-stl-subtitle\"><span style=\"color: #000000;\"><strong><span style=\"color: #008000;\">Tiere = 3<\/span><br \/><\/strong><\/span><\/p>\n<p class=\"wb-stl-subtitle\"><span style=\"color: #000000;\"><strong><\/strong><\/span><\/p>\n<ul>\n<li class=\"wb-stl-normal\">\n<p class=\"wb-stl-subtitle\"><span style=\"color: #000000;\">3 Pferde<\/span><\/p>\n<\/li>\n<\/ul>\n<p>[\/et_pb_text][\/et_pb_column][et_pb_column type=&#8220;1_3&#8243; _builder_version=&#8220;4.16&#8243; global_colors_info=&#8220;{}&#8220;][et_pb_text _builder_version=&#8220;4.17.6&#8243; global_colors_info=&#8220;{}&#8220;]<\/p>\n<p><strong><span style=\"color: #000000;\"><span style=\"color: #008000;\">Bahnsteigbeleuchtung LEDs = 354<\/span><br \/><\/span><\/strong><\/p>\n<p><strong><span style=\"color: #000000;\"><\/span><\/strong><\/p>\n<ul>\n<li><span style=\"color: #000000;\">276 Bhf. Falkenau (unterm Dach)<br \/><\/span><\/li>\n<li><span style=\"color: #000000;\">\u00a0 18 HP Abstellgruppe (unterm Dach)<\/span><\/li>\n<li><span style=\"color: #000000;\">\u00a0 6<\/span><span style=\"color: #000000;\">0 Regalbahnhof (Bahnsteighalle)<\/span><\/li>\n<\/ul>\n<p>[\/et_pb_text][\/et_pb_column][\/et_pb_row][et_pb_row column_structure=&#8220;1_3,1_3,1_3&#8243; _builder_version=&#8220;4.20.0&#8243; max_width=&#8220;950px&#8220; global_colors_info=&#8220;{}&#8220;][et_pb_column type=&#8220;1_3&#8243; _builder_version=&#8220;4.16&#8243; global_colors_info=&#8220;{}&#8220;][et_pb_text _builder_version=&#8220;4.27.5&#8243; hover_enabled=&#8220;0&#8243; global_colors_info=&#8220;{}&#8220; sticky_enabled=&#8220;0&#8243;]<\/p>\n<p><span style=\"color: #000000;\"><strong><span style=\"color: #008000;\">Stra\u00dfen- und Bahnhofslampen = 169<\/span><br \/><\/strong><\/span><\/p>\n<p><span style=\"color: #000000;\">Es sind 123 Einfachlampen, 44 Doppelleuchten und 2 Dreifachleuchten im Einsatz. In den Lampen sind 206 Leuchtdioden und 9 Gl\u00fchlampen eingebaut.<\/span><\/p>\n<p>[\/et_pb_text][\/et_pb_column][et_pb_column type=&#8220;1_3&#8243; _builder_version=&#8220;4.16&#8243; global_colors_info=&#8220;{}&#8220;][et_pb_text _builder_version=&#8220;4.27.2&#8243; global_colors_info=&#8220;{}&#8220;]<\/p>\n<p><span style=\"color: #000000;\"><strong><span style=\"color: #008000;\">Lichtsignale = 40<\/span><br \/><\/strong><\/span><\/p>\n<p><span style=\"color: #000000;\">Es sind 40 Lichtsignale im Einsatz. Davon sind 29 in Funktion mit einem Unterbrecher, 5 haben eine permanente Rot-Ausleuchtung, 5 sind ohne Funktion und 1 hat die Funktion SO16.<\/span><\/p>\n<p>[\/et_pb_text][\/et_pb_column][et_pb_column type=&#8220;1_3&#8243; _builder_version=&#8220;4.16&#8243; global_colors_info=&#8220;{}&#8220;][et_pb_text _builder_version=&#8220;4.19.4&#8243; global_colors_info=&#8220;{}&#8220;]<\/p>\n<p><strong><span style=\"color: #000000;\"><span style=\"color: #008000;\">Verkehrsampeln = 15<\/span><br \/><\/span><\/strong><\/p>\n<p><span style=\"color: #000000;\">Es gibt 5 Ampelkreuzungen auf der Anlage. Hier sind 11 Verkehrsampeln mit Funktion und 3 Verkehrsampeln ohne Funktion im Einsatz. Ein Tag \/ Nacht Schaltung ist eingebaut.<\/span><\/p>\n<p>[\/et_pb_text][\/et_pb_column][\/et_pb_row][et_pb_row column_structure=&#8220;1_3,1_3,1_3&#8243; _builder_version=&#8220;4.16&#8243; max_width=&#8220;950px&#8220; global_colors_info=&#8220;{}&#8220;][et_pb_column type=&#8220;1_3&#8243; _builder_version=&#8220;4.16&#8243; global_colors_info=&#8220;{}&#8220;][et_pb_text _builder_version=&#8220;4.17.6&#8243; global_colors_info=&#8220;{}&#8220;]<\/p>\n<p><span style=\"color: #000000;\"><strong><span style=\"color: #008000;\">Fotografen = 7<\/span><br \/><\/strong><\/span><\/p>\n<p><span style=\"color: #000000;\">Auf der Anlagen sind 7\u00a0Fotografen verteilt. Diese fotografieren in unregelm\u00e4\u00dfgen Abst\u00e4nden mit Blitzlicht die Umgebung (Timerschaltung).<\/span><\/p>\n<p>[\/et_pb_text][\/et_pb_column][et_pb_column type=&#8220;1_3&#8243; _builder_version=&#8220;4.16&#8243; global_colors_info=&#8220;{}&#8220;][et_pb_text _builder_version=&#8220;4.20.0&#8243; global_colors_info=&#8220;{}&#8220;]<\/p>\n<p><strong><span style=\"color: #000000;\"><span style=\"color: #008000;\">Einsatzfahrzeuge = 5<\/span><br \/><\/span><\/strong><\/p>\n<p><span style=\"color: #000000;\">Es sind 5 Einsatzfahrzeuge (3 x Feuerwehr, 1 x Volkspolizei, 1 x Schnelle Medizinische Hilfe) im Einsatz.<\/span><\/p>\n<p>[\/et_pb_text][\/et_pb_column][et_pb_column type=&#8220;1_3&#8243; _builder_version=&#8220;4.16&#8243; global_colors_info=&#8220;{}&#8220;][et_pb_text _builder_version=&#8220;4.20.0&#8243; _module_preset=&#8220;default&#8220; global_colors_info=&#8220;{}&#8220;]<\/p>\n<p><span style=\"color: #000000;\"><span style=\"color: #008000;\"><strong>Oberleitungmasten = 186<\/strong><\/span><br \/><\/span><\/p>\n<p><span style=\"color: #000000;\">Es sind 166 Fahrleitungsmasten (128 Bahn \/ 38 TRAM) und 8 Spezialmasten aufgestellt. Weiterhin gibt es 16 Turmmasten f\u00fcr die Quertragewerke.<\/span><\/p>\n<p>[\/et_pb_text][\/et_pb_column][\/et_pb_row][et_pb_row column_structure=&#8220;1_3,1_3,1_3&#8243; _builder_version=&#8220;4.16&#8243; max_width=&#8220;950px&#8220; global_colors_info=&#8220;{}&#8220;][et_pb_column type=&#8220;1_3&#8243; _builder_version=&#8220;4.16&#8243; global_colors_info=&#8220;{}&#8220;][et_pb_text _builder_version=&#8220;4.27.5&#8243; global_colors_info=&#8220;{}&#8220;]<\/p>\n<p><span style=\"color: #000000;\"><strong><span style=\"color: #008000;\">B\u00e4ume und Str\u00e4ucher = 213<\/span><br \/><\/strong><\/span><\/p>\n<p><span style=\"color: #000000;\">Auf der Anlage sind 209 B\u00e4ume und Str\u00e4ucher gepflanzt.<\/span><\/p>\n<p>[\/et_pb_text][\/et_pb_column][et_pb_column type=&#8220;1_3&#8243; _builder_version=&#8220;4.16&#8243; global_colors_info=&#8220;{}&#8220;][et_pb_text _builder_version=&#8220;4.27.5&#8243; global_colors_info=&#8220;{}&#8220;]<\/p>\n<p><strong><span style=\"color: #000000;\"><span style=\"color: #008000;\">Boote = 7<\/span><br \/><\/span><\/strong><\/p>\n<p><span style=\"color: #000000;\">Auf den Seen und Fl\u00fcssen sind 6 Kajaks und 1 Schlauchboot unterwegs.<\/span><\/p>\n<p>[\/et_pb_text][\/et_pb_column][et_pb_column type=&#8220;1_3&#8243; _builder_version=&#8220;4.16&#8243; global_colors_info=&#8220;{}&#8220;][et_pb_text _builder_version=&#8220;4.19.4&#8243; global_colors_info=&#8220;{}&#8220;]<\/p>\n<p><span style=\"color: #008000;\"><strong>Menschen mit Taschenlampe = 4<\/strong><\/span><\/p>\n<p><span style=\"color: #000000;\">Vier Menschen mit einer Taschenlampe (beleuchtet) sind vorhanden.<\/span><\/p>\n<p>[\/et_pb_text][\/et_pb_column][\/et_pb_row][et_pb_row column_structure=&#8220;1_3,1_3,1_3&#8243; _builder_version=&#8220;4.16&#8243; _module_preset=&#8220;default&#8220; global_colors_info=&#8220;{}&#8220;][et_pb_column type=&#8220;1_3&#8243; _builder_version=&#8220;4.16&#8243; _module_preset=&#8220;default&#8220; global_colors_info=&#8220;{}&#8220;][et_pb_text _builder_version=&#8220;4.27.2&#8243; _module_preset=&#8220;default&#8220; global_colors_info=&#8220;{}&#8220;]<\/p>\n<p><span style=\"color: #008000;\"><strong>Sound- und Ger\u00e4uschemodule = 2<\/strong><\/span><\/p>\n<p><span style=\"color: #000000;\">F\u00fcr den Sound der Einsatzfahrzeuge, der Freilichtb\u00fchne und der Disco im Hotel sind 2 Soundmodule im Einsatz.<\/span><\/p>\n<p>[\/et_pb_text][\/et_pb_column][et_pb_column type=&#8220;1_3&#8243; _builder_version=&#8220;4.16&#8243; _module_preset=&#8220;default&#8220; global_colors_info=&#8220;{}&#8220;][et_pb_text _builder_version=&#8220;4.27.5&#8243; _module_preset=&#8220;default&#8220; global_colors_info=&#8220;{}&#8220;]<\/p>\n<p><span style=\"color: #008000;\"><strong>Einwohner in Geb\u00e4uden = 81<\/strong><\/span><\/p>\n<p><span style=\"color: #000000;\">In Geb\u00e4uden und Stellwerken sind 81 Einwohner so verbaut, da\u00df diese auch sichtbar sind.<\/span><\/p>\n<p>[\/et_pb_text][\/et_pb_column][et_pb_column type=&#8220;1_3&#8243; _builder_version=&#8220;4.16&#8243; _module_preset=&#8220;default&#8220; global_colors_info=&#8220;{}&#8220;][et_pb_text _builder_version=&#8220;4.27.2&#8243; _module_preset=&#8220;default&#8220; global_colors_info=&#8220;{}&#8220;]<\/p>\n<p><span style=\"color: #008000;\"><strong>Fotomodelle = 4<\/strong><\/span><\/p>\n<p><span style=\"color: #000000;\">F\u00fcr Fotoaufnahmen sind 4 Loks mit LED-Scheinwerfer im Einsatz (1 Dampflok, 2 Dieselloks, 1 Elektrolok) <\/span><\/p>\n<p>[\/et_pb_text][\/et_pb_column][\/et_pb_row][et_pb_row column_structure=&#8220;1_3,1_3,1_3&#8243; _builder_version=&#8220;4.27.5&#8243; _module_preset=&#8220;default&#8220; global_colors_info=&#8220;{}&#8220;][et_pb_column type=&#8220;1_3&#8243; _builder_version=&#8220;4.27.5&#8243; _module_preset=&#8220;default&#8220; global_colors_info=&#8220;{}&#8220;][et_pb_text _builder_version=&#8220;4.27.5&#8243; _module_preset=&#8220;default&#8220; hover_enabled=&#8220;0&#8243; global_colors_info=&#8220;{}&#8220; sticky_enabled=&#8220;0&#8243;]<\/p>\n<p><span style=\"color: #008000;\"><strong>Einsatz von Uhren = 2<\/strong><\/span><\/p>\n<p><span style=\"color: #000000;\">Es ist 2 beleuchtete Uhr im Einsatz. Diese werden mit je einer Gl\u00fchlampe und einer LED beleuchtet.<\/span><\/p>\n<p>[\/et_pb_text][\/et_pb_column][et_pb_column type=&#8220;1_3&#8243; _builder_version=&#8220;4.27.5&#8243; _module_preset=&#8220;default&#8220; global_colors_info=&#8220;{}&#8220;][\/et_pb_column][et_pb_column type=&#8220;1_3&#8243; _builder_version=&#8220;4.27.5&#8243; _module_preset=&#8220;default&#8220; global_colors_info=&#8220;{}&#8220;][\/et_pb_column][\/et_pb_row][\/et_pb_section]<\/p>\n","protected":false},"excerpt":{"rendered":"<p>Taktisch technische Daten Das Thema der Anlage im Ma\u00dfstab 1:160 ist eine eingleisige elektrifizierte Hauptstrecke mit zwei abzweigenden eingleisigen nichtelektrifizierten Nebenstrecken. Die dargestellte Epoche ist die Epoche IV der Deutsche Reichsbahn (1980-1982) der fr\u00fcheren DDR. Es sind Modelle der Traktionsarten Diesel und Elektro im Einsatz. Die Modelleisenbahnanlage ist auf 16 mm starken M\u00f6belplatten aufgebaut, das [&hellip;]<\/p>\n","protected":false},"author":1,"featured_media":0,"parent":0,"menu_order":0,"comment_status":"closed","ping_status":"closed","template":"","meta":{"_et_pb_use_builder":"on","_et_pb_old_content":"","_et_gb_content_width":"","footnotes":""},"class_list":["post-767","page","type-page","status-publish","hentry"],"_links":{"self":[{"href":"https:\/\/teico44.com\/index.php?rest_route=\/wp\/v2\/pages\/767","targetHints":{"allow":["GET"]}}],"collection":[{"href":"https:\/\/teico44.com\/index.php?rest_route=\/wp\/v2\/pages"}],"about":[{"href":"https:\/\/teico44.com\/index.php?rest_route=\/wp\/v2\/types\/page"}],"author":[{"embeddable":true,"href":"https:\/\/teico44.com\/index.php?rest_route=\/wp\/v2\/users\/1"}],"replies":[{"embeddable":true,"href":"https:\/\/teico44.com\/index.php?rest_route=%2Fwp%2Fv2%2Fcomments&post=767"}],"version-history":[{"count":132,"href":"https:\/\/teico44.com\/index.php?rest_route=\/wp\/v2\/pages\/767\/revisions"}],"predecessor-version":[{"id":6393,"href":"https:\/\/teico44.com\/index.php?rest_route=\/wp\/v2\/pages\/767\/revisions\/6393"}],"wp:attachment":[{"href":"https:\/\/teico44.com\/index.php?rest_route=%2Fwp%2Fv2%2Fmedia&parent=767"}],"curies":[{"name":"wp","href":"https:\/\/api.w.org\/{rel}","templated":true}]}}