{"id":618,"date":"2020-02-18T21:25:13","date_gmt":"2020-02-18T21:25:13","guid":{"rendered":"https:\/\/teico44.com\/?page_id=618"},"modified":"2026-01-03T08:23:57","modified_gmt":"2026-01-03T08:23:57","slug":"fahrplan","status":"publish","type":"page","link":"https:\/\/teico44.com\/?page_id=618","title":{"rendered":"Fahrplan"},"content":{"rendered":"<p>[et_pb_section fb_built=&#8220;1&#8243; _builder_version=&#8220;4.16&#8243; global_colors_info=&#8220;{}&#8220;][et_pb_row _builder_version=&#8220;4.16&#8243; max_width=&#8220;950px&#8220; global_colors_info=&#8220;{}&#8220;][et_pb_column type=&#8220;4_4&#8243; _builder_version=&#8220;4.16&#8243; global_colors_info=&#8220;{}&#8220;][et_pb_text _builder_version=&#8220;4.27.4&#8243; global_colors_info=&#8220;{}&#8220;]<\/p>\n<h1><span style=\"color: #000000;\"><strong>Fahrplanerstellung<\/strong><\/span><\/h1>\n<p><span style=\"color: #000000;\"><strong><\/strong><\/span><\/p>\n<p><span style=\"color: #000000;\"><strong><\/strong><\/span><\/p>\n<p><span style=\"color: #000000;\">Mein Wunsch ist es auf der Anlage nach einem Fahrplan zu fahren. In den Vorbereitungen dazu habe ich festgestellt, das es ein sehr komplexes Thema ist. Geplant sind mehrere Fahrpl\u00e4ne mit unterschiedlichen Z\u00fcgen und Szenarien. Die Fahrpl\u00e4ne sind so gestaltet, das nach der Durchf\u00fchrung die Loks, Z\u00fcge und Triebwagen wieder auf dem gleichen Ausgangspunkt wie am Anfang stehen.<\/span><\/p>\n<p><span style=\"color: #000000;\">\u00a0<\/span><\/p>\n<h5><span style=\"color: #000000;\"><strong>Festlegungen der Strecken<\/strong><\/span><\/h5>\n<p><span style=\"color: #000000;\"><strong><\/strong><\/span><\/p>\n<p class=\"wb-stl-subtitle\"><span style=\"color: #000000;\">Hier sind die Verbindungen der Personenz\u00fcge, G\u00fcterz\u00fcge und der Triebwagen dargestellt. Die Bahnh\u00f6fe und Haltepunkte sind mit Bahnhofsnamen hinterlegt, diese werden f\u00fcr die Lautsprecheransagen auf den Bahnsteigen verwendet. Weiterhin sind die Rangierbewegungen dargestellt. Die beiden G\u00fcterz\u00fcge verkehren wechselseitig und werden im Bahnhof Falkenau auf dem Gleis 4 abgestellt. Der jeweilige Zug wird getrennt und die einzelnen Wagen werden dann mit Rangierlokomotiven zu den jeweiligen G\u00fcterstationen zugestellt.<br \/><\/span><\/p>\n<p class=\"wb-stl-subtitle\"><span style=\"color: #000000;\"><\/span><\/p>\n<h5><span style=\"color: #000000;\"><strong>Hinweise<\/strong><\/span><\/h5>\n<p><span style=\"color: #000000;\"><strong><\/strong><\/span><\/p>\n<p><span style=\"color: #000000;\"><strong><\/strong><\/span><\/p>\n<ul>\n<li><span style=\"color: #000000;\">wei\u00df hinterlegt\u00a0 \u00a0 \u00a0 Hauptbahnhof Falkenau und G\u00fcterstationen auf dem Modul Hauptanlage<\/span><\/li>\n<li><span style=\"color: #000000;\">gelb hinterlegt\u00a0\u00a0\u00a0\u00a0\u00a0\u00a0 Haltepunkte auf dem Modul Hauptanlage<\/span><\/li>\n<li><span style=\"color: #000000;\">blau hinterlegt\u00a0\u00a0\u00a0\u00a0\u00a0\u00a0 Haltepunkte auf dem Modul Regalanlage<\/span><\/li>\n<li><span style=\"color: #000000;\">orange hinterlegt\u00a0\u00a0 Haltepunkt auf dem Modul Abstellgruppe<\/span><\/li>\n<li><span style=\"color: #000000;\">gr\u00fcn hinterlegt\u00a0 \u00a0 \u00a0 \u00a0G\u00fcterstation auf dem Modul Schrankwand<br \/><\/span><\/li>\n<\/ul>\n<p>[\/et_pb_text][\/et_pb_column][\/et_pb_row][et_pb_row _builder_version=&#8220;4.16&#8243; max_width=&#8220;950px&#8220; global_colors_info=&#8220;{}&#8220;][et_pb_column type=&#8220;4_4&#8243; _builder_version=&#8220;4.16&#8243; global_colors_info=&#8220;{}&#8220;][et_pb_image src=&#8220;https:\/\/teico44.com\/wp-content\/uploads\/2026\/01\/Fahrplan-Strecken-01-2026-01-02.jpg&#8220; title_text=&#8220;Fahrplan Strecken-01 2026-01-02&#8243; _builder_version=&#8220;4.27.5&#8243; global_colors_info=&#8220;{}&#8220;][\/et_pb_image][\/et_pb_column][\/et_pb_row][et_pb_row _builder_version=&#8220;4.16&#8243; _module_preset=&#8220;default&#8220; global_colors_info=&#8220;{}&#8220;][et_pb_column type=&#8220;4_4&#8243; _builder_version=&#8220;4.16&#8243; _module_preset=&#8220;default&#8220; global_colors_info=&#8220;{}&#8220;][et_pb_image src=&#8220;https:\/\/teico44.com\/wp-content\/uploads\/2026\/01\/Fahrplan-Strecken-02-2026-01-02.jpg&#8220; title_text=&#8220;Fahrplan Strecken-02 2026-01-02&#8243; _builder_version=&#8220;4.27.5&#8243; _module_preset=&#8220;default&#8220; global_colors_info=&#8220;{}&#8220;][\/et_pb_image][\/et_pb_column][\/et_pb_row][et_pb_row _builder_version=&#8220;4.16&#8243; max_width=&#8220;950px&#8220; global_colors_info=&#8220;{}&#8220;][et_pb_column type=&#8220;4_4&#8243; _builder_version=&#8220;4.16&#8243; global_colors_info=&#8220;{}&#8220;][et_pb_text _builder_version=&#8220;4.27.5&#8243; global_colors_info=&#8220;{}&#8220;]<\/p>\n<h5><span style=\"color: #000000;\"><strong>Festlegungen der geplanten Z\u00fcge auf den Strecken<\/strong><\/span><\/h5>\n<p><span style=\"color: #000000;\"><strong><\/strong><\/span><\/p>\n<p><span style=\"color: #000000;\">Hier sind die geplanten Z\u00fcge mit Lokomtiven und Triebwagen aufgelistet, die auf den oben genannten Strecken eingesetzt werden. Die Personenz\u00fcge MEW, IZZ, SSE und die G\u00fcterz\u00fcge GZ1, GZ2 sind st\u00e4ndig mit einer Lokomotive bespannt. <\/span><span style=\"color: #000000;\">F\u00fcr die Z\u00fcge MEW, IZZ, GZ1 und GZ2 ist ein Lokwechsel im Bahnhof Falkenau vorgesehen. Die anderen Z\u00fcge stehen in der Abstellgruppe oder in der Vitrine und m\u00fcssen f\u00fcr den Einsatz erst bereitgestellt werden.<\/span><\/p>\n<p>[\/et_pb_text][\/et_pb_column][\/et_pb_row][et_pb_row _builder_version=&#8220;4.16&#8243; max_width=&#8220;950px&#8220; global_colors_info=&#8220;{}&#8220;][et_pb_column type=&#8220;4_4&#8243; _builder_version=&#8220;4.16&#8243; global_colors_info=&#8220;{}&#8220;][et_pb_image src=&#8220;https:\/\/teico44.com\/wp-content\/uploads\/2026\/01\/Fahrplan-Zuege-2026-01-02.jpg&#8220; title_text=&#8220;Fahrplan Z\u00fcge 2026-01-02&#8243; _builder_version=&#8220;4.27.5&#8243; global_colors_info=&#8220;{}&#8220;][\/et_pb_image][\/et_pb_column][\/et_pb_row][et_pb_row _builder_version=&#8220;4.16&#8243; _module_preset=&#8220;default&#8220; global_colors_info=&#8220;{}&#8220;][et_pb_column type=&#8220;4_4&#8243; _builder_version=&#8220;4.16&#8243; _module_preset=&#8220;default&#8220; global_colors_info=&#8220;{}&#8220;][et_pb_text _builder_version=&#8220;4.16&#8243; _module_preset=&#8220;default&#8220; global_colors_info=&#8220;{}&#8220;]<\/p>\n<h5><span style=\"color: #000000;\"><strong>Zugbildungen<\/strong><\/span><\/h5>\n<p><span style=\"color: #000000;\"><strong><\/strong><\/span><\/p>\n<p><span style=\"color: #000000;\">Hier sind Zugbildungen aufgelistet und mit Bildern versehen. <\/span><\/p>\n<p><span style=\"color: #0000ff;\">Bitte klicken Sie das Bild an, dann wird es vergr\u00f6\u00dfert. Zum Schlie\u00dfen bitte das X rechts oben anklicken.<\/span><\/p>\n<p>[\/et_pb_text][\/et_pb_column][\/et_pb_row][et_pb_row _builder_version=&#8220;4.27.4&#8243; _module_preset=&#8220;default&#8220; global_colors_info=&#8220;{}&#8220;][et_pb_column type=&#8220;4_4&#8243; _builder_version=&#8220;4.27.4&#8243; _module_preset=&#8220;default&#8220; global_colors_info=&#8220;{}&#8220;][et_pb_gallery gallery_ids=&#8220;6286,6287,6288,6289&#8243; _builder_version=&#8220;4.27.5&#8243; _module_preset=&#8220;default&#8220; title_level=&#8220;h6&#8243; global_colors_info=&#8220;{}&#8220;][\/et_pb_gallery][\/et_pb_column][\/et_pb_row][et_pb_row _builder_version=&#8220;4.16&#8243; max_width=&#8220;950px&#8220; global_colors_info=&#8220;{}&#8220;][et_pb_column type=&#8220;4_4&#8243; _builder_version=&#8220;4.16&#8243; global_colors_info=&#8220;{}&#8220;][et_pb_text _builder_version=&#8220;4.27.4&#8243; global_colors_info=&#8220;{}&#8220;]<\/p>\n<h5><span style=\"color: #000000;\"><strong>Gleispl\u00e4ne<\/strong><\/span><\/h5>\n<p><span style=\"color: #000000;\"><strong><\/strong><\/span><\/p>\n<p><span style=\"color: #000000;\">Hier sind die modifizierten Gleispl\u00e4ne mit allen wichtigen Angaben hinterlegt (Gleisnummer, Bahnsteignummer usw.). <\/span><\/p>\n<p><span style=\"color: #000000;\"><span style=\"color: #0000ff;\">Bitte klicken Sie das Bild an, dann wird es vergr\u00f6\u00dfert. Zum Schlie\u00dfen bitte das X rechts oben anklicken.<\/span><br \/><\/span><\/p>\n<p>[\/et_pb_text][\/et_pb_column][\/et_pb_row][et_pb_row _builder_version=&#8220;4.16&#8243; max_width=&#8220;950px&#8220; global_colors_info=&#8220;{}&#8220;][et_pb_column type=&#8220;4_4&#8243; _builder_version=&#8220;4.16&#8243; global_colors_info=&#8220;{}&#8220;][et_pb_gallery gallery_ids=&#8220;4431,4432,5292&#8243; _builder_version=&#8220;4.27.4&#8243; title_level=&#8220;h6&#8243; title_font_size=&#8220;14px&#8220; global_colors_info=&#8220;{}&#8220;][\/et_pb_gallery][\/et_pb_column][\/et_pb_row][et_pb_row _builder_version=&#8220;4.16&#8243; max_width=&#8220;950px&#8220; global_colors_info=&#8220;{}&#8220;][et_pb_column type=&#8220;4_4&#8243; _builder_version=&#8220;4.16&#8243; global_colors_info=&#8220;{}&#8220;][et_pb_text _builder_version=&#8220;4.27.4&#8243; global_colors_info=&#8220;{}&#8220;]<\/p>\n<h5 class=\"wb-stl-heading2\"><span style=\"color: #000000;\"><strong>Aufstellung der Z\u00fcge, Loks und Triebwagenz\u00fcge<\/strong><\/span><\/h5>\n<p><span style=\"color: #000000;\"><strong><\/strong><\/span><\/p>\n<p class=\"wb-stl-subtitle\"><span style=\"color: #000000;\">Alle Loks, Z\u00fcge und Triebwagenz\u00fcge haben einem definierten Startpunkt auf der Anlage. Wenn der entsprechende Fahrplan &#8222;abgearbeitet&#8220; ist, stehen alle Modelle wieder an Ihrem Startpunkt. Dann kann der n\u00e4chste Fahrplan begonnen werden. <\/span><\/p>\n<p><span style=\"color: #0000ff;\">Bitte klicken Sie das Bild an, dann wird es vergr\u00f6\u00dfert. Zum Schlie\u00dfen bitte das X rechts oben dr\u00fccken.<\/span><\/p>\n<p>[\/et_pb_text][\/et_pb_column][\/et_pb_row][et_pb_row _builder_version=&#8220;4.16&#8243; max_width=&#8220;950px&#8220; global_colors_info=&#8220;{}&#8220;][et_pb_column type=&#8220;4_4&#8243; _builder_version=&#8220;4.16&#8243; global_colors_info=&#8220;{}&#8220;][et_pb_gallery gallery_ids=&#8220;6291,6292,6293,6294&#8243; _builder_version=&#8220;4.27.5&#8243; title_level=&#8220;h6&#8243; title_font_size=&#8220;14px&#8220; hover_enabled=&#8220;0&#8243; global_colors_info=&#8220;{}&#8220; sticky_enabled=&#8220;0&#8243;][\/et_pb_gallery][\/et_pb_column][\/et_pb_row][et_pb_row _builder_version=&#8220;4.16&#8243; max_width=&#8220;950px&#8220; global_colors_info=&#8220;{}&#8220;][et_pb_column type=&#8220;4_4&#8243; _builder_version=&#8220;4.16&#8243; global_colors_info=&#8220;{}&#8220;][et_pb_text _builder_version=&#8220;4.27.5&#8243; hover_enabled=&#8220;0&#8243; global_colors_info=&#8220;{}&#8220; sticky_enabled=&#8220;0&#8243;]<\/p>\n<h5><span style=\"color: #000000;\"><strong>Erstellte Fahrpl\u00e4ne<\/strong><\/span><\/h5>\n<p><span style=\"color: #000000;\"><strong><\/strong><\/span><\/p>\n<p><span style=\"color: #000000;\">Hier sind die entwickelten Fahrpl\u00e4ne abgespeichert.<\/span><\/p>\n<p>[\/et_pb_text][\/et_pb_column][\/et_pb_row][et_pb_row _builder_version=&#8220;4.27.5&#8243; _module_preset=&#8220;default&#8220;][et_pb_column _builder_version=&#8220;4.27.5&#8243; _module_preset=&#8220;default&#8220; type=&#8220;4_4&#8243;][et_pb_image src=&#8220;https:\/\/teico44.com\/wp-content\/uploads\/2023\/03\/Fahrplan-Hinweise-2023-03-10.jpg&#8220; _builder_version=&#8220;4.27.5&#8243; _module_preset=&#8220;default&#8220; title_text=&#8220;Hinweise zum Fahrplan&#8220; hover_enabled=&#8220;0&#8243; sticky_enabled=&#8220;0&#8243;][\/et_pb_image][\/et_pb_column][\/et_pb_row][et_pb_row _builder_version=&#8220;4.27.5&#8243; _module_preset=&#8220;default&#8220;][et_pb_column _builder_version=&#8220;4.27.5&#8243; _module_preset=&#8220;default&#8220; type=&#8220;4_4&#8243;][et_pb_text _builder_version=&#8220;4.27.5&#8243; _module_preset=&#8220;default&#8220; hover_enabled=&#8220;0&#8243; sticky_enabled=&#8220;0&#8243;]<\/p>\n<p><span style=\"color: #000000;\"><span style=\"color: #0000ff;\">Bitte dr\u00fccken Sie auf das jeweilige Tabellenbild, dann \u00f6ffnet sich eine PDF-Datei. Zum Zur\u00fcckkehren auf diese Seite dr\u00fccken Sie bitte in der PDF-Ansicht links oben den Pfeil nach links.<\/span><\/span><\/p>\n<p>[\/et_pb_text][\/et_pb_column][\/et_pb_row][et_pb_row _builder_version=&#8220;4.20.2&#8243; _module_preset=&#8220;default&#8220; global_colors_info=&#8220;{}&#8220;][et_pb_column type=&#8220;4_4&#8243; _builder_version=&#8220;4.20.2&#8243; _module_preset=&#8220;default&#8220; global_colors_info=&#8220;{}&#8220;][et_pb_image src=&#8220;https:\/\/teico44.com\/wp-content\/uploads\/2025\/06\/Fahrplanspiel-01-2025-06-28.jpg&#8220; title_text=&#8220;Fahrplanspiel-01 2025-06-28&#8243; url=&#8220;https:\/\/teico44.com\/wp-content\/uploads\/2025\/06\/Fahrplan-01-2025-06-28.pdf&#8220; _builder_version=&#8220;4.27.4&#8243; _module_preset=&#8220;default&#8220; global_colors_info=&#8220;{}&#8220;][\/et_pb_image][\/et_pb_column][\/et_pb_row][et_pb_row _builder_version=&#8220;4.20.2&#8243; _module_preset=&#8220;default&#8220; global_colors_info=&#8220;{}&#8220;][et_pb_column type=&#8220;4_4&#8243; _builder_version=&#8220;4.20.2&#8243; _module_preset=&#8220;default&#8220; global_colors_info=&#8220;{}&#8220;][et_pb_image src=&#8220;https:\/\/teico44.com\/wp-content\/uploads\/2025\/06\/Fahrplanspiel-02-2025-06-28.jpg&#8220; title_text=&#8220;Fahrplanspiel-02 2025-06-28&#8243; url=&#8220;https:\/\/teico44.com\/wp-content\/uploads\/2025\/06\/Fahrplan-02-2025-06-28.pdf&#8220; _builder_version=&#8220;4.27.4&#8243; _module_preset=&#8220;default&#8220; global_colors_info=&#8220;{}&#8220;][\/et_pb_image][\/et_pb_column][\/et_pb_row][et_pb_row _builder_version=&#8220;4.27.4&#8243; _module_preset=&#8220;default&#8220; global_colors_info=&#8220;{}&#8220;][et_pb_column type=&#8220;4_4&#8243; _builder_version=&#8220;4.27.4&#8243; _module_preset=&#8220;default&#8220; global_colors_info=&#8220;{}&#8220;][et_pb_image src=&#8220;https:\/\/teico44.com\/wp-content\/uploads\/2025\/06\/Fahrplanspiel-03-2025-06-29.jpg&#8220; title_text=&#8220;Fahrplanspiel-03 2025-06-29&#8243; url=&#8220;https:\/\/teico44.com\/wp-content\/uploads\/2025\/06\/Fahrplan-03-2025-06-29.pdf&#8220; _builder_version=&#8220;4.27.4&#8243; _module_preset=&#8220;default&#8220; global_colors_info=&#8220;{}&#8220;][\/et_pb_image][\/et_pb_column][\/et_pb_row][\/et_pb_section]<\/p>\n","protected":false},"excerpt":{"rendered":"<p>Fahrplanerstellung Mein Wunsch ist es auf der Anlage nach einem Fahrplan zu fahren. In den Vorbereitungen dazu habe ich festgestellt, das es ein sehr komplexes Thema ist. Geplant sind mehrere Fahrpl\u00e4ne mit unterschiedlichen Z\u00fcgen und Szenarien. Die Fahrpl\u00e4ne sind so gestaltet, das nach der Durchf\u00fchrung die Loks, Z\u00fcge und Triebwagen wieder auf dem gleichen Ausgangspunkt [&hellip;]<\/p>\n","protected":false},"author":1,"featured_media":0,"parent":0,"menu_order":0,"comment_status":"closed","ping_status":"closed","template":"","meta":{"_et_pb_use_builder":"on","_et_pb_old_content":"","_et_gb_content_width":"","footnotes":""},"class_list":["post-618","page","type-page","status-publish","hentry"],"_links":{"self":[{"href":"https:\/\/teico44.com\/index.php?rest_route=\/wp\/v2\/pages\/618","targetHints":{"allow":["GET"]}}],"collection":[{"href":"https:\/\/teico44.com\/index.php?rest_route=\/wp\/v2\/pages"}],"about":[{"href":"https:\/\/teico44.com\/index.php?rest_route=\/wp\/v2\/types\/page"}],"author":[{"embeddable":true,"href":"https:\/\/teico44.com\/index.php?rest_route=\/wp\/v2\/users\/1"}],"replies":[{"embeddable":true,"href":"https:\/\/teico44.com\/index.php?rest_route=%2Fwp%2Fv2%2Fcomments&post=618"}],"version-history":[{"count":144,"href":"https:\/\/teico44.com\/index.php?rest_route=\/wp\/v2\/pages\/618\/revisions"}],"predecessor-version":[{"id":6296,"href":"https:\/\/teico44.com\/index.php?rest_route=\/wp\/v2\/pages\/618\/revisions\/6296"}],"wp:attachment":[{"href":"https:\/\/teico44.com\/index.php?rest_route=%2Fwp%2Fv2%2Fmedia&parent=618"}],"curies":[{"name":"wp","href":"https:\/\/api.w.org\/{rel}","templated":true}]}}