{"id":580,"date":"2020-02-18T12:52:07","date_gmt":"2020-02-18T12:52:07","guid":{"rendered":"https:\/\/teico44.com\/?page_id=580"},"modified":"2023-05-13T04:47:10","modified_gmt":"2023-05-13T04:47:10","slug":"erklaerungen","status":"publish","type":"page","link":"https:\/\/teico44.com\/?page_id=580","title":{"rendered":"Begriffe"},"content":{"rendered":"<p>[et_pb_section fb_built=&#8220;1&#8243; _builder_version=&#8220;4.16&#8243; global_colors_info=&#8220;{}&#8220;][et_pb_row _builder_version=&#8220;4.16&#8243; global_colors_info=&#8220;{}&#8220;][et_pb_column type=&#8220;4_4&#8243; _builder_version=&#8220;4.16&#8243; global_colors_info=&#8220;{}&#8220;][et_pb_text _builder_version=&#8220;4.21.0&#8243; hover_enabled=&#8220;0&#8243; global_colors_info=&#8220;{}&#8220; sticky_enabled=&#8220;0&#8243;]<\/p>\n<h1><span style=\"color: #000000;\"><strong>Kurze Begriffskunde<br \/><\/strong><\/span><\/h1>\n<p><span style=\"color: #000000;\"><\/span><\/p>\n<p><span style=\"color: #000000;\"><\/span><\/p>\n<p><span style=\"color: #000000;\">Hier versuche ich die verwendeten Begriffe aus der Synthesizer-Technik einfach zu erkl\u00e4ren. <\/span><\/p>\n<p><span style=\"color: #000000;\"><\/span><\/p>\n<ul>\n<li><span style=\"color: #000000;\">Ein Synthesizer ist ein Musikinstrument, das auf elektronischer Basis T\u00f6ne erzeugt.<\/span><\/li>\n<li><span style=\"color: #000000;\">Eine Drum-Maschine ist ein Musikinstrument, das auf elektronischem Basis Perkussions T\u00f6ne erzeugt (heute Drum-Comuter).<\/span><\/li>\n<li><span style=\"color: #000000;\">Ein Sequenzer steuert eine eingegebene Tonfolge auf dem Synthesizer, die sich dann st\u00e4ndig wiederholen (Pattern).<\/span><\/li>\n<li><span style=\"color: #000000;\">Ein Arpeggiator steuert einen eingegeben Ton auf dem Synthesizer, der sich dann st\u00e4ndig wiederholt.<\/span><\/li>\n<li><span style=\"color: #000000;\">Ein VST-Synthesizer ist ein Software-Synthesizer auf dem Computer (Virtual Studio Technology).<\/span><\/li>\n<li><span style=\"color: #000000;\">Ein MIDI-Keyboard ist eine Klaviertastatur ohne eingebauter Klangerzeugung. Man kann mit diesem Keyboard Soundmodule oder Synthesizer \u00fcber die MIDI-Schnittstelle \/ USB-MIDI-Schnittstelle ansteuern und spielen. Zum h\u00e4ndischen Spielen sollte man immer Keyboards mit gro\u00dfen Tasten verwenden.<\/span><\/li>\n<li><span style=\"color: #000000;\">Ein Sequenzer-Keyboard ist ein MIDI-Keyboard mit einem eingebauten Sequenzer und Arpeggiator. Hier k\u00f6nnen Tonfolgen (sogenannte Patter) erstellt werden.<\/span><\/li>\n<li><span style=\"color: #000000;\">Eine Clock-Verbindung ist eine Verbindung zwischen den einzelnen Instrumenten um den Takt aller Ger\u00e4te gleich zu halten bzw. zu synchronisieren. Taktgeber ist meistens eine Drum-Maschine (MasterClock).<\/span><\/li>\n<li><span style=\"color: #000000;\">MIDI (Musical Instrument Digital Interface) ist eine Steuerverbindung zwischen Musikinstrumenten.<\/span><\/li>\n<li><span style=\"color: #000000;\">Ein Vocoder ist ein Ger\u00e4t was die menschliche Sprache (oder Ger\u00e4usche) auf die gespielten T\u00f6ne des Synthesizers aufmoduliert. Hierbei entsteht zum Beispiel der &#8222;Roboter-Sound&#8220;.<\/span><\/li>\n<li><span style=\"color: #000000;\">Ein Substain-Pedal ist ein Fu\u00dfpedal, wo man bestimmte Funktionen zus\u00e4tzlich per Fu\u00df aktivieren kann.<\/span><\/li>\n<\/ul>\n<p>[\/et_pb_text][\/et_pb_column][\/et_pb_row][\/et_pb_section]<\/p>\n","protected":false},"excerpt":{"rendered":"<p>Kurze Begriffskunde Hier versuche ich die verwendeten Begriffe aus der Synthesizer-Technik einfach zu erkl\u00e4ren. Ein Synthesizer ist ein Musikinstrument, das auf elektronischer Basis T\u00f6ne erzeugt. Eine Drum-Maschine ist ein Musikinstrument, das auf elektronischem Basis Perkussions T\u00f6ne erzeugt (heute Drum-Comuter). Ein Sequenzer steuert eine eingegebene Tonfolge auf dem Synthesizer, die sich dann st\u00e4ndig wiederholen (Pattern). Ein [&hellip;]<\/p>\n","protected":false},"author":1,"featured_media":0,"parent":0,"menu_order":0,"comment_status":"closed","ping_status":"closed","template":"","meta":{"_et_pb_use_builder":"on","_et_pb_old_content":"","_et_gb_content_width":"","footnotes":""},"class_list":["post-580","page","type-page","status-publish","hentry"],"_links":{"self":[{"href":"https:\/\/teico44.com\/index.php?rest_route=\/wp\/v2\/pages\/580","targetHints":{"allow":["GET"]}}],"collection":[{"href":"https:\/\/teico44.com\/index.php?rest_route=\/wp\/v2\/pages"}],"about":[{"href":"https:\/\/teico44.com\/index.php?rest_route=\/wp\/v2\/types\/page"}],"author":[{"embeddable":true,"href":"https:\/\/teico44.com\/index.php?rest_route=\/wp\/v2\/users\/1"}],"replies":[{"embeddable":true,"href":"https:\/\/teico44.com\/index.php?rest_route=%2Fwp%2Fv2%2Fcomments&post=580"}],"version-history":[{"count":12,"href":"https:\/\/teico44.com\/index.php?rest_route=\/wp\/v2\/pages\/580\/revisions"}],"predecessor-version":[{"id":4486,"href":"https:\/\/teico44.com\/index.php?rest_route=\/wp\/v2\/pages\/580\/revisions\/4486"}],"wp:attachment":[{"href":"https:\/\/teico44.com\/index.php?rest_route=%2Fwp%2Fv2%2Fmedia&parent=580"}],"curies":[{"name":"wp","href":"https:\/\/api.w.org\/{rel}","templated":true}]}}