{"id":574,"date":"2020-02-18T12:42:11","date_gmt":"2020-02-18T12:42:11","guid":{"rendered":"https:\/\/teico44.com\/?page_id=574"},"modified":"2026-01-03T21:47:51","modified_gmt":"2026-01-03T21:47:51","slug":"technik","status":"publish","type":"page","link":"https:\/\/teico44.com\/?page_id=574","title":{"rendered":"Technik"},"content":{"rendered":"<p>[et_pb_section fb_built=&#8220;1&#8243; _builder_version=&#8220;4.16&#8243; global_colors_info=&#8220;{}&#8220;][et_pb_row _builder_version=&#8220;4.16&#8243; max_width=&#8220;950px&#8220; global_colors_info=&#8220;{}&#8220;][et_pb_column type=&#8220;4_4&#8243; _builder_version=&#8220;4.16&#8243; global_colors_info=&#8220;{}&#8220;][et_pb_text _builder_version=&#8220;4.27.4&#8243; global_colors_info=&#8220;{}&#8220;]<\/p>\n<h1><span style=\"color: #000000;\"><strong>Technik im Heimstudio<\/strong><\/span><\/h1>\n<p><span style=\"color: #000000;\"><strong><\/strong><\/span><\/p>\n<p><span style=\"color: #000000;\"><strong><\/strong><\/span><\/p>\n<p><span style=\"color: #000000;\">Hier ist die technische Seite des Heimstudios beschrieben. In der Tabelle ist die eingesetzte Technik aufgeschl\u00fcsselt.<\/span><\/p>\n<p><span style=\"color: #000000;\">Hinweis: Im PC sind noch weitere Synthesizer (VST Software-Synthesizer) vorhanden.<\/span><\/p>\n<p>[\/et_pb_text][\/et_pb_column][\/et_pb_row][et_pb_row _builder_version=&#8220;4.16&#8243; max_width=&#8220;950px&#8220; global_colors_info=&#8220;{}&#8220;][et_pb_column type=&#8220;4_4&#8243; _builder_version=&#8220;4.16&#8243; global_colors_info=&#8220;{}&#8220;][et_pb_image src=&#8220;https:\/\/teico44.com\/wp-content\/uploads\/2026\/01\/Geraete-01-2026-01-04.jpg&#8220; title_text=&#8220;Ger\u00e4te-01 2026-01-04&#8243; _builder_version=&#8220;4.27.5&#8243; hover_enabled=&#8220;0&#8243; global_colors_info=&#8220;{}&#8220; sticky_enabled=&#8220;0&#8243;][\/et_pb_image][\/et_pb_column][\/et_pb_row][et_pb_row _builder_version=&#8220;4.27.4&#8243; _module_preset=&#8220;default&#8220; global_colors_info=&#8220;{}&#8220;][et_pb_column type=&#8220;4_4&#8243; _builder_version=&#8220;4.27.4&#8243; _module_preset=&#8220;default&#8220; global_colors_info=&#8220;{}&#8220;][et_pb_image src=&#8220;https:\/\/teico44.com\/wp-content\/uploads\/2026\/01\/Geraete-02-2026-01-04.jpg&#8220; title_text=&#8220;Ger\u00e4te-02 2026-01-04&#8243; _builder_version=&#8220;4.27.5&#8243; _module_preset=&#8220;default&#8220; hover_enabled=&#8220;0&#8243; global_colors_info=&#8220;{}&#8220; sticky_enabled=&#8220;0&#8243;][\/et_pb_image][\/et_pb_column][\/et_pb_row][et_pb_row _builder_version=&#8220;4.27.5&#8243; _module_preset=&#8220;default&#8220;][et_pb_column _builder_version=&#8220;4.27.5&#8243; _module_preset=&#8220;default&#8220; type=&#8220;4_4&#8243;][et_pb_image src=&#8220;https:\/\/teico44.com\/wp-content\/uploads\/2026\/01\/Geraete-03-2026-01-04.jpg&#8220; _builder_version=&#8220;4.27.5&#8243; _module_preset=&#8220;default&#8220; title_text=&#8220;Ger\u00e4te-03 2026-01-04&#8243; hover_enabled=&#8220;0&#8243; sticky_enabled=&#8220;0&#8243;][\/et_pb_image][\/et_pb_column][\/et_pb_row][et_pb_row _builder_version=&#8220;4.27.5&#8243; _module_preset=&#8220;default&#8220;][et_pb_column _builder_version=&#8220;4.27.5&#8243; _module_preset=&#8220;default&#8220; type=&#8220;4_4&#8243;][et_pb_image src=&#8220;https:\/\/teico44.com\/wp-content\/uploads\/2026\/01\/Geraete-04-2026-01-04.jpg&#8220; _builder_version=&#8220;4.27.5&#8243; _module_preset=&#8220;default&#8220; title_text=&#8220;Ger\u00e4te-04 2026-01-04&#8243; hover_enabled=&#8220;0&#8243; sticky_enabled=&#8220;0&#8243;][\/et_pb_image][\/et_pb_column][\/et_pb_row][et_pb_row _builder_version=&#8220;4.16&#8243; max_width=&#8220;950px&#8220; global_colors_info=&#8220;{}&#8220;][et_pb_column type=&#8220;4_4&#8243; _builder_version=&#8220;4.16&#8243; global_colors_info=&#8220;{}&#8220;][et_pb_text _builder_version=&#8220;4.27.5&#8243; hover_enabled=&#8220;0&#8243; global_colors_info=&#8220;{}&#8220; sticky_enabled=&#8220;0&#8243;]<\/p>\n<p><strong><span style=\"color: #000000;\"><\/span><\/strong><\/p>\n<h5><span style=\"color: #000000;\"><strong>Verschaltung der verschiedenen Ger\u00e4te mittels MIDI-Verbindungen<\/strong><\/span><\/h5>\n<p><span style=\"color: #000000;\"><strong><\/strong><\/span><\/p>\n<p><span style=\"color: #000000;\">Hier ist die Verschaltung der eingesetzten Ger\u00e4te dargestellt. Diese Verbindungen dienen zur Steuerung der Synthesizer bzw. Synthesizer-Module \u00fcber die MIDI-Keyboards per MIDI-DIN. Die Steuerung der VST-Synthesizer erfolgt per MIDI-USB. Die blau hinterlegten MIDI-Keyboards haben 49 Tasten, 37 Tasten bzw. 32 Tasten zum Spielen, die orange hinterlegten MIDI-Keyboards haben 32 Mini-Tasten, einen eingebauten Arpeggiator und einen eingebauten Sequenzer. Die Keyboards KEY-01, KEY-02, KEY-03, KEY-04, KEY-08 und KEY-09 (bei Bedarf) sind f\u00fcr das h\u00e4ndische Spielen vorgesehen. Die Keyboards KEY-05, KEY-06 werden mit dem eingebauten Sequenzer bzw. Arpeggiator betrieben. Das KeyBoard KEY-07 dient zur Steuerung des Voice-Transformators VT-4. Der MicroKorg wird Stand-Alone betrieben. Die K-Bezeichnung ist der eingestellte MIDI-Kanal des jeweiligen Ger\u00e4tes.\u00a0<\/span><\/p>\n<p>[\/et_pb_text][\/et_pb_column][\/et_pb_row][et_pb_row _builder_version=&#8220;4.16&#8243; _module_preset=&#8220;default&#8220; global_colors_info=&#8220;{}&#8220;][et_pb_column type=&#8220;4_4&#8243; _builder_version=&#8220;4.16&#8243; _module_preset=&#8220;default&#8220; global_colors_info=&#8220;{}&#8220;][et_pb_image src=&#8220;https:\/\/teico44.com\/wp-content\/uploads\/2026\/01\/Verschaltung-MIDI-2026-01-04.jpg&#8220; title_text=&#8220;Verschaltung MIDI 2026-01-04&#8243; _builder_version=&#8220;4.27.5&#8243; _module_preset=&#8220;default&#8220; hover_enabled=&#8220;0&#8243; global_colors_info=&#8220;{}&#8220; sticky_enabled=&#8220;0&#8243;][\/et_pb_image][\/et_pb_column][\/et_pb_row][et_pb_row _builder_version=&#8220;4.20.0&#8243; _module_preset=&#8220;default&#8220; global_colors_info=&#8220;{}&#8220;][et_pb_column type=&#8220;4_4&#8243; _builder_version=&#8220;4.20.0&#8243; _module_preset=&#8220;default&#8220; global_colors_info=&#8220;{}&#8220;][et_pb_text _builder_version=&#8220;4.20.0&#8243; _module_preset=&#8220;default&#8220; global_colors_info=&#8220;{}&#8220;]<\/p>\n<h5><span style=\"color: #000000;\"><strong>Verschaltung der verschiedenen Ger\u00e4te (Clock-Verbindungen)<\/strong><\/span><\/h5>\n<p>[\/et_pb_text][\/et_pb_column][\/et_pb_row][et_pb_row _builder_version=&#8220;4.27.0&#8243; _module_preset=&#8220;default&#8220; global_colors_info=&#8220;{}&#8220;][et_pb_column type=&#8220;4_4&#8243; _builder_version=&#8220;4.27.0&#8243; _module_preset=&#8220;default&#8220; global_colors_info=&#8220;{}&#8220;][et_pb_text _builder_version=&#8220;4.27.4&#8243; _module_preset=&#8220;default&#8220; global_colors_info=&#8220;{}&#8220;]<\/p>\n<p><span style=\"color: #000000;\">Damit alle Ger\u00e4te den gleichen Takt halten gibt es die sogeannten <strong>Clock-Verbindungen<\/strong>. Damit es keine Verz\u00f6gerungen in den MIDI-Ketten gibt (MIDI-Ketten immer so kurz wie m\u00f6glich), ist eine MIDI-THRU Adapter eingebaut (MID-02). Dieser hat einen MIDI-Eingang und verteilt den MIDI-Clock parallel auf die f\u00fcnf MIDI-Ausg\u00e4nge.\u00a0<\/span><\/p>\n<p><span style=\"color: #000000;\">Der Master (der den Takt angibt) ist die Drum-Maschine TR-8S. Die Clock-Signale werden dann per MIDI \u00fcber den MIDI-THRU Adapter parallel an die angeschlossenen Ger\u00e4te \u00fcbertragen.\u00a0<\/span><\/p>\n<p>[\/et_pb_text][\/et_pb_column][\/et_pb_row][et_pb_row _builder_version=&#8220;4.20.0&#8243; _module_preset=&#8220;default&#8220; global_colors_info=&#8220;{}&#8220;][et_pb_column type=&#8220;4_4&#8243; _builder_version=&#8220;4.20.0&#8243; _module_preset=&#8220;default&#8220; global_colors_info=&#8220;{}&#8220;][et_pb_image src=&#8220;https:\/\/teico44.com\/wp-content\/uploads\/2026\/01\/Verschaltung-Clock-2026-01-04.jpg&#8220; title_text=&#8220;Verschaltung Clock 2026-01-04&#8243; _builder_version=&#8220;4.27.5&#8243; _module_preset=&#8220;default&#8220; hover_enabled=&#8220;0&#8243; global_colors_info=&#8220;{}&#8220; sticky_enabled=&#8220;0&#8243;][\/et_pb_image][\/et_pb_column][\/et_pb_row][et_pb_row _builder_version=&#8220;4.20.0&#8243; _module_preset=&#8220;default&#8220; global_colors_info=&#8220;{}&#8220;][et_pb_column type=&#8220;4_4&#8243; _builder_version=&#8220;4.20.0&#8243; _module_preset=&#8220;default&#8220; global_colors_info=&#8220;{}&#8220;][et_pb_text _builder_version=&#8220;4.27.0&#8243; _module_preset=&#8220;default&#8220; global_colors_info=&#8220;{}&#8220;]<\/p>\n<h5><span style=\"color: #000000;\"><strong>Verschaltung der verschiedenen Ger\u00e4te (Steuer-Verbindungen)<\/strong><\/span><\/h5>\n<p>[\/et_pb_text][\/et_pb_column][\/et_pb_row][et_pb_row _builder_version=&#8220;4.27.0&#8243; _module_preset=&#8220;default&#8220; global_colors_info=&#8220;{}&#8220;][et_pb_column type=&#8220;4_4&#8243; _builder_version=&#8220;4.27.0&#8243; _module_preset=&#8220;default&#8220; global_colors_info=&#8220;{}&#8220;][et_pb_text _builder_version=&#8220;4.27.4&#8243; _module_preset=&#8220;default&#8220; global_colors_info=&#8220;{}&#8220;]<\/p>\n<p><span style=\"color: #000000;\">Von der Drum-Maschine DC-01 ist eine Trigger Verbindung zum JX-08 geschalten, die als Sequenzer (im DC-01) aktiviert werden kann.\u00a0<\/span><\/p>\n<p><span style=\"color: #000000;\">An den Keyboard KEY-01 und KEY-04 sind Substain-Pedale angeschlossen. An der Loop Station (LOS-01) sind ebenfalls 2 Substain-Pedale angeschlossen, diese dienen hier aber als Aufnahme-Start und Aufnahme-Stop.<\/span><\/p>\n<p>[\/et_pb_text][\/et_pb_column][\/et_pb_row][et_pb_row _builder_version=&#8220;4.27.0&#8243; _module_preset=&#8220;default&#8220; global_colors_info=&#8220;{}&#8220;][et_pb_column type=&#8220;4_4&#8243; _builder_version=&#8220;4.27.0&#8243; _module_preset=&#8220;default&#8220; global_colors_info=&#8220;{}&#8220;][et_pb_image src=&#8220;https:\/\/teico44.com\/wp-content\/uploads\/2026\/01\/Verschaltung-Steuer-2026-01-04.jpg&#8220; title_text=&#8220;Verschaltung Steuer 2026-01-04&#8243; _builder_version=&#8220;4.27.5&#8243; _module_preset=&#8220;default&#8220; hover_enabled=&#8220;0&#8243; global_colors_info=&#8220;{}&#8220; sticky_enabled=&#8220;0&#8243;][\/et_pb_image][\/et_pb_column][\/et_pb_row][et_pb_row _builder_version=&#8220;4.27.0&#8243; _module_preset=&#8220;default&#8220; global_colors_info=&#8220;{}&#8220;][et_pb_column type=&#8220;4_4&#8243; _builder_version=&#8220;4.27.0&#8243; _module_preset=&#8220;default&#8220; global_colors_info=&#8220;{}&#8220;][et_pb_text _builder_version=&#8220;4.27.0&#8243; _module_preset=&#8220;default&#8220; global_colors_info=&#8220;{}&#8220;]<\/p>\n<h5><span style=\"color: #000000;\"><strong>Verschaltung der verschiedenen Ger\u00e4te (sonstige Verbindungen)<\/strong><\/span><\/h5>\n<p>[\/et_pb_text][\/et_pb_column][\/et_pb_row][et_pb_row _builder_version=&#8220;4.27.0&#8243; _module_preset=&#8220;default&#8220; global_colors_info=&#8220;{}&#8220;][et_pb_column type=&#8220;4_4&#8243; _builder_version=&#8220;4.27.0&#8243; _module_preset=&#8220;default&#8220; global_colors_info=&#8220;{}&#8220;][et_pb_text _builder_version=&#8220;4.27.4&#8243; _module_preset=&#8220;default&#8220; global_colors_info=&#8220;{}&#8220;]<\/p>\n<p><span style=\"color: #000000;\">Auf dem PC sind Editor-Programme f\u00fcr den MicroKorg und dem LM Drum installiert. Hier sind die jeweiligen Einstellungen der Systeme wesentlich besser zu bearbeiten, als auf den Ger\u00e4ten selbst. Ist eine gro\u00dfe Hilfe.\u00a0\u00a0<\/span><\/p>\n<p><span style=\"color: #000000;\">NKP-01 ist ein USB-NumPad, wo ich einige Befehle f\u00fcr das MP3-Recordiung Programm AudaCity programmiert habe. Das USB-NumPad steht in Spielweite der Hardware-Synthesizer.<\/span><\/p>\n<p>[\/et_pb_text][\/et_pb_column][\/et_pb_row][et_pb_row _builder_version=&#8220;4.27.0&#8243; _module_preset=&#8220;default&#8220; global_colors_info=&#8220;{}&#8220;][et_pb_column type=&#8220;4_4&#8243; _builder_version=&#8220;4.27.0&#8243; _module_preset=&#8220;default&#8220; global_colors_info=&#8220;{}&#8220;][et_pb_image src=&#8220;https:\/\/teico44.com\/wp-content\/uploads\/2026\/01\/Verschaltung-Sonstige-2026-01-04.jpg&#8220; title_text=&#8220;Verschaltung Sonstige 2026-01-04&#8243; _builder_version=&#8220;4.27.5&#8243; _module_preset=&#8220;default&#8220; hover_enabled=&#8220;0&#8243; global_colors_info=&#8220;{}&#8220; sticky_enabled=&#8220;0&#8243;][\/et_pb_image][\/et_pb_column][\/et_pb_row][et_pb_row _builder_version=&#8220;4.27.0&#8243; _module_preset=&#8220;default&#8220; global_colors_info=&#8220;{}&#8220;][et_pb_column type=&#8220;4_4&#8243; _builder_version=&#8220;4.27.0&#8243; _module_preset=&#8220;default&#8220; global_colors_info=&#8220;{}&#8220;][et_pb_text _builder_version=&#8220;4.27.0&#8243; _module_preset=&#8220;default&#8220; global_colors_info=&#8220;{}&#8220;]<\/p>\n<h5><span style=\"color: #000000;\"><strong>Verschaltung der verschiedenen Ger\u00e4te (Audio-Verbindungen)<\/strong><\/span><\/h5>\n<p>[\/et_pb_text][\/et_pb_column][\/et_pb_row][et_pb_row _builder_version=&#8220;4.27.0&#8243; _module_preset=&#8220;default&#8220; global_colors_info=&#8220;{}&#8220;][et_pb_column type=&#8220;4_4&#8243; _builder_version=&#8220;4.27.0&#8243; _module_preset=&#8220;default&#8220; global_colors_info=&#8220;{}&#8220;][et_pb_text _builder_version=&#8220;4.27.5&#8243; _module_preset=&#8220;default&#8220; hover_enabled=&#8220;0&#8243; global_colors_info=&#8220;{}&#8220; sticky_enabled=&#8220;0&#8243;]<\/p>\n<p><span style=\"color: #000000;\">Hier ist die Audio-Verschaltung der Ger\u00e4te dargestellt (auszugsweise). Alle eingesetzten Ger\u00e4te sind an 4 Mischpulte (Mono bzw. Stereokan\u00e4le) angeschlossen. Die eingesetzten Mischpulte haben pro Kanal einen H\u00f6hen-Regler, einen Mitten-Regler, einen Bass-Regler, einen Balance-Regler und einen Gain-Regler (Eingangslautst\u00e4rke). Gleichzeitig fungiert das vierte Mischpult noch als Master-Mischpult. Der Kopfh\u00f6rerverst\u00e4rker (KHV-01 hat vier regelbare (Out-R) und einen ungeregelten Ausgang (Out).<\/span><\/p>\n<p><span style=\"color: #000000;\">Einige Synthesizer sind an die LINE-IN Eing\u00e4nge anderer Synthesizer angeschlossen, da f\u00fcr weitere Mischpulte der Platz fehlt. Es funktioniert hier ganz gut und es gibt keine Beeinflussungen untereinander (Brummspannungen u.\u00e4.).\u00a0<\/span><\/p>\n<p><span style=\"color: #000000;\">Der PC ist in der Lage gleichzeitig einen VST-Synthesizer wiederzugeben und das gerade gespielte Musikst\u00fcck (auch die Hardware-Synthesizer) mit AudaCity aufzunehmen (daf\u00fcr kann der ASIO-Treiber f\u00fcr Windows nicht verwendet werden). <\/span><\/p>\n<p><span style=\"color: #000000;\">Der MikroKorg ist direkt an den Input-01 der Loop-Station angeschlossen.\u00a0Der VST-PC, der Drum-Sampler\u00a0 und das E-Drum sind \u00fcber den Umschalter US-03 und an der Loop-Station angeschlossen Input-02). Mit dem Umschalter US-01 kann w\u00e4hlen ob die Audiosignale des VST-PC direkt an das Mischpult oder an die Loop-Station gesendet werden. Der Lautst\u00e4rkeregler (LST-01) ist f\u00fcr die Lautst\u00e4rke des VST-PC im Input-02 der Loop-Station notwendig, da dieser nicht regelbar ist. <\/span><\/p>\n<p><span style=\"color: #000000;\">Das Nacken-Mikrofon (\u00fcber einen Phantom-Adapter) ist an den Umschalter US-02 angeschlossen, hier kann man dann w\u00e4hlen welcher Vocoder (MicroKorg, VC-340, VT-4) benutzt wird. Das zweite Mikrofon ist an die Loop-Station direkt angeschlossen (f\u00fcr Rasseln, Tamborin usw.), das dritte Mikrofon am zweiten Eingang des VT-4 angeschlossen.\u00a0<\/span><\/p>\n<p><span style=\"color: #000000;\">Gearbeitet wird die meiste Zeit unter Kopfh\u00f6rer. Zur Wiedergabe \u00fcber Lautsprecher kommen die Nahfeldmonitore Behringer Truth 3.5 (Variante ohne Bluetooth) zum Einsatz.<\/span><\/p>\n<p>[\/et_pb_text][\/et_pb_column][\/et_pb_row][et_pb_row _builder_version=&#8220;4.27.0&#8243; _module_preset=&#8220;default&#8220; global_colors_info=&#8220;{}&#8220;][et_pb_column type=&#8220;4_4&#8243; _builder_version=&#8220;4.27.0&#8243; _module_preset=&#8220;default&#8220; global_colors_info=&#8220;{}&#8220;][et_pb_image src=&#8220;https:\/\/teico44.com\/wp-content\/uploads\/2026\/01\/Verschaltung-Audio-2026-01-04.jpg&#8220; title_text=&#8220;Verschaltung Audio 2026-01-04&#8243; _builder_version=&#8220;4.27.5&#8243; _module_preset=&#8220;default&#8220; hover_enabled=&#8220;0&#8243; global_colors_info=&#8220;{}&#8220; sticky_enabled=&#8220;0&#8243;][\/et_pb_image][\/et_pb_column][\/et_pb_row][et_pb_row _builder_version=&#8220;4.16&#8243; max_width=&#8220;950px&#8220; global_colors_info=&#8220;{}&#8220;][et_pb_column type=&#8220;4_4&#8243; _builder_version=&#8220;4.16&#8243; global_colors_info=&#8220;{}&#8220;][et_pb_text _builder_version=&#8220;4.27.4&#8243; global_colors_info=&#8220;{}&#8220;]<\/p>\n<h5><span style=\"color: #000000;\"><strong>Verschaltung der verschiedenen Ger\u00e4te (Stromversorgung)<\/strong><\/span><\/h5>\n<p><span style=\"color: #000000;\"><strong><\/strong><\/span><\/p>\n<p><span style=\"color: #000000;\">Hier ist die Verschaltung der Stromversorgung der einzelnen Ger\u00e4te dargestellt (auszugsweise). Es gibt 3 Einspeisepunkte f\u00fcr die Ger\u00e4te (KeyRack, Computertisch 1, Computertisch 2). Die Kabel sollten so gut wie unsichtbar sein und eine Beeinflussung der Netzteile untereinander sollte vermieden werden.<\/span><\/p>\n<p><span style=\"color: #000000;\"><\/span><\/p>\n<ul>\n<li><span style=\"color: #000000;\">VL\u00a0\u00a0\u00a0\u00a0\u00a0 Verl\u00e4ngerungsleitung<\/span><\/li>\n<li><span style=\"color: #000000;\">SV\u00a0\u00a0\u00a0\u00a0 Stromverteiler (mehrere Gr\u00f6\u00dfen)<br \/><\/span><\/li>\n<li><span style=\"color: #000000;\">PM\u00a0\u00a0\u00a0\u00a0 Powermanger (Ger\u00e4t mit jeweils 7 einzelnen Schaltern)<\/span><\/li>\n<li><span style=\"color: #000000;\">STS\u00a0 \u00a0Stromverteiler mit einzeln schaltbaren Steckdosen<\/span><\/li>\n<\/ul>\n<p>[\/et_pb_text][\/et_pb_column][\/et_pb_row][et_pb_row _builder_version=&#8220;4.16&#8243; max_width=&#8220;950px&#8220; global_colors_info=&#8220;{}&#8220;][et_pb_column type=&#8220;4_4&#8243; _builder_version=&#8220;4.16&#8243; global_colors_info=&#8220;{}&#8220;][et_pb_image src=&#8220;https:\/\/teico44.com\/wp-content\/uploads\/2026\/01\/Verschaltung-STVG-2026-01-04.jpg&#8220; title_text=&#8220;Verschaltung STVG 2026-01-04&#8243; _builder_version=&#8220;4.27.5&#8243; hover_enabled=&#8220;0&#8243; global_colors_info=&#8220;{}&#8220; sticky_enabled=&#8220;0&#8243;][\/et_pb_image][\/et_pb_column][\/et_pb_row][et_pb_row _builder_version=&#8220;4.16&#8243; max_width=&#8220;950px&#8220; global_colors_info=&#8220;{}&#8220;][et_pb_column type=&#8220;4_4&#8243; _builder_version=&#8220;4.16&#8243; global_colors_info=&#8220;{}&#8220;][et_pb_text _builder_version=&#8220;4.21.0&#8243; global_colors_info=&#8220;{}&#8220;]<\/p>\n<p><span style=\"color: #000000;\">Folgende Systeme sind hier im Einsatz. Die wei\u00df hinterlegten Ger\u00e4te (Verl\u00e4ngerungsleitungen, Stromverteiler und Zwischenstecker) sind handels\u00fcblich mit einem Schuko-Anschlu\u00df ausgestattet. Die anderen Ger\u00e4te haben folgende Ausstattung.<br \/><\/span><\/p>\n<p><span style=\"color: #000000;\"><\/span><\/p>\n<ul>\n<li><span style=\"color: #000000;\">grau hinterlegt\u00a0 \u00a0 &gt; Ger\u00e4te mit USB &#8211; diese sind direkt an den USB-Anschlu\u00df des Stromverteilers bzw. am PC angeschlossen<br \/><\/span><\/li>\n<li><span style=\"color: #000000;\">wei\u00df hinterlegt\u00a0 \u00a0 &gt; Ger\u00e4te mit Schuko-Anschlu\u00df (rote Schrift)<\/span><\/li>\n<li><span style=\"color: #000000;\">blau hinterlegt\u00a0 \u00a0 &gt; Ger\u00e4te mit einem Euro-Steckernetzteil<\/span><\/li>\n<li><span style=\"color: #000000;\">gr\u00fcn hinterlegt\u00a0 \u00a0 &gt; Ger\u00e4te mit einem USB-Netzteil<\/span><\/li>\n<li><span style=\"color: #000000;\">braun hinterlegt\u00a0 &gt; Ger\u00e4t mit Euro-Anschlu\u00df (Netzteil in der Leitung)<\/span><\/li>\n<\/ul>\n<p>[\/et_pb_text][\/et_pb_column][\/et_pb_row][et_pb_row _builder_version=&#8220;4.16&#8243; max_width=&#8220;950px&#8220; global_colors_info=&#8220;{}&#8220;][et_pb_column type=&#8220;4_4&#8243; _builder_version=&#8220;4.16&#8243; global_colors_info=&#8220;{}&#8220;][et_pb_text _builder_version=&#8220;4.19.2&#8243; global_colors_info=&#8220;{}&#8220;]<\/p>\n<h5><strong><span style=\"color: #000000;\">Versuch einer Probleml\u00f6sung gegen St\u00f6rger\u00e4usche<\/span><\/strong><\/h5>\n<p><strong><span style=\"color: #000000;\"><\/span><\/strong><\/p>\n<p><span style=\"color: #000000;\">Leider treten immer wieder <\/span><span style=\"color: #000000;\">St\u00f6rger\u00e4usche (Pfeifen, Netzbrummen, Rauschen) in den Audio-Verbindungen auf. Besonders schlimm ist es, wenn die Synthesizer mit dem Computer per USB verbunden sind. Synthesizer die noch nicht eingeschalten oder im Standby-Betrieb sind erzeugen teilweise auch St\u00f6rger\u00e4usche. Auch die Netzteile der einzelnen Ger\u00e4te sind an den St\u00f6rger\u00e4uschen beteiligt. Leider kann man nicht alle St\u00f6rger\u00e4usche eleminieren, aber mit ein paar einfachen Tricks h\u00e4lt es sich in Grenzen. Bei mir ist es relativ einfach, da ich die Musikst\u00fccke live einspiele und kein MIDI-Programm zur Steuerung der Synthesizer benutze (st\u00e4ndiger Anschlu\u00df der Ger\u00e4te per USB am Computer). <\/span><\/p>\n<p><span style=\"color: #000000;\">Den Aufnahme-PC habe ich netzwerkm\u00e4\u00dfig an einen Switch angeschlossen. Beim Anschlu\u00df des Rechners direkt an den Router brummte bei mir der MicroKorg (leider keine Erkl\u00e4rung).<br \/><\/span><\/p>\n<p><span style=\"color: #000000;\">Bei einem Neukauf eines Computers sollte man darauf achten, das bei Onboard Soundkarten eine galvanische Trennung der Soundkarte auf dem Motherboard vorhanden ist.<\/span><\/p>\n<p><span style=\"color: #000000;\">USB-Verbindungen sind bei mir als Bedarfsschaltung vorgesehen (Datentransfer) und werden nur benutzt um Backups auszulesen und Firmware-Updates einzuspielen (hier habe ich bei allen Ger\u00e4ten St\u00f6rger\u00e4usche).<br \/><\/span><\/p>\n<p><span style=\"color: #000000;\">Da die neuen Synthesizer eine Stromversorgung per USB haben, habe ich neue USB-Netzteile gekauft. Ich hatte festgestellt, da\u00df \u00e4ltere USB-Netzteile streuen und st\u00f6ren.<\/span><\/p>\n<p><span style=\"color: #000000;\">Auch Kopplungen mehrerer Ger\u00e4te mit USB-Stromversorgung an einem USB-Netzteil brachte St\u00f6rungen hervor. Bei mir hat jedes Ger\u00e4t mit USB-Stromversorgung ein eigenens Netzteil.\u00a0<\/span><\/p>\n<p><span style=\"color: #000000;\">Ger\u00e4te die ich im Livebetrieb nicht benutze, werden an den Mischpulten auf den Wert 0 herunter geregelt.<\/span><\/p>\n<p><span style=\"color: #000000;\">Da ich mehrere verschiedene Einspeisepunkte habe konnte ich die Netzteile so plazieren, da\u00df diese sich nicht gegenseitig beeinflussen.<\/span><span style=\"color: #000000;\"><\/span><\/p>\n<p><span style=\"color: #000000;\">Alle Ger\u00e4te auf einen Stromverteiler zu plazieren kann hilfreich sein, ich habe aber auch festgestellt das einige Ger\u00e4te einen eigenen Stromverteiler brauchen. <\/span><\/p>\n<p><span style=\"color: #000000;\">Das Drehen von Netzteilen in den Stromverteilern kann hilfreich sein um St\u00f6rger\u00e4usche zu verhindern.<\/span><\/p>\n<p><span style=\"color: #000000;\">Auch das Zusammenschalten der einzelnen Synthesizer als MIDI-Ketten k\u00f6nnen St\u00f6rger\u00e4usche erzeugen, hier sind auf jedenfall andere Zusammenschaltungen zu testen (bei mir gab es Probleme mit dem Roland JP-08 und dem Roland JU-06A).<\/span><span style=\"color: #000000;\"><\/span><\/p>\n<p><span style=\"color: #000000;\">Bei den Audiokabeln ist darauf zu achten, das beim Einsatz von Audio-Verl\u00e4ngerungsleitungen (bei mir sind Verl\u00e4ngerungsleitungen Cinch Stecker-Cinch Stecker im Einsatz) die Cinch-Adapter (Kupplung-Kupplung) wirklich richtig fest sitzen ! Ich habe hier welche aus Plastik und Metall im Einsatz und habe keinen negativen Unterschied festgestellt. Zur Sicherung habe ich diese Verbindungen noch mit Isolierband fixiert.<\/span><\/p>\n<p><span style=\"color: #000000;\">Ein Zusammenschalten der Audioverbindungen \u00fcber die jeweiligen Aux-IN Eing\u00e4nge der Synthesizer (hier z.B. bei der Roland Boutique Reihe) sollte man vermeiden, da es hier auch zu St\u00f6rger\u00e4uschen kommen kann und diese werden sogar noch verst\u00e4rkt. F\u00fcr jeden Synthesizer ist eine eigene Audio-Leitung zum Mischpult benutzen.<\/span><span style=\"color: #000000;\"><\/span><\/p>\n<p><span style=\"color: #000000;\">Aufsatzadapter (z.B. 3,5 mm Stereoklinke auf 6,3 mm Stereoklinke) sollte man nicht einsetzen, da es hier immer Fertigungstoleranzen gibt und der Aufsatzadapter nicht richtig fest sitzt. Immer die passende Steckergr\u00f6\u00dfe f\u00fcr das Ger\u00e4t benutzen. \u00a0 <\/span><\/p>\n<p><span style=\"color: #000000;\"><span style=\"color: #0000ff;\">Wichtig ist beim Aufbau des Studios \u00c4nderungen zu dokumentieren, damit man r\u00fcckverfolgen kann, welche \u00c4nderung St\u00f6rger\u00e4usche verusacht hat.<\/span> \u00a0 <\/span><\/p>\n<p><span style=\"color: #000000;\">Hinweis: Das sind die Erfahrungen bei meinem Heimstudio die ich bis jetzt gemacht habe. Es ist ein komplexes Thema, hier sollte man viel Geduld mitbringen und verschiedene Varianten ausprobieren.<br \/><\/span><\/p>\n<p>[\/et_pb_text][\/et_pb_column][\/et_pb_row][\/et_pb_section]<\/p>\n","protected":false},"excerpt":{"rendered":"<p>Technik im Heimstudio Hier ist die technische Seite des Heimstudios beschrieben. In der Tabelle ist die eingesetzte Technik aufgeschl\u00fcsselt. Hinweis: Im PC sind noch weitere Synthesizer (VST Software-Synthesizer) vorhanden. Verschaltung der verschiedenen Ger\u00e4te mittels MIDI-Verbindungen Hier ist die Verschaltung der eingesetzten Ger\u00e4te dargestellt. Diese Verbindungen dienen zur Steuerung der Synthesizer bzw. Synthesizer-Module \u00fcber die MIDI-Keyboards [&hellip;]<\/p>\n","protected":false},"author":1,"featured_media":0,"parent":0,"menu_order":0,"comment_status":"closed","ping_status":"closed","template":"","meta":{"_et_pb_use_builder":"on","_et_pb_old_content":"","_et_gb_content_width":"","footnotes":""},"class_list":["post-574","page","type-page","status-publish","hentry"],"_links":{"self":[{"href":"https:\/\/teico44.com\/index.php?rest_route=\/wp\/v2\/pages\/574","targetHints":{"allow":["GET"]}}],"collection":[{"href":"https:\/\/teico44.com\/index.php?rest_route=\/wp\/v2\/pages"}],"about":[{"href":"https:\/\/teico44.com\/index.php?rest_route=\/wp\/v2\/types\/page"}],"author":[{"embeddable":true,"href":"https:\/\/teico44.com\/index.php?rest_route=\/wp\/v2\/users\/1"}],"replies":[{"embeddable":true,"href":"https:\/\/teico44.com\/index.php?rest_route=%2Fwp%2Fv2%2Fcomments&post=574"}],"version-history":[{"count":107,"href":"https:\/\/teico44.com\/index.php?rest_route=\/wp\/v2\/pages\/574\/revisions"}],"predecessor-version":[{"id":6321,"href":"https:\/\/teico44.com\/index.php?rest_route=\/wp\/v2\/pages\/574\/revisions\/6321"}],"wp:attachment":[{"href":"https:\/\/teico44.com\/index.php?rest_route=%2Fwp%2Fv2%2Fmedia&parent=574"}],"curies":[{"name":"wp","href":"https:\/\/api.w.org\/{rel}","templated":true}]}}