{"id":567,"date":"2020-02-18T12:36:57","date_gmt":"2020-02-18T12:36:57","guid":{"rendered":"https:\/\/teico44.com\/?page_id=567"},"modified":"2026-01-04T10:13:15","modified_gmt":"2026-01-04T10:13:15","slug":"heimstudio","status":"publish","type":"page","link":"https:\/\/teico44.com\/?page_id=567","title":{"rendered":"Heimstudio"},"content":{"rendered":"<p>[et_pb_section fb_built=&#8220;1&#8243; _builder_version=&#8220;4.16&#8243; global_colors_info=&#8220;{}&#8220;][et_pb_row _builder_version=&#8220;4.16&#8243; max_width=&#8220;950px&#8220; global_colors_info=&#8220;{}&#8220;][et_pb_column type=&#8220;4_4&#8243; _builder_version=&#8220;4.16&#8243; global_colors_info=&#8220;{}&#8220;][et_pb_text _builder_version=&#8220;4.27.5&#8243; hover_enabled=&#8220;0&#8243; global_colors_info=&#8220;{}&#8220; sticky_enabled=&#8220;0&#8243;]<\/p>\n<h1><span style=\"color: #000000;\"><strong>Heimstudio<\/strong><\/span><\/h1>\n<p><span style=\"color: #000000;\"><strong><\/strong><\/span><\/p>\n<p><span style=\"color: #000000;\"><strong><\/strong><\/span><\/p>\n<p><span style=\"color: #000000;\">Mein Wunsch ist es seit vielen Jahren, wieder Musik f\u00fcr den Hausgebrauch zu machen. Meine Zeit waren die 80er Jahre mit den Musikrichtungen New Wave, Italo Disco, Synthi-Pop und Synth-Space. Gruppen und K\u00fcnstler wie KOTO, Laserdance, Giorgio Moroder, Kraftwerk pr\u00e4gten meinen Musikgeschmack. Heute h\u00f6re ich gerne Musik aus der Musikrichtung New Italo Disco, die sich an Sounds der 80er Jahre orientiert. <\/span><\/p>\n<p><span style=\"color: #000000;\">In meinen Heimstudio sollen die Kl\u00e4nge der 80er Jahre im neuen Design wieder erklingen. Deshalb war ich auf der Suche nach Synthesizern, die eine moderne Bedienung haben, aber auch \u00fcber die Kl\u00e4nge der 80er Jahre verf\u00fcgen.\u00a0Es sollten auf jeden Fall Synthesizer der 80er Jahre sein, wo man auch Instrumente (als Presents bezeichnet) abspeichern kann. <\/span><\/p>\n<p><span style=\"color: #000000;\">Neben den Synthesizern (mit Tastatur) sind bei mir auch Synthesizer-Soundmodule (auch als Expander bezeichnet) im Einsatz, die durch MIDI-Keyboards (auch als Master-Keyboard bezeichnet) gespielt werden. <\/span><\/p>\n<p><span style=\"color: #000000;\">Als Schlagzeug werden Drum-Maschinen (heute auch als Drum-Computer bezeichnet) eingesetzt. F\u00fcr das h\u00e4ndische Spielen von Schlagzeugparts sind ein Sampler mit 16 Pads und ein E-Drum im Einsatz. Die MIDI-Keyboards haben teilweise Sequenzer und Arpeggiatoren, was die Sound-M\u00f6glichkeiten noch erweitert. Diverse Effektger\u00e4te, eine Loop-Station und zwei Mikrofone f\u00fcr den Einsatz der Vocoder (Stimmenverzerrer) und des Voice-Transformers sind auch im Einsatz. <\/span><\/p>\n<p><span style=\"color: #000000;\">Auch 25 VST Synthesizer aus den 80er (Software Synthesizer auf dem PC) sind mit im Einsatz. Die Titel werden \u00fcber die Synthesizer live eingespielt und mit einem Software MP3-Recorder aufgenommen und anschlie\u00dfend \u00fcber ein Audio-Bearbeitungsprogramm angepasst (Einblenden und Ausblenden des Titels).<\/span><\/p>\n<p>[\/et_pb_text][\/et_pb_column][\/et_pb_row][et_pb_row _builder_version=&#8220;4.16&#8243; max_width=&#8220;950px&#8220; global_colors_info=&#8220;{}&#8220;][et_pb_column type=&#8220;4_4&#8243; _builder_version=&#8220;4.16&#8243; global_colors_info=&#8220;{}&#8220;][et_pb_text _builder_version=&#8220;4.16&#8243; global_colors_info=&#8220;{}&#8220;]<\/p>\n<h5><strong><span style=\"color: #000000;\">Die Gesamtansicht meines Heimstudios<\/span><\/strong><\/h5>\n<p>[\/et_pb_text][\/et_pb_column][\/et_pb_row][et_pb_row _builder_version=&#8220;4.25.1&#8243; _module_preset=&#8220;default&#8220; global_colors_info=&#8220;{}&#8220;][et_pb_column type=&#8220;4_4&#8243; _builder_version=&#8220;4.25.1&#8243; _module_preset=&#8220;default&#8220; global_colors_info=&#8220;{}&#8220;][et_pb_image src=&#8220;https:\/\/teico44.com\/wp-content\/uploads\/2026\/01\/Ansicht-HSS-von-der-Tuer-2026-01-04.jpg&#8220; title_text=&#8220;Ansicht HSS von der T\u00fcr 2026-01-04&#8243; _builder_version=&#8220;4.27.5&#8243; _module_preset=&#8220;default&#8220; hover_enabled=&#8220;0&#8243; global_colors_info=&#8220;{}&#8220; sticky_enabled=&#8220;0&#8243;][\/et_pb_image][\/et_pb_column][\/et_pb_row][et_pb_row _builder_version=&#8220;4.21.0&#8243; _module_preset=&#8220;default&#8220; global_colors_info=&#8220;{}&#8220;][et_pb_column type=&#8220;4_4&#8243; _builder_version=&#8220;4.21.0&#8243; _module_preset=&#8220;default&#8220; global_colors_info=&#8220;{}&#8220;][et_pb_text _builder_version=&#8220;4.27.0&#8243; _module_preset=&#8220;default&#8220; global_colors_info=&#8220;{}&#8220;]<\/p>\n<p><span style=\"color: #000000;\">Ansicht des Heimstudios von der Eingangst\u00fcr (Wohnzimmer) aus gesehen<\/span><\/p>\n<p>[\/et_pb_text][\/et_pb_column][\/et_pb_row][et_pb_row _builder_version=&#8220;4.16&#8243; max_width=&#8220;950px&#8220; global_colors_info=&#8220;{}&#8220;][et_pb_column type=&#8220;4_4&#8243; _builder_version=&#8220;4.16&#8243; global_colors_info=&#8220;{}&#8220;][et_pb_text _builder_version=&#8220;4.16&#8243; global_colors_info=&#8220;{}&#8220;]<\/p>\n<h5><strong><span style=\"color: #000000;\">Aufschl\u00fcsslung und Erkl\u00e4rung der einzelnen Module des Heimstudios<\/span> <\/strong><\/h5>\n<p>[\/et_pb_text][\/et_pb_column][\/et_pb_row][et_pb_row _builder_version=&#8220;4.27.4&#8243; _module_preset=&#8220;default&#8220; global_colors_info=&#8220;{}&#8220;][et_pb_column type=&#8220;4_4&#8243; _builder_version=&#8220;4.27.4&#8243; _module_preset=&#8220;default&#8220; global_colors_info=&#8220;{}&#8220;][et_pb_text _builder_version=&#8220;4.27.4&#8243; _module_preset=&#8220;default&#8220; global_colors_info=&#8220;{}&#8220;]<\/p>\n<p><span style=\"color: #000000;\">Hinweis: Details zur Technik siehe Men\u00fc &#8211; <strong>Synthesizer &gt; Technik<\/strong><\/span><\/p>\n<p>[\/et_pb_text][\/et_pb_column][\/et_pb_row][et_pb_row _builder_version=&#8220;4.16&#8243; _module_preset=&#8220;default&#8220; global_colors_info=&#8220;{}&#8220;][et_pb_column type=&#8220;4_4&#8243; _builder_version=&#8220;4.16&#8243; _module_preset=&#8220;default&#8220; global_colors_info=&#8220;{}&#8220;][et_pb_image src=&#8220;https:\/\/teico44.com\/wp-content\/uploads\/2026\/01\/CT-02-2026-01-04.jpg&#8220; title_text=&#8220;CT-02 2026-01-04&#8243; _builder_version=&#8220;4.27.5&#8243; _module_preset=&#8220;default&#8220; hover_enabled=&#8220;0&#8243; global_colors_info=&#8220;{}&#8220; sticky_enabled=&#8220;0&#8243;][\/et_pb_image][\/et_pb_column][\/et_pb_row][et_pb_row _builder_version=&#8220;4.16&#8243; _module_preset=&#8220;default&#8220; global_colors_info=&#8220;{}&#8220;][et_pb_column type=&#8220;4_4&#8243; _builder_version=&#8220;4.16&#8243; _module_preset=&#8220;default&#8220; global_colors_info=&#8220;{}&#8220;][et_pb_text _builder_version=&#8220;4.27.4&#8243; _module_preset=&#8220;default&#8220; global_colors_info=&#8220;{}&#8220;]<\/p>\n<p><span style=\"color: #000000;\">Der <strong>Computertisch 2<\/strong> ist die Komandozentrale und die Sequenzer-Abteilung des Studios, hier laufen alle Str\u00e4nge zusammen. <\/span><\/p>\n<p><span style=\"color: #000000;\">Oben auf dem Brett stehen links Umschalter f\u00fcr diverse Anwendungen. Im linken Doppelst\u00e4nder sind der JX-03 (oben) und der SH-01A (unten) eingebaut. In der Mitte befindet sich das Solina String Ensemble (oben) und das Model D (unten). Im rechten Doppelst\u00e4nder befindet sich die Drum-Maschine TR-08 (oben) und der JU-06A (unten).<\/span><\/p>\n<p><span style=\"color: #000000;\">Im mittleren Bereich des CT-02 stehen die vier Mischpulte und zwei Sequenzer-Keyboards. Das linke Sequenzer-Keyboard (KEY-05) steuert den JU-06A. Das rechte Sequenzer-Keybord (KEY-06) steuert das Model D und den SH-01A.<\/span><\/p>\n<p><span style=\"color: #000000;\">Unten befinden sich der Voice-Transormer VT-4 (links) und ein weiteres Keybaord (KEY-07). Dieses steuert den Vocoder und die Harmony Funktionen des VT-4.<\/span><\/p>\n<p>[\/et_pb_text][\/et_pb_column][\/et_pb_row][et_pb_row _builder_version=&#8220;4.16&#8243; _module_preset=&#8220;default&#8220; global_colors_info=&#8220;{}&#8220;][et_pb_column type=&#8220;4_4&#8243; _builder_version=&#8220;4.16&#8243; _module_preset=&#8220;default&#8220; global_colors_info=&#8220;{}&#8220;][et_pb_image src=&#8220;https:\/\/teico44.com\/wp-content\/uploads\/2026\/01\/KEY-Rack-2026-01-04.jpg&#8220; title_text=&#8220;KEY-Rack 2026-01-04&#8243; _builder_version=&#8220;4.27.5&#8243; _module_preset=&#8220;default&#8220; hover_enabled=&#8220;0&#8243; global_colors_info=&#8220;{}&#8220; sticky_enabled=&#8220;0&#8243;][\/et_pb_image][\/et_pb_column][\/et_pb_row][et_pb_row _builder_version=&#8220;4.16&#8243; _module_preset=&#8220;default&#8220; global_colors_info=&#8220;{}&#8220;][et_pb_column type=&#8220;4_4&#8243; _builder_version=&#8220;4.16&#8243; _module_preset=&#8220;default&#8220; global_colors_info=&#8220;{}&#8220;][et_pb_text _builder_version=&#8220;4.27.5&#8243; _module_preset=&#8220;default&#8220; global_colors_info=&#8220;{}&#8220;]<\/p>\n<p><span style=\"color: #000000;\">Im <strong>KeyRack<\/strong> steht links oben die beiden Streichfett String Synthesizer (Streichfett 1 links und Streichfett 2 rechts), in der Mitte der Drum-Sampler und rechts eine 2-Kanal Loop-Station. Im mittlerem Bereich ist der MicroKorg (links) und die Drum-Maschine TR-8S (rechts) eingebaut. Weiterhin sind noch 2 MIDI-Keyboards integriert. <\/span><\/p>\n<p><span style=\"color: #000000;\">Das obere Keyboard (KEY-03) dient zum h\u00e4ndischen Spielen des JX-03, des Solina String Ensemble und des Streichfett 2 (JX-03 und Solina auf dem Computertisch 2, Streichfett 2 auf dem Key-Rack links). Das untere Keyboard (KEY-04) dient zum h\u00e4ndischen Spielen der VST-Synthesizer auf dem PC. <\/span><\/p>\n<p><span style=\"color: #000000;\">Die 2 Kanal Loop-Station ist mit dem MicroKorg, dem E-Drum, dem Drum-Sampler und dem VST-PC gekoppelt.<\/span><\/p>\n<p><span style=\"color: #000000;\">Der Drum-Sampler MPX16 (oben links) dient als elektronisches Schlagzeug mit 16 Pads.<\/span><\/p>\n<p><span style=\"color: #000000;\">Unter den Streichfett Synthesizern (links) ist das NumPad angebracht. Dieses wird zur Steuerung von Funktionen des Recording Programms AudaCity eingesetzt.<\/span><\/p>\n<p>[\/et_pb_text][\/et_pb_column][\/et_pb_row][et_pb_row _builder_version=&#8220;4.16&#8243; _module_preset=&#8220;default&#8220; global_colors_info=&#8220;{}&#8220;][et_pb_column type=&#8220;4_4&#8243; _builder_version=&#8220;4.16&#8243; _module_preset=&#8220;default&#8220; global_colors_info=&#8220;{}&#8220;][et_pb_image src=&#8220;https:\/\/teico44.com\/wp-content\/uploads\/2026\/01\/KEY-Staender-2026-01-04.jpg&#8220; title_text=&#8220;KEY-St\u00e4nder 2026-01-04&#8243; _builder_version=&#8220;4.27.5&#8243; _module_preset=&#8220;default&#8220; hover_enabled=&#8220;0&#8243; global_colors_info=&#8220;{}&#8220; sticky_enabled=&#8220;0&#8243;][\/et_pb_image][\/et_pb_column][\/et_pb_row][et_pb_row _builder_version=&#8220;4.16&#8243; _module_preset=&#8220;default&#8220; global_colors_info=&#8220;{}&#8220;][et_pb_column type=&#8220;4_4&#8243; _builder_version=&#8220;4.16&#8243; _module_preset=&#8220;default&#8220; global_colors_info=&#8220;{}&#8220;][et_pb_text _builder_version=&#8220;4.27.5&#8243; _module_preset=&#8220;default&#8220; global_colors_info=&#8220;{}&#8220;]<\/p>\n<p><span style=\"color: #000000;\">Im <strong>KeySt\u00e4nder<\/strong> sind zwei MIDI-Keyboards, der JP-08 (links), der JU-06 (mitte) und der JX-08 (rechts) untergebracht.<\/span><\/p>\n<p><span style=\"color: #000000;\">Das obere Keyboard (KEY-01) dient zum h\u00e4ndischen Spielen des JP-08 (links) und des Streichfett 1 (auf dem KeyRack), das untere Keyboard (KEY-02) dient zum h\u00e4ndischen Spielen des JU-06 (mitte), des JX-08 (rechts) und des VC-340 (auf dem AV-Rack).<\/span><\/p>\n<p>[\/et_pb_text][\/et_pb_column][\/et_pb_row][et_pb_row _builder_version=&#8220;4.21.0&#8243; _module_preset=&#8220;default&#8220; global_colors_info=&#8220;{}&#8220;][et_pb_column type=&#8220;4_4&#8243; _builder_version=&#8220;4.21.0&#8243; _module_preset=&#8220;default&#8220; global_colors_info=&#8220;{}&#8220;][et_pb_image src=&#8220;https:\/\/teico44.com\/wp-content\/uploads\/2026\/01\/CT-01-2026-01-04.jpg&#8220; title_text=&#8220;CT-01 2026-01-04&#8243; _builder_version=&#8220;4.27.5&#8243; _module_preset=&#8220;default&#8220; hover_enabled=&#8220;0&#8243; global_colors_info=&#8220;{}&#8220; sticky_enabled=&#8220;0&#8243;][\/et_pb_image][\/et_pb_column][\/et_pb_row][et_pb_row _builder_version=&#8220;4.16&#8243; _module_preset=&#8220;default&#8220; global_colors_info=&#8220;{}&#8220;][et_pb_column type=&#8220;4_4&#8243; _builder_version=&#8220;4.16&#8243; _module_preset=&#8220;default&#8220; global_colors_info=&#8220;{}&#8220;][et_pb_text _builder_version=&#8220;4.27.4&#8243; _module_preset=&#8220;default&#8220; global_colors_info=&#8220;{}&#8220;]<\/p>\n<p><span style=\"color: #000000;\">Auf dem <strong>Computertisch 1<\/strong> steht der PC wo die eingespielten Musikst\u00fccke live als MP3 aufgenommen werden. Auf diesem befinden sich auch die sogenannte VST-Synthesizer der 80&#8217;er Jahre, die durch 2 MIDI-Keybaords angesteuert werden.\u00a0 Das erste MIDI-Keyboard (KEY-04) ist im Key-Rack eingebaut, das zweite MIDI-Keyboard (KEY-08) steht bei Bedarf auf dem CT-01.\u00a0<\/span><\/p>\n<p><span style=\"color: #000000;\"> Auf der rechten Seite befindet sich der\u00a0 Kopfh\u00f6rer-Verst\u00e4rker f\u00fcr die Musikanlage (Synthesizer). Das kleine 2-Kanal-Mischpult (rechts) fungiert als zus\u00e4tzlicher regelbarer Kopfh\u00f6rer-Verst\u00e4rker \u00fcber eine USB-Soundkarte). Die beiden Nahfeldmonitore sind im Einsatz wenn nicht mit Kopfh\u00f6rern gearbeitet wird.<\/span><\/p>\n<p>[\/et_pb_text][\/et_pb_column][\/et_pb_row][et_pb_row _builder_version=&#8220;4.16&#8243; _module_preset=&#8220;default&#8220; global_colors_info=&#8220;{}&#8220;][et_pb_column type=&#8220;4_4&#8243; _builder_version=&#8220;4.16&#8243; _module_preset=&#8220;default&#8220; global_colors_info=&#8220;{}&#8220;][et_pb_image src=&#8220;https:\/\/teico44.com\/wp-content\/uploads\/2026\/01\/AV-Rack-2026-01-04.jpg&#8220; title_text=&#8220;AV-Rack 2026-01-04&#8243; _builder_version=&#8220;4.27.5&#8243; _module_preset=&#8220;default&#8220; hover_enabled=&#8220;0&#8243; global_colors_info=&#8220;{}&#8220; sticky_enabled=&#8220;0&#8243;][\/et_pb_image][\/et_pb_column][\/et_pb_row][et_pb_row _builder_version=&#8220;4.16&#8243; _module_preset=&#8220;default&#8220; global_colors_info=&#8220;{}&#8220;][et_pb_column type=&#8220;4_4&#8243; _builder_version=&#8220;4.16&#8243; _module_preset=&#8220;default&#8220; global_colors_info=&#8220;{}&#8220;][et_pb_text _builder_version=&#8220;4.27.4&#8243; _module_preset=&#8220;default&#8220; global_colors_info=&#8220;{}&#8220;]<\/p>\n<p><span style=\"color: #000000;\">Auf dem <strong>AV-Rack<\/strong> steht die Drum-Maschine LM Drum (links) und der VC-340 (rechts). <\/span><\/p>\n<p><span style=\"color: #000000;\">Die Drum-Maschine wird \u00fcber MIDI-Clock angesteuert, der VC-340 wird \u00fcber das Keyboard KEY-02 (Key-St\u00e4nder) angesteuert.<\/span><\/p>\n<p>[\/et_pb_text][\/et_pb_column][\/et_pb_row][et_pb_row _builder_version=&#8220;4.21.0&#8243; _module_preset=&#8220;default&#8220; global_colors_info=&#8220;{}&#8220;][et_pb_column type=&#8220;4_4&#8243; _builder_version=&#8220;4.21.0&#8243; _module_preset=&#8220;default&#8220; global_colors_info=&#8220;{}&#8220;][et_pb_image src=&#8220;https:\/\/teico44.com\/wp-content\/uploads\/2026\/01\/EDrum-Ecke-2026-01-04.jpg&#8220; title_text=&#8220;EDrum Ecke 2026-01-04&#8243; _builder_version=&#8220;4.27.5&#8243; _module_preset=&#8220;default&#8220; hover_enabled=&#8220;0&#8243; global_colors_info=&#8220;{}&#8220; sticky_enabled=&#8220;0&#8243;][\/et_pb_image][\/et_pb_column][\/et_pb_row][et_pb_row _builder_version=&#8220;4.21.0&#8243; _module_preset=&#8220;default&#8220; global_colors_info=&#8220;{}&#8220;][et_pb_column type=&#8220;4_4&#8243; _builder_version=&#8220;4.21.0&#8243; _module_preset=&#8220;default&#8220; global_colors_info=&#8220;{}&#8220;][et_pb_text _builder_version=&#8220;4.27.5&#8243; _module_preset=&#8220;default&#8220; hover_enabled=&#8220;0&#8243; global_colors_info=&#8220;{}&#8220; sticky_enabled=&#8220;0&#8243;]<\/p>\n<p><span style=\"color: #000000;\">Neben dem Sofa ist das E-Drum DM-1 von NUX im Einsatz. Dieses elektronische Schlagzeug ist \u00fcber einen Audio-Umschalter mit der Loop-Station verbunden, wo ich dann bestimmte Sequenzen einspielen und aufnehmen kann.<\/span><\/p>\n<p>[\/et_pb_text][\/et_pb_column][\/et_pb_row][et_pb_row _builder_version=&#8220;4.25.0&#8243; _module_preset=&#8220;default&#8220; global_colors_info=&#8220;{}&#8220;][et_pb_column type=&#8220;4_4&#8243; _builder_version=&#8220;4.25.0&#8243; _module_preset=&#8220;default&#8220; global_colors_info=&#8220;{}&#8220;][et_pb_image src=&#8220;https:\/\/teico44.com\/wp-content\/uploads\/2026\/01\/Ansicht-schraeg-von-Kue-Tuer-2026-01-04.jpg&#8220; title_text=&#8220;Ansicht schr\u00e4g von K\u00fc-T\u00fcr 2026-01-04&#8243; _builder_version=&#8220;4.27.5&#8243; _module_preset=&#8220;default&#8220; hover_enabled=&#8220;0&#8243; global_colors_info=&#8220;{}&#8220; sticky_enabled=&#8220;0&#8243;][\/et_pb_image][\/et_pb_column][\/et_pb_row][et_pb_row _builder_version=&#8220;4.25.0&#8243; _module_preset=&#8220;default&#8220; global_colors_info=&#8220;{}&#8220;][et_pb_column type=&#8220;4_4&#8243; _builder_version=&#8220;4.25.0&#8243; _module_preset=&#8220;default&#8220; global_colors_info=&#8220;{}&#8220;][et_pb_text _builder_version=&#8220;4.25.0&#8243; _module_preset=&#8220;default&#8220; global_colors_info=&#8220;{}&#8220;]<\/p>\n<p><span style=\"color: #000000;\">Ansicht des Heimstudios von der Sofaseite aus gesehen (1)<\/span><\/p>\n<p>[\/et_pb_text][\/et_pb_column][\/et_pb_row][et_pb_row _builder_version=&#8220;4.25.0&#8243; _module_preset=&#8220;default&#8220; global_colors_info=&#8220;{}&#8220;][et_pb_column type=&#8220;4_4&#8243; _builder_version=&#8220;4.25.0&#8243; _module_preset=&#8220;default&#8220; global_colors_info=&#8220;{}&#8220;][et_pb_image src=&#8220;https:\/\/teico44.com\/wp-content\/uploads\/2026\/01\/Ansicht-HSS-von-Sofa-2026-01-04.jpg&#8220; title_text=&#8220;Ansicht HSS von Sofa 2026-01-04&#8243; _builder_version=&#8220;4.27.5&#8243; _module_preset=&#8220;default&#8220; hover_enabled=&#8220;0&#8243; global_colors_info=&#8220;{}&#8220; sticky_enabled=&#8220;0&#8243;][\/et_pb_image][\/et_pb_column][\/et_pb_row][et_pb_row _builder_version=&#8220;4.25.0&#8243; _module_preset=&#8220;default&#8220; global_colors_info=&#8220;{}&#8220;][et_pb_column type=&#8220;4_4&#8243; _builder_version=&#8220;4.25.0&#8243; _module_preset=&#8220;default&#8220; global_colors_info=&#8220;{}&#8220;][et_pb_text _builder_version=&#8220;4.25.1&#8243; _module_preset=&#8220;default&#8220; global_colors_info=&#8220;{}&#8220;]<\/p>\n<p><span style=\"color: #000000;\">Ansicht des Heimstudios von der Sofaseite aus gesehen (2)<\/span><\/p>\n<p>[\/et_pb_text][\/et_pb_column][\/et_pb_row][et_pb_row _builder_version=&#8220;4.27.4&#8243; _module_preset=&#8220;default&#8220; global_colors_info=&#8220;{}&#8220;][et_pb_column type=&#8220;4_4&#8243; _builder_version=&#8220;4.27.4&#8243; _module_preset=&#8220;default&#8220; global_colors_info=&#8220;{}&#8220;][et_pb_image src=&#8220;https:\/\/teico44.com\/wp-content\/uploads\/2026\/01\/Ansicht-Schrankwand-2026-01-04.jpg&#8220; title_text=&#8220;Ansicht Schrankwand 2026-01-04&#8243; _builder_version=&#8220;4.27.5&#8243; _module_preset=&#8220;default&#8220; hover_enabled=&#8220;0&#8243; global_colors_info=&#8220;{}&#8220; sticky_enabled=&#8220;0&#8243;][\/et_pb_image][\/et_pb_column][\/et_pb_row][et_pb_row _builder_version=&#8220;4.25.1&#8243; _module_preset=&#8220;default&#8220; global_colors_info=&#8220;{}&#8220;][et_pb_column type=&#8220;4_4&#8243; _builder_version=&#8220;4.25.1&#8243; _module_preset=&#8220;default&#8220; global_colors_info=&#8220;{}&#8220;][et_pb_text _builder_version=&#8220;4.27.4&#8243; _module_preset=&#8220;default&#8220; global_colors_info=&#8220;{}&#8220;]<\/p>\n<p><span style=\"color: #000000;\">Ansicht des Heimstudios von der Schrankwand aus gesehen<\/span><\/p>\n<p>[\/et_pb_text][\/et_pb_column][\/et_pb_row][\/et_pb_section]<\/p>\n","protected":false},"excerpt":{"rendered":"<p>Heimstudio Mein Wunsch ist es seit vielen Jahren, wieder Musik f\u00fcr den Hausgebrauch zu machen. Meine Zeit waren die 80er Jahre mit den Musikrichtungen New Wave, Italo Disco, Synthi-Pop und Synth-Space. Gruppen und K\u00fcnstler wie KOTO, Laserdance, Giorgio Moroder, Kraftwerk pr\u00e4gten meinen Musikgeschmack. Heute h\u00f6re ich gerne Musik aus der Musikrichtung New Italo Disco, die [&hellip;]<\/p>\n","protected":false},"author":1,"featured_media":0,"parent":0,"menu_order":0,"comment_status":"closed","ping_status":"closed","template":"","meta":{"_et_pb_use_builder":"on","_et_pb_old_content":"","_et_gb_content_width":"","footnotes":""},"class_list":["post-567","page","type-page","status-publish","hentry"],"_links":{"self":[{"href":"https:\/\/teico44.com\/index.php?rest_route=\/wp\/v2\/pages\/567","targetHints":{"allow":["GET"]}}],"collection":[{"href":"https:\/\/teico44.com\/index.php?rest_route=\/wp\/v2\/pages"}],"about":[{"href":"https:\/\/teico44.com\/index.php?rest_route=\/wp\/v2\/types\/page"}],"author":[{"embeddable":true,"href":"https:\/\/teico44.com\/index.php?rest_route=\/wp\/v2\/users\/1"}],"replies":[{"embeddable":true,"href":"https:\/\/teico44.com\/index.php?rest_route=%2Fwp%2Fv2%2Fcomments&post=567"}],"version-history":[{"count":134,"href":"https:\/\/teico44.com\/index.php?rest_route=\/wp\/v2\/pages\/567\/revisions"}],"predecessor-version":[{"id":6335,"href":"https:\/\/teico44.com\/index.php?rest_route=\/wp\/v2\/pages\/567\/revisions\/6335"}],"wp:attachment":[{"href":"https:\/\/teico44.com\/index.php?rest_route=%2Fwp%2Fv2%2Fmedia&parent=567"}],"curies":[{"name":"wp","href":"https:\/\/api.w.org\/{rel}","templated":true}]}}