{"id":530,"date":"2020-02-17T18:12:38","date_gmt":"2020-02-17T18:12:38","guid":{"rendered":"https:\/\/teico44.com\/?page_id=530"},"modified":"2021-10-09T03:58:38","modified_gmt":"2021-10-09T03:58:38","slug":"umbau-pilzleuchten","status":"publish","type":"page","link":"https:\/\/teico44.com\/?page_id=530","title":{"rendered":"Umbau Pilzleuchten"},"content":{"rendered":"<p>[et_pb_section fb_built=&#8220;1&#8243; _builder_version=&#8220;4.3.2&#8243; global_colors_info=&#8220;{}&#8220;][et_pb_row _builder_version=&#8220;4.3.2&#8243; max_width=&#8220;950px&#8220; global_colors_info=&#8220;{}&#8220;][et_pb_column type=&#8220;4_4&#8243; _builder_version=&#8220;4.3.2&#8243; global_colors_info=&#8220;{}&#8220;][et_pb_text _builder_version=&#8220;4.11.2&#8243; hover_enabled=&#8220;0&#8243; global_colors_info=&#8220;{}&#8220; sticky_enabled=&#8220;0&#8243;]<\/p>\n<h1><span style=\"color: #000000;\"><strong>Umbau Pilzleuchten (Brawa 4643) auf LED-Technik<\/strong><\/span><\/h1>\n<p><span style=\"color: #000000;\"><strong><\/strong><\/span><\/p>\n<p><span style=\"color: #000000;\"><strong><\/strong><\/span><\/p>\n<p><span style=\"color: #000000;\"><strong>Folgender Umbau ist vorgesehen<\/strong><\/span><\/p>\n<p><span style=\"color: #000000;\">Austausch der Gl\u00fchlampen gegen SMD-Leuchtdioden<\/span><\/p>\n<p><span style=\"color: #000000;\"><strong>Folgende Materialien werden ben\u00f6tigt:<\/strong><\/span><\/p>\n<p><span style=\"color: #000000;\"><strong><\/strong><\/span><\/p>\n<ul>\n<li><span style=\"color: #000000;\">1 x SMD-LED wei\u00df 0406<br \/><\/span><\/li>\n<li><span style=\"color: #000000;\">1 x Widerstand 1,2 kOhm Metallschicht<\/span><\/li>\n<li><span style=\"color: #000000;\">1 x Diode (bei Betrieb an Wechselspannung)<\/span><span style=\"color: #000000;\"><strong><\/strong><\/span><\/li>\n<\/ul>\n<p>[\/et_pb_text][\/et_pb_column][\/et_pb_row][et_pb_row _builder_version=&#8220;4.11.1&#8243; _module_preset=&#8220;default&#8220; global_colors_info=&#8220;{}&#8220;][et_pb_column type=&#8220;4_4&#8243; _builder_version=&#8220;4.11.1&#8243; _module_preset=&#8220;default&#8220; global_colors_info=&#8220;{}&#8220;][et_pb_text _builder_version=&#8220;4.11.2&#8243; _module_preset=&#8220;default&#8220; hover_enabled=&#8220;0&#8243; global_colors_info=&#8220;{}&#8220; sticky_enabled=&#8220;0&#8243;]<\/p>\n<h5><span style=\"color: #000000;\"><strong>Umbauanleitung<\/strong><\/span><\/h5>\n<p>[\/et_pb_text][\/et_pb_column][\/et_pb_row][et_pb_row column_structure=&#8220;1_2,1_2&#8243; _builder_version=&#8220;4.3.2&#8243; max_width=&#8220;950px&#8220; global_colors_info=&#8220;{}&#8220;][et_pb_column type=&#8220;1_2&#8243; _builder_version=&#8220;4.3.2&#8243; global_colors_info=&#8220;{}&#8220;][et_pb_image src=&#8220;https:\/\/teico44.com\/wp-content\/uploads\/2020\/02\/Leuchte-01.jpg&#8220; _builder_version=&#8220;4.3.2&#8243; global_colors_info=&#8220;{}&#8220;][\/et_pb_image][\/et_pb_column][et_pb_column type=&#8220;1_2&#8243; _builder_version=&#8220;4.3.2&#8243; global_colors_info=&#8220;{}&#8220;][et_pb_text _builder_version=&#8220;4.11.1&#8243; global_colors_info=&#8220;{}&#8220;]<\/p>\n<p><span style=\"color: #000000;\">Das ist das Ausgangsmodell. Wichtig war es mir, das die SMD-Leuchtdioden nach unten strahlt !<\/span><\/p>\n<p>[\/et_pb_text][\/et_pb_column][\/et_pb_row][et_pb_row column_structure=&#8220;1_2,1_2&#8243; _builder_version=&#8220;4.3.2&#8243; max_width=&#8220;950px&#8220; global_colors_info=&#8220;{}&#8220;][et_pb_column type=&#8220;1_2&#8243; _builder_version=&#8220;4.3.2&#8243; global_colors_info=&#8220;{}&#8220;][et_pb_image src=&#8220;https:\/\/teico44.com\/wp-content\/uploads\/2020\/02\/Leuchte-02.jpg&#8220; _builder_version=&#8220;4.3.2&#8243; global_colors_info=&#8220;{}&#8220;][\/et_pb_image][\/et_pb_column][et_pb_column type=&#8220;1_2&#8243; _builder_version=&#8220;4.3.2&#8243; global_colors_info=&#8220;{}&#8220;][et_pb_text _builder_version=&#8220;4.11.1&#8243; global_colors_info=&#8220;{}&#8220;]<\/p>\n<p class=\"wb-stl-subtitle\"><span style=\"color: #000000;\">Zuerst wird der Lampenschirm vorsichtig nach oben herausgezogen (meistens sind die Lampenschrime richtig fest). Hier bitte ganz vorsichtig arbeiten, das die Halteb\u00fcgel nicht abbrechen ! <\/span><\/p>\n<p class=\"wb-stl-subtitle\"><span style=\"color: #000000;\">Danach wird das Massekabel unten im Fu\u00df abgeschnitten und die Gl\u00fchlampe mit den Dr\u00e4hten nach oben herausgezogen.<\/span><\/p>\n<p>[\/et_pb_text][\/et_pb_column][\/et_pb_row][et_pb_row column_structure=&#8220;1_2,1_2&#8243; _builder_version=&#8220;4.3.2&#8243; max_width=&#8220;950px&#8220; global_colors_info=&#8220;{}&#8220;][et_pb_column type=&#8220;1_2&#8243; _builder_version=&#8220;4.3.2&#8243; global_colors_info=&#8220;{}&#8220;][et_pb_image src=&#8220;https:\/\/teico44.com\/wp-content\/uploads\/2020\/02\/Leuchte-03.jpg&#8220; _builder_version=&#8220;4.3.2&#8243; global_colors_info=&#8220;{}&#8220;][\/et_pb_image][\/et_pb_column][et_pb_column type=&#8220;1_2&#8243; _builder_version=&#8220;4.3.2&#8243; global_colors_info=&#8220;{}&#8220;][et_pb_text _builder_version=&#8220;4.11.1&#8243; global_colors_info=&#8220;{}&#8220;]<\/p>\n<p class=\"wb-stl-subtitle\"><span style=\"color: #000000;\">Jetzt werden die Haltb\u00fcgel wieder gerichtet. Anschlie\u00dfend wird ein St\u00fcck doppelseitiges Klebeband mit Sekundenkleber-Gel oder Sekundenkleber in die Sch\u00fcssel eingeklebt (Isolierschutz f\u00fcr die SMD, da diese nach unten strahlen soll).<\/span><\/p>\n<p>[\/et_pb_text][\/et_pb_column][\/et_pb_row][et_pb_row column_structure=&#8220;1_3,1_3,1_3&#8243; _builder_version=&#8220;4.3.2&#8243; max_width=&#8220;950px&#8220; global_colors_info=&#8220;{}&#8220;][et_pb_column type=&#8220;1_3&#8243; _builder_version=&#8220;4.3.2&#8243; global_colors_info=&#8220;{}&#8220;][et_pb_image src=&#8220;https:\/\/teico44.com\/wp-content\/uploads\/2020\/02\/Leuchte-04.jpg&#8220; _builder_version=&#8220;4.3.2&#8243; global_colors_info=&#8220;{}&#8220;][\/et_pb_image][\/et_pb_column][et_pb_column type=&#8220;1_3&#8243; _builder_version=&#8220;4.3.2&#8243; global_colors_info=&#8220;{}&#8220;][et_pb_text _builder_version=&#8220;4.11.1&#8243; global_colors_info=&#8220;{}&#8220;]<\/p>\n<p class=\"wb-stl-subtitle\"><span style=\"color: #000000;\">Jetzt wird das Kabel der LED durch die Halterung gezogen. Das Kabel wird etwas geformt und die SMD-LED wird mit Sekundenkleber-Gel oder Sekundenkleber auf das doppelseitige Klebeband aufgeklebt. Anschlie\u00dfend erfolgt ein Lichttest mit einem LED-Tester.<\/span><\/p>\n<p>[\/et_pb_text][\/et_pb_column][et_pb_column type=&#8220;1_3&#8243; _builder_version=&#8220;4.3.2&#8243; global_colors_info=&#8220;{}&#8220;][et_pb_image src=&#8220;https:\/\/teico44.com\/wp-content\/uploads\/2020\/02\/Leuchte-05.jpg&#8220; _builder_version=&#8220;4.3.2&#8243; global_colors_info=&#8220;{}&#8220;][\/et_pb_image][\/et_pb_column][\/et_pb_row][et_pb_row column_structure=&#8220;1_2,1_2&#8243; _builder_version=&#8220;4.3.2&#8243; max_width=&#8220;950px&#8220; global_colors_info=&#8220;{}&#8220;][et_pb_column type=&#8220;1_2&#8243; _builder_version=&#8220;4.3.2&#8243; global_colors_info=&#8220;{}&#8220;][et_pb_image src=&#8220;https:\/\/teico44.com\/wp-content\/uploads\/2020\/02\/Leuchte-06.jpg&#8220; _builder_version=&#8220;4.3.2&#8243; global_colors_info=&#8220;{}&#8220;][\/et_pb_image][\/et_pb_column][et_pb_column type=&#8220;1_2&#8243; _builder_version=&#8220;4.3.2&#8243; global_colors_info=&#8220;{}&#8220;][et_pb_text _builder_version=&#8220;4.11.1&#8243; global_colors_info=&#8220;{}&#8220;]<\/p>\n<p class=\"wb-stl-subtitle\"><span style=\"color: #000000;\">Jetzt werden beide Kabel durch den Mast gesteckt und die Sch\u00fcssel oben wieder aufgesetzt. Im Mast habe ich ein St\u00fcck Bastellitze eingeklemmt. diese dient als Abrei\u00dfschutz der Kabel. <\/span><\/p>\n<p class=\"wb-stl-subtitle\"><span style=\"color: #000000;\">Nun kann die Lampe auf den gew\u00fcnschten Platz eingebaut werden.<\/span><\/p>\n<p>[\/et_pb_text][\/et_pb_column][\/et_pb_row][et_pb_row column_structure=&#8220;1_2,1_2&#8243; _builder_version=&#8220;4.3.2&#8243; max_width=&#8220;950px&#8220; global_colors_info=&#8220;{}&#8220;][et_pb_column type=&#8220;1_2&#8243; _builder_version=&#8220;4.3.2&#8243; global_colors_info=&#8220;{}&#8220;][et_pb_image src=&#8220;https:\/\/teico44.com\/wp-content\/uploads\/2020\/02\/Leuchte-07.jpg&#8220; _builder_version=&#8220;4.3.2&#8243; global_colors_info=&#8220;{}&#8220;][\/et_pb_image][\/et_pb_column][et_pb_column type=&#8220;1_2&#8243; _builder_version=&#8220;4.3.2&#8243; global_colors_info=&#8220;{}&#8220;][et_pb_text _builder_version=&#8220;4.11.1&#8243; global_colors_info=&#8220;{}&#8220;]<\/p>\n<p class=\"wb-stl-subtitle\"><span style=\"color: #000000;\"><strong>Hier das fertige Ergebnis.<\/strong> <\/span><\/p>\n<p class=\"wb-stl-subtitle\"><span style=\"color: #ff0000;\">Wichtiger Hinweis:<\/span><\/p>\n<p class=\"wb-stl-subtitle\"><span style=\"color: #ff0000;\">F\u00fcr eventuelle Sch\u00e4den bei Ihnen bin ich nicht verantwortlich ! <\/span><\/p>\n<p class=\"wb-stl-subtitle\"><span style=\"color: #ff0000;\">Die Anschlu\u00dfwerte des Widerstandes bzw. der Diode entnehmen Sie bitte Ihren Unterlagen.<\/span><\/p>\n<p>[\/et_pb_text][\/et_pb_column][\/et_pb_row][\/et_pb_section]<\/p>\n","protected":false},"excerpt":{"rendered":"<p>Umbau Pilzleuchten (Brawa 4643) auf LED-Technik Folgender Umbau ist vorgesehen Austausch der Gl\u00fchlampen gegen SMD-Leuchtdioden Folgende Materialien werden ben\u00f6tigt: 1 x SMD-LED wei\u00df 0406 1 x Widerstand 1,2 kOhm Metallschicht 1 x Diode (bei Betrieb an Wechselspannung) UmbauanleitungDas ist das Ausgangsmodell. Wichtig war es mir, das die SMD-Leuchtdioden nach unten strahlt !Zuerst wird der Lampenschirm [&hellip;]<\/p>\n","protected":false},"author":1,"featured_media":0,"parent":0,"menu_order":0,"comment_status":"closed","ping_status":"closed","template":"","meta":{"_et_pb_use_builder":"on","_et_pb_old_content":"","_et_gb_content_width":"","footnotes":""},"class_list":["post-530","page","type-page","status-publish","hentry"],"_links":{"self":[{"href":"https:\/\/teico44.com\/index.php?rest_route=\/wp\/v2\/pages\/530","targetHints":{"allow":["GET"]}}],"collection":[{"href":"https:\/\/teico44.com\/index.php?rest_route=\/wp\/v2\/pages"}],"about":[{"href":"https:\/\/teico44.com\/index.php?rest_route=\/wp\/v2\/types\/page"}],"author":[{"embeddable":true,"href":"https:\/\/teico44.com\/index.php?rest_route=\/wp\/v2\/users\/1"}],"replies":[{"embeddable":true,"href":"https:\/\/teico44.com\/index.php?rest_route=%2Fwp%2Fv2%2Fcomments&post=530"}],"version-history":[{"count":5,"href":"https:\/\/teico44.com\/index.php?rest_route=\/wp\/v2\/pages\/530\/revisions"}],"predecessor-version":[{"id":3317,"href":"https:\/\/teico44.com\/index.php?rest_route=\/wp\/v2\/pages\/530\/revisions\/3317"}],"wp:attachment":[{"href":"https:\/\/teico44.com\/index.php?rest_route=%2Fwp%2Fv2%2Fmedia&parent=530"}],"curies":[{"name":"wp","href":"https:\/\/api.w.org\/{rel}","templated":true}]}}