{"id":517,"date":"2020-02-17T17:49:23","date_gmt":"2020-02-17T17:49:23","guid":{"rendered":"https:\/\/teico44.com\/?page_id=517"},"modified":"2021-10-09T03:59:36","modified_gmt":"2021-10-09T03:59:36","slug":"umbau-trabant","status":"publish","type":"page","link":"https:\/\/teico44.com\/?page_id=517","title":{"rendered":"Umbau Trabant"},"content":{"rendered":"<p>[et_pb_section fb_built=&#8220;1&#8243; _builder_version=&#8220;4.3.2&#8243; global_colors_info=&#8220;{}&#8220;][et_pb_row _builder_version=&#8220;4.4.1&#8243; max_width=&#8220;950px&#8220; global_colors_info=&#8220;{}&#8220;][et_pb_column type=&#8220;4_4&#8243; _builder_version=&#8220;4.3.2&#8243; global_colors_info=&#8220;{}&#8220;][et_pb_text _builder_version=&#8220;4.11.2&#8243; hover_enabled=&#8220;0&#8243; global_colors_info=&#8220;{}&#8220; sticky_enabled=&#8220;0&#8243;]<\/p>\n<h1><span style=\"color: #000000;\"><strong>Umbau des Trabant 601 (IMU) auf LED-Scheinwerfer<\/strong><\/span><\/h1>\n<p><span style=\"color: #000000;\"><strong><\/strong><\/span><\/p>\n<p><span style=\"color: #000000;\"><strong><\/strong><\/span><\/p>\n<p><span style=\"color: #000000;\"><strong>Folgender Umbau war vorgesehen<\/strong><\/span><\/p>\n<p><span style=\"color: #000000;\">Einbau SMD-Leuchtdioden (Frontscheinwerfer)<br \/><\/span><\/p>\n<p><span style=\"color: #000000;\"><strong>Folgende Materialien werden ben\u00f6tigt<\/strong><\/span><\/p>\n<p><span style=\"color: #000000;\"><\/span><\/p>\n<ul>\n<li><span style=\"color: #000000;\">2 x SMD-LED wei\u00df 0602 warmwei\u00df<br \/><\/span><\/li>\n<li><span style=\"color: #000000;\">1 x Widerstand 9,1 kOhm Metallschicht<\/span><\/li>\n<\/ul>\n<p>[\/et_pb_text][\/et_pb_column][\/et_pb_row][et_pb_row _builder_version=&#8220;4.11.1&#8243; _module_preset=&#8220;default&#8220; global_colors_info=&#8220;{}&#8220;][et_pb_column type=&#8220;4_4&#8243; _builder_version=&#8220;4.11.1&#8243; _module_preset=&#8220;default&#8220; global_colors_info=&#8220;{}&#8220;][et_pb_text _builder_version=&#8220;4.11.2&#8243; _module_preset=&#8220;default&#8220; hover_enabled=&#8220;0&#8243; global_colors_info=&#8220;{}&#8220; sticky_enabled=&#8220;0&#8243;]<\/p>\n<h5><span style=\"color: #000000;\"><strong>Umbauanleitung<\/strong><\/span><\/h5>\n<p>[\/et_pb_text][\/et_pb_column][\/et_pb_row][et_pb_row _builder_version=&#8220;4.3.2&#8243; max_width=&#8220;950px&#8220; global_colors_info=&#8220;{}&#8220;][et_pb_column type=&#8220;4_4&#8243; _builder_version=&#8220;4.3.2&#8243; global_colors_info=&#8220;{}&#8220;][et_pb_text _builder_version=&#8220;4.11.1&#8243; global_colors_info=&#8220;{}&#8220;]<\/p>\n<p class=\"wb-stl-subtitle\"><span style=\"color: #000000;\"><strong>Voraussetzung auf meiner Anlage<\/strong><\/span><\/p>\n<p class=\"wb-stl-subtitle\"><span style=\"color: #000000;\">F\u00fcr die Beleuchtung Stra\u00dfenfahrzeuge, Fahrr\u00e4der, Motorr\u00e4der und Stra\u00dfenbahnen habe ich eine separate Stromversorgung mit 6 V Gleichspannung. <\/span><span style=\"color: #000000;\">Die Leuchtdioden werden jeweils in Reihe geschalten (2 x wei\u00df bzw. 2 x rot). Die Kabel werden dann per 4 mm Bohrung unter die Anlage verlegt, wo sich auch die jeweiligen Widerst\u00e4nde befinden. F\u00fcr die LED-Scheinwerfer habe ich einen 9,1 KOhm Widerstand, f\u00fcr die R\u00fccklichter einen 22 kOhm Widerstand im Einsatz. Es sollen ja schlie\u00dflich keine &#8222;Flutscheinwerfer sein&#8220;. <\/span><span style=\"color: #000000;\">Es werden auch immer nur dort Leuchtdioden eingebaut, die ich von\u00a0 meinem Bedienerplatz sehen kann. Die SMD-Leuchtdioden sind entweder in die Geh\u00e4use eingebaut oder wie bei Lkws unter der Sto\u00dfstange angeklebt.<\/span><\/p>\n<p>[\/et_pb_text][\/et_pb_column][\/et_pb_row][et_pb_row column_structure=&#8220;1_2,1_2&#8243; _builder_version=&#8220;4.3.2&#8243; max_width=&#8220;950px&#8220; global_colors_info=&#8220;{}&#8220;][et_pb_column type=&#8220;1_2&#8243; _builder_version=&#8220;4.3.2&#8243; global_colors_info=&#8220;{}&#8220;][et_pb_image src=&#8220;https:\/\/teico44.com\/wp-content\/uploads\/2020\/02\/Trabbi-01.jpg&#8220; _builder_version=&#8220;4.3.2&#8243; global_colors_info=&#8220;{}&#8220;][\/et_pb_image][\/et_pb_column][et_pb_column type=&#8220;1_2&#8243; _builder_version=&#8220;4.3.2&#8243; global_colors_info=&#8220;{}&#8220;][et_pb_text _builder_version=&#8220;4.11.1&#8243; global_colors_info=&#8220;{}&#8220;]<\/p>\n<p class=\"wb-stl-subtitle\"><span style=\"color: #000000;\">In diesem Fall steht der Trabant frontal zu meiner Blickrichtung auf der Anlage, ich sehen die R\u00fccklichter \u00fcberhaupt nicht. Deshalb hat er nur Scheinwerfer. Zuerst werden die entsprechenden Bohrungen in den Scheinwerfern vorgenommen. Anschlie\u00dfend wird ein St\u00fcck Lichtleiter eingesteckt und von <strong>innen plan<\/strong> am Geh\u00e4use mit Sekundenkleber fixiert. Anschlie\u00dfend klebt man die beiden SMD-Leuchtdioden mit Sekundenkleber-Gel auf die Lichtleiter auf.<\/span><\/p>\n<p>[\/et_pb_text][\/et_pb_column][\/et_pb_row][et_pb_row column_structure=&#8220;1_2,1_2&#8243; _builder_version=&#8220;4.3.2&#8243; max_width=&#8220;950px&#8220; global_colors_info=&#8220;{}&#8220;][et_pb_column type=&#8220;1_2&#8243; _builder_version=&#8220;4.3.2&#8243; global_colors_info=&#8220;{}&#8220;][et_pb_image src=&#8220;https:\/\/teico44.com\/wp-content\/uploads\/2020\/02\/Trabbi-02.jpg&#8220; _builder_version=&#8220;4.3.2&#8243; global_colors_info=&#8220;{}&#8220;][\/et_pb_image][\/et_pb_column][et_pb_column type=&#8220;1_2&#8243; _builder_version=&#8220;4.3.2&#8243; global_colors_info=&#8220;{}&#8220;][et_pb_text _builder_version=&#8220;4.11.1&#8243; global_colors_info=&#8220;{}&#8220;]<\/p>\n<p class=\"wb-stl-subtitle\"><span style=\"color: #050505;\"><span style=\"color: #000000;\">Nachdem man fluchend mehrere Fehlversuche beim Einkleben hatte (Grins), kleben jetzt die SMD-Leuchtdioden fest am Lichtleiter. <\/span><\/span><\/p>\n<p class=\"wb-stl-subtitle\"><span style=\"color: #050505;\"><span style=\"color: #000000;\">Anschlie\u00dfemd testet man die Lichtausbeute mit einem LED-Tester.<\/span><br \/><\/span><\/p>\n<p>[\/et_pb_text][\/et_pb_column][\/et_pb_row][et_pb_row column_structure=&#8220;1_2,1_2&#8243; _builder_version=&#8220;4.3.2&#8243; max_width=&#8220;950px&#8220; global_colors_info=&#8220;{}&#8220;][et_pb_column type=&#8220;1_2&#8243; _builder_version=&#8220;4.3.2&#8243; global_colors_info=&#8220;{}&#8220;][et_pb_image src=&#8220;https:\/\/teico44.com\/wp-content\/uploads\/2020\/02\/Trabbi-03.jpg&#8220; _builder_version=&#8220;4.3.2&#8243; global_colors_info=&#8220;{}&#8220;][\/et_pb_image][\/et_pb_column][et_pb_column type=&#8220;1_2&#8243; _builder_version=&#8220;4.3.2&#8243; global_colors_info=&#8220;{}&#8220;][et_pb_text _builder_version=&#8220;4.11.1&#8243; global_colors_info=&#8220;{}&#8220;]<\/p>\n<p class=\"wb-stl-subtitle\"><span style=\"color: #000000;\">Jetzt ist eine Lichtkontrolle erforderlich, ob die SMD-Leuchtdioden richtig auf den Lichtleitern befestigt sind (Test mit LED-Tester). <\/span><\/p>\n<p class=\"wb-stl-subtitle\"><span style=\"color: #000000;\">Wenn das nicht so ist, das Ganze noch einmal von vorn.<\/span><\/p>\n<p>[\/et_pb_text][\/et_pb_column][\/et_pb_row][et_pb_row column_structure=&#8220;1_2,1_2&#8243; _builder_version=&#8220;4.3.2&#8243; max_width=&#8220;950px&#8220; global_colors_info=&#8220;{}&#8220;][et_pb_column type=&#8220;1_2&#8243; _builder_version=&#8220;4.3.2&#8243; global_colors_info=&#8220;{}&#8220;][et_pb_image src=&#8220;https:\/\/teico44.com\/wp-content\/uploads\/2020\/02\/Trabbi-04.jpg&#8220; _builder_version=&#8220;4.3.2&#8243; global_colors_info=&#8220;{}&#8220;][\/et_pb_image][\/et_pb_column][et_pb_column type=&#8220;1_2&#8243; _builder_version=&#8220;4.3.2&#8243; global_colors_info=&#8220;{}&#8220;][et_pb_text _builder_version=&#8220;4.11.1&#8243; global_colors_info=&#8220;{}&#8220;]<\/p>\n<p class=\"wb-stl-subtitle\"><span style=\"color: #000000;\">Jetzt mu\u00df das Geh\u00e4use und die Leuchtdioden lichtdicht gemacht werden. Ich nehme Revell Aqua Schwarz und streiche alles kr\u00e4ftig ein.<\/span><\/p>\n<p class=\"wb-stl-subtitle\"><span style=\"color: #000000;\">Hinweis: auch die Geh\u00e4useinnenfl\u00e4chen mit streichen.<\/span><\/p>\n<p>[\/et_pb_text][\/et_pb_column][\/et_pb_row][et_pb_row column_structure=&#8220;1_2,1_2&#8243; _builder_version=&#8220;4.3.2&#8243; max_width=&#8220;950px&#8220; global_colors_info=&#8220;{}&#8220;][et_pb_column type=&#8220;1_2&#8243; _builder_version=&#8220;4.3.2&#8243; global_colors_info=&#8220;{}&#8220;][et_pb_image src=&#8220;https:\/\/teico44.com\/wp-content\/uploads\/2020\/02\/Trabbi-05.jpg&#8220; _builder_version=&#8220;4.3.2&#8243; global_colors_info=&#8220;{}&#8220;][\/et_pb_image][\/et_pb_column][et_pb_column type=&#8220;1_2&#8243; _builder_version=&#8220;4.3.2&#8243; global_colors_info=&#8220;{}&#8220;][et_pb_text _builder_version=&#8220;4.11.1&#8243; global_colors_info=&#8220;{}&#8220;]<\/p>\n<p class=\"wb-stl-subtitle\"><span style=\"color: #000000;\">Man sieht, nach einmal streichen ist es noch nicht erledigt. Teilweise habe ich bis zu 4 x nachstreichen m\u00fcssen. <\/span><\/p>\n<p class=\"wb-stl-subtitle\"><span style=\"color: #000000;\">Dazwischen habe ich der Farbe 24 Stunden Zeit zum Trocknen gegeben.<\/span><\/p>\n<p>[\/et_pb_text][\/et_pb_column][\/et_pb_row][et_pb_row column_structure=&#8220;1_2,1_2&#8243; _builder_version=&#8220;4.3.2&#8243; max_width=&#8220;950px&#8220; global_colors_info=&#8220;{}&#8220;][et_pb_column type=&#8220;1_2&#8243; _builder_version=&#8220;4.3.2&#8243; global_colors_info=&#8220;{}&#8220;][et_pb_image src=&#8220;https:\/\/teico44.com\/wp-content\/uploads\/2020\/02\/Trabbi-06.jpg&#8220; _builder_version=&#8220;4.3.2&#8243; global_colors_info=&#8220;{}&#8220;][\/et_pb_image][\/et_pb_column][et_pb_column type=&#8220;1_2&#8243; _builder_version=&#8220;4.3.2&#8243; global_colors_info=&#8220;{}&#8220;][et_pb_text _builder_version=&#8220;4.11.1&#8243; global_colors_info=&#8220;{}&#8220;]<\/p>\n<p class=\"wb-stl-subtitle\"><span style=\"color: #000000;\">Leuchtet jetzt das Licht nur noch durch die Lichtleiter, hat man es geschafft. Im Fahrzeugboden wird ein 2 mm Loch gebohrt und die Kabel durchgesteckt. Jetzt kommt das Interessante am Basteln, bekommt man das Geh\u00e4use richtig drauf ? Wenn ja sind die Arbeiten abgeschlossen, wenn nicht mu\u00df man eben noch ein bischen feilen &#8230;<\/span><\/p>\n<p class=\"wb-stl-subtitle\"><span style=\"color: #000000;\">Hinweis: Da bei mir die Widerst\u00e4nde unter der Anlage sind, werden 4 Kabel durch den Fahrzeugboden gesteckt. Das Verl\u00f6ten der Reichenschaltung der Leuchtdioden wird unter der Anlage durchgef\u00fchrt. <\/span><\/p>\n<p class=\"wb-stl-subtitle\"><span style=\"color: #000000;\">Jetzt wird eine 4 mm Bohrung durch die Stra\u00dfe gebohrt, die Kabel durchgesteckt. Dann wird noch einmal per LED-Tester das Licht gepr\u00fcft. Ist alle in Ordnung wird das Modell mit Sekundenkleber &#8211; Gel aufgeklebt.<\/span><\/p>\n<p>[\/et_pb_text][\/et_pb_column][\/et_pb_row][et_pb_row column_structure=&#8220;1_2,1_2&#8243; _builder_version=&#8220;4.3.2&#8243; max_width=&#8220;950px&#8220; global_colors_info=&#8220;{}&#8220;][et_pb_column type=&#8220;1_2&#8243; _builder_version=&#8220;4.3.2&#8243; global_colors_info=&#8220;{}&#8220;][et_pb_image src=&#8220;https:\/\/teico44.com\/wp-content\/uploads\/2020\/02\/Trabbi-07.jpg&#8220; _builder_version=&#8220;4.3.2&#8243; global_colors_info=&#8220;{}&#8220;][\/et_pb_image][\/et_pb_column][et_pb_column type=&#8220;1_2&#8243; _builder_version=&#8220;4.3.2&#8243; global_colors_info=&#8220;{}&#8220;][et_pb_text _builder_version=&#8220;4.11.1&#8243; global_colors_info=&#8220;{}&#8220;]<\/p>\n<p><span style=\"color: #000000;\"><strong>Hier ist das fertige Ergebnis.<\/strong><\/span><\/p>\n<p><span style=\"color: #ff0000;\">Wichtiger Hinweis:<\/span><\/p>\n<p><span style=\"color: #ff0000;\">F\u00fcr eventuelle Sch\u00e4den bei Ihnen bin ich nicht verantwortlich ! <\/span><\/p>\n<p><span style=\"color: #ff0000;\">Die angegebenen Werte der Bauelemente beziehen sich auf eine Gleichspannung\u00a0 von 6 Volt.<\/span><\/p>\n<p>[\/et_pb_text][\/et_pb_column][\/et_pb_row][et_pb_row _builder_version=&#8220;4.4.1&#8243; max_width=&#8220;950px&#8220; global_colors_info=&#8220;{}&#8220;][et_pb_column type=&#8220;4_4&#8243; _builder_version=&#8220;4.4.1&#8243; global_colors_info=&#8220;{}&#8220;][et_pb_text _builder_version=&#8220;4.11.1&#8243; global_colors_info=&#8220;{}&#8220;]<\/p>\n<p><span style=\"color: #000000;\">Hier noch ein paar Beispiele von anderen Modellen. <\/span><\/p>\n<p><span style=\"color: #000000;\">Skoda MB 1000 (Scheinwerfer + R\u00fccklicht), Saporoshez (Scheinwerfer), Trabant (Scheinwerfer)<\/span><\/p>\n<p>[\/et_pb_text][\/et_pb_column][\/et_pb_row][et_pb_row column_structure=&#8220;1_2,1_2&#8243; _builder_version=&#8220;4.4.1&#8243; max_width=&#8220;950px&#8220; global_colors_info=&#8220;{}&#8220;][et_pb_column type=&#8220;1_2&#8243; _builder_version=&#8220;4.4.1&#8243; global_colors_info=&#8220;{}&#8220;][et_pb_image src=&#8220;https:\/\/teico44.com\/wp-content\/uploads\/2020\/03\/Skoda-vorn.jpg&#8220; _builder_version=&#8220;4.4.1&#8243; global_colors_info=&#8220;{}&#8220;][\/et_pb_image][\/et_pb_column][et_pb_column type=&#8220;1_2&#8243; _builder_version=&#8220;4.4.1&#8243; global_colors_info=&#8220;{}&#8220;][et_pb_image src=&#8220;https:\/\/teico44.com\/wp-content\/uploads\/2020\/03\/Skoda-hinten.jpg&#8220; _builder_version=&#8220;4.4.1&#8243; global_colors_info=&#8220;{}&#8220;][\/et_pb_image][\/et_pb_column][\/et_pb_row][et_pb_row column_structure=&#8220;1_2,1_2&#8243; _builder_version=&#8220;4.4.1&#8243; global_colors_info=&#8220;{}&#8220;][et_pb_column type=&#8220;1_2&#8243; _builder_version=&#8220;4.4.1&#8243; global_colors_info=&#8220;{}&#8220;][et_pb_image src=&#8220;https:\/\/teico44.com\/wp-content\/uploads\/2020\/03\/Sapo-vorn.jpg&#8220; _builder_version=&#8220;4.4.1&#8243; global_colors_info=&#8220;{}&#8220;][\/et_pb_image][\/et_pb_column][et_pb_column type=&#8220;1_2&#8243; _builder_version=&#8220;4.4.1&#8243; global_colors_info=&#8220;{}&#8220;][et_pb_image src=&#8220;https:\/\/teico44.com\/wp-content\/uploads\/2020\/03\/Trabbi-vorn.jpg&#8220; _builder_version=&#8220;4.4.1&#8243; global_colors_info=&#8220;{}&#8220;][\/et_pb_image][\/et_pb_column][\/et_pb_row][\/et_pb_section]<\/p>\n","protected":false},"excerpt":{"rendered":"<p>Umbau des Trabant 601 (IMU) auf LED-Scheinwerfer Folgender Umbau war vorgesehen Einbau SMD-Leuchtdioden (Frontscheinwerfer) Folgende Materialien werden ben\u00f6tigt 2 x SMD-LED wei\u00df 0602 warmwei\u00df 1 x Widerstand 9,1 kOhm Metallschicht UmbauanleitungVoraussetzung auf meiner Anlage F\u00fcr die Beleuchtung Stra\u00dfenfahrzeuge, Fahrr\u00e4der, Motorr\u00e4der und Stra\u00dfenbahnen habe ich eine separate Stromversorgung mit 6 V Gleichspannung. Die Leuchtdioden werden jeweils [&hellip;]<\/p>\n","protected":false},"author":1,"featured_media":0,"parent":0,"menu_order":0,"comment_status":"closed","ping_status":"closed","template":"","meta":{"_et_pb_use_builder":"on","_et_pb_old_content":"","_et_gb_content_width":"","footnotes":""},"class_list":["post-517","page","type-page","status-publish","hentry"],"_links":{"self":[{"href":"https:\/\/teico44.com\/index.php?rest_route=\/wp\/v2\/pages\/517","targetHints":{"allow":["GET"]}}],"collection":[{"href":"https:\/\/teico44.com\/index.php?rest_route=\/wp\/v2\/pages"}],"about":[{"href":"https:\/\/teico44.com\/index.php?rest_route=\/wp\/v2\/types\/page"}],"author":[{"embeddable":true,"href":"https:\/\/teico44.com\/index.php?rest_route=\/wp\/v2\/users\/1"}],"replies":[{"embeddable":true,"href":"https:\/\/teico44.com\/index.php?rest_route=%2Fwp%2Fv2%2Fcomments&post=517"}],"version-history":[{"count":7,"href":"https:\/\/teico44.com\/index.php?rest_route=\/wp\/v2\/pages\/517\/revisions"}],"predecessor-version":[{"id":3318,"href":"https:\/\/teico44.com\/index.php?rest_route=\/wp\/v2\/pages\/517\/revisions\/3318"}],"wp:attachment":[{"href":"https:\/\/teico44.com\/index.php?rest_route=%2Fwp%2Fv2%2Fmedia&parent=517"}],"curies":[{"name":"wp","href":"https:\/\/api.w.org\/{rel}","templated":true}]}}