{"id":434,"date":"2020-02-17T12:11:10","date_gmt":"2020-02-17T12:11:10","guid":{"rendered":"https:\/\/teico44.com\/?page_id=434"},"modified":"2021-10-08T20:01:31","modified_gmt":"2021-10-08T20:01:31","slug":"umbau-br-18","status":"publish","type":"page","link":"https:\/\/teico44.com\/?page_id=434","title":{"rendered":"Umbau BR 18"},"content":{"rendered":"<p>[et_pb_section fb_built=&#8220;1&#8243; _builder_version=&#8220;4.3.2&#8243; global_colors_info=&#8220;{}&#8220;][et_pb_row _builder_version=&#8220;4.3.2&#8243; max_width=&#8220;950px&#8220; global_colors_info=&#8220;{}&#8220;][et_pb_column type=&#8220;4_4&#8243; _builder_version=&#8220;4.3.2&#8243; global_colors_info=&#8220;{}&#8220;][et_pb_text _builder_version=&#8220;4.11.2&#8243; hover_enabled=&#8220;0&#8243; global_colors_info=&#8220;{}&#8220; sticky_enabled=&#8220;0&#8243;]<\/p>\n<h1><span style=\"color: #000000;\"><strong>Umbau der BR 18 (Arnold-alt) auf LED-Scheinwerfer<\/strong><\/span><\/h1>\n<p><span style=\"color: #000000;\"><strong><\/strong><\/span><\/p>\n<p><span style=\"color: #000000;\"><strong><\/strong><\/span><\/p>\n<p><span style=\"color: #000000;\"><strong>Folgender Umbau war vorgesehen<\/strong><\/span><\/p>\n<p><span style=\"color: #000000;\">Austausch der Gl\u00fchlampen gegen SMD-Leuchtdioden<\/span><\/p>\n<p><span style=\"color: #000000;\"><strong>Folgende Materialien werden ben\u00f6tigt<\/strong><\/span><\/p>\n<p><span style=\"color: #000000;\"><strong><\/strong><\/span><\/p>\n<ul>\n<li><span style=\"color: #000000;\">2 x SMD-LED wei\u00df 0805<br \/><\/span><\/li>\n<li><span style=\"color: #000000;\">2 x Widerstand 1,2 kOhm Metallschicht<\/span><\/li>\n<\/ul>\n<p>[\/et_pb_text][\/et_pb_column][\/et_pb_row][et_pb_row _builder_version=&#8220;4.11.1&#8243; _module_preset=&#8220;default&#8220; global_colors_info=&#8220;{}&#8220;][et_pb_column type=&#8220;4_4&#8243; _builder_version=&#8220;4.11.1&#8243; _module_preset=&#8220;default&#8220; global_colors_info=&#8220;{}&#8220;][et_pb_text _builder_version=&#8220;4.11.2&#8243; _module_preset=&#8220;default&#8220; hover_enabled=&#8220;0&#8243; global_colors_info=&#8220;{}&#8220; sticky_enabled=&#8220;0&#8243;]<\/p>\n<h5><strong><span style=\"color: #000000;\">Umbauanleitung<\/span><\/strong><\/h5>\n<p>[\/et_pb_text][\/et_pb_column][\/et_pb_row][et_pb_row column_structure=&#8220;1_2,1_2&#8243; _builder_version=&#8220;4.3.2&#8243; max_width=&#8220;950px&#8220; global_colors_info=&#8220;{}&#8220;][et_pb_column type=&#8220;1_2&#8243; _builder_version=&#8220;4.3.2&#8243; global_colors_info=&#8220;{}&#8220;][et_pb_image src=&#8220;https:\/\/teico44.com\/wp-content\/uploads\/2020\/02\/BR18-01.jpg&#8220; _builder_version=&#8220;4.3.2&#8243; global_colors_info=&#8220;{}&#8220;][\/et_pb_image][\/et_pb_column][et_pb_column type=&#8220;1_2&#8243; _builder_version=&#8220;4.3.2&#8243; global_colors_info=&#8220;{}&#8220;][et_pb_text _builder_version=&#8220;4.11.1&#8243; global_colors_info=&#8220;{}&#8220;]<\/p>\n<p><span style=\"color: #000000;\">Zuerst wird das Geh\u00e4use der Dampflok abgenommen. Der Schornstein wird entfernt, darunter befindet sich die Schraube. Anschlie\u00dfend wird der F\u00fchrerstand auf beiden Seiten aus der Halterung ausgeklipst. Dann wird der Kessel komplett abgenommen. und die Sch\u00fcrze nach oben weggezogen. Bitte auf das rote Plasteteil (viereckig) achten, dies kann nur in einer Richtung wieder eingebaut werden. F\u00fcr die Lokomotive werden bei einer bedrahtete SMD-Leuchtdiode die Anschl\u00fcsse um 90 Grad abgewinkelt und mit Schrumpfschlauch fixiert (dies dient zum Ankleben an der R\u00fcckwand des Beleuchtungsschachtes).<\/span><br \/><span style=\"color: #000000;\"><\/span><\/p>\n<p><span style=\"color: #000000;\"><\/span><\/p>\n<p>[\/et_pb_text][\/et_pb_column][\/et_pb_row][et_pb_row column_structure=&#8220;1_2,1_2&#8243; _builder_version=&#8220;4.3.2&#8243; max_width=&#8220;950px&#8220; global_colors_info=&#8220;{}&#8220;][et_pb_column type=&#8220;1_2&#8243; _builder_version=&#8220;4.3.2&#8243; global_colors_info=&#8220;{}&#8220;][et_pb_image src=&#8220;https:\/\/teico44.com\/wp-content\/uploads\/2020\/02\/BR18-02.jpg&#8220; _builder_version=&#8220;4.3.2&#8243; global_colors_info=&#8220;{}&#8220;][\/et_pb_image][\/et_pb_column][et_pb_column type=&#8220;1_2&#8243; _builder_version=&#8220;4.3.2&#8243; global_colors_info=&#8220;{}&#8220;][et_pb_text _builder_version=&#8220;4.11.1&#8243; global_colors_info=&#8220;{}&#8220;]<\/p>\n<p><span style=\"color: #000000;\">Die Gl\u00fchlampe auf der Platine mit den Stromabnehmern wird abgel\u00f6tet und die Platine wird vorn bis zur Bohrung gek\u00fcrzt (wegen der Anschlusskabel der Leuchtdiode). Dann wird die SMD-Leuchtdiode von oben eingef\u00e4delt und an der R\u00fcckwand des Beleuchtungsschachtes mit Sekundenkleber-Gel am Schrumpfschlauch angeklebt.<\/span><\/p>\n<p>[\/et_pb_text][\/et_pb_column][\/et_pb_row][et_pb_row column_structure=&#8220;1_2,1_2&#8243; _builder_version=&#8220;4.3.2&#8243; max_width=&#8220;950px&#8220; global_colors_info=&#8220;{}&#8220;][et_pb_column type=&#8220;1_2&#8243; _builder_version=&#8220;4.3.2&#8243; global_colors_info=&#8220;{}&#8220;][et_pb_image src=&#8220;https:\/\/teico44.com\/wp-content\/uploads\/2020\/02\/BR18-03.jpg&#8220; _builder_version=&#8220;4.3.2&#8243; global_colors_info=&#8220;{}&#8220;][\/et_pb_image][\/et_pb_column][et_pb_column type=&#8220;1_2&#8243; _builder_version=&#8220;4.3.2&#8243; global_colors_info=&#8220;{}&#8220;][et_pb_text _builder_version=&#8220;4.11.1&#8243; global_colors_info=&#8220;{}&#8220;]<\/p>\n<p><span style=\"color: #000000;\">Nachdem man die Sch\u00fcrze wieder aufgesetzt hat, wird die Polarit\u00e4tspr\u00fcfung der Leuchtdiode vorgenommen. Der eine Anschlussdraht wird direkt an die Platine angel\u00f6tet, der zweite Anschlussdraht an dem Widerstand. Dieser wird dann von beiden Seiten mit einem St\u00fcck Schrumpfschlauch ummantelt und auch an die Platine angel\u00f6tet. Nach Ausrichtung der Kabel wird der Kessel wieder aufgesetzt und leicht festgeschraubt. Anschlie\u00dfend wird der F\u00fchrerstand wieder eingeklipst.<\/span><br \/><span style=\"color: #000000;\"><\/span><\/p>\n<p><span style=\"color: #000000;\"><\/span><\/p>\n<p><span style=\"color: #000000;\"><\/span><\/p>\n<p><span style=\"color: #000000;\"><\/span><\/p>\n<p>[\/et_pb_text][\/et_pb_column][\/et_pb_row][et_pb_row column_structure=&#8220;1_2,1_2&#8243; _builder_version=&#8220;4.3.2&#8243; max_width=&#8220;950px&#8220; global_colors_info=&#8220;{}&#8220;][et_pb_column type=&#8220;1_2&#8243; _builder_version=&#8220;4.3.2&#8243; global_colors_info=&#8220;{}&#8220;][et_pb_image src=&#8220;https:\/\/teico44.com\/wp-content\/uploads\/2020\/02\/BR18-04.jpg&#8220; _builder_version=&#8220;4.3.2&#8243; global_colors_info=&#8220;{}&#8220;][\/et_pb_image][\/et_pb_column][et_pb_column type=&#8220;1_2&#8243; _builder_version=&#8220;4.3.2&#8243; global_colors_info=&#8220;{}&#8220;][et_pb_text _builder_version=&#8220;4.11.1&#8243; global_colors_info=&#8220;{}&#8220;]<\/p>\n<p><span style=\"color: #000000;\">Jetzt wird der Kohleaufsatz des Tenders nach oben abgehoben. Am Tender befinden sich vorn zwei Leitern, diese werden mit einem Uhrmacherschraubendreher nach vorn ausgeklipst (auf beiden Seiten). Dann kann das Tendergeh\u00e4use nach oben (nach hinten ziehen) abgenommen werden. F\u00fcr den Tender wird eine zweite SMD-Leuchtdiode mit Schrumpfschlauch fixiert (siehe oben) und es wird eine Polarit\u00e4tspr\u00fcfung der Leuchtdiode vorgenommen.<br \/><\/span><\/p>\n<p>[\/et_pb_text][\/et_pb_column][\/et_pb_row][et_pb_row column_structure=&#8220;1_2,1_2&#8243; _builder_version=&#8220;4.3.2&#8243; max_width=&#8220;950px&#8220; global_colors_info=&#8220;{}&#8220;][et_pb_column type=&#8220;1_2&#8243; _builder_version=&#8220;4.3.2&#8243; global_colors_info=&#8220;{}&#8220;][et_pb_image src=&#8220;https:\/\/teico44.com\/wp-content\/uploads\/2020\/02\/BR18-05.jpg&#8220; _builder_version=&#8220;4.3.2&#8243; global_colors_info=&#8220;{}&#8220;][\/et_pb_image][\/et_pb_column][et_pb_column type=&#8220;1_2&#8243; _builder_version=&#8220;4.3.2&#8243; global_colors_info=&#8220;{}&#8220;][et_pb_text _builder_version=&#8220;4.11.1&#8243; global_colors_info=&#8220;{}&#8220;]<\/p>\n<p><span style=\"color: #000000;\">Die vorhandene Gl\u00fchlampe wird ausgel\u00f6tet und ein Anschlussdraht der Leuchtdiode wird direkt an die Platine (Gl\u00fchlampenanschlu\u00df) angel\u00f6tet. Dann wird ein St\u00fcck Decoderlitze am zweiten Gl\u00fchlampenanschlu\u00df angel\u00f6tet, dieser geht dann zum Widerstand. Anschlie\u00dfend wird die SMD-Leuchtdiode mit Sekundenkleber-Gel am Schrumpfschlauch auf der Platine angeklebt. Jetzt wird eine Funktionspr\u00fcfung vorgenommen, die beiden Kabel werden dann in das Innere des Tenders gelegt.<\/span><br \/><span style=\"color: #000000;\"><\/span><\/p>\n<p><span style=\"color: #000000;\"><\/span><\/p>\n<p><span style=\"color: #000000;\"><\/span><\/p>\n<p>[\/et_pb_text][\/et_pb_column][\/et_pb_row][et_pb_row column_structure=&#8220;1_2,1_2&#8243; _builder_version=&#8220;4.3.2&#8243; max_width=&#8220;950px&#8220; global_colors_info=&#8220;{}&#8220;][et_pb_column type=&#8220;1_2&#8243; _builder_version=&#8220;4.3.2&#8243; global_colors_info=&#8220;{}&#8220;][et_pb_image src=&#8220;https:\/\/teico44.com\/wp-content\/uploads\/2020\/02\/BR18-06.jpg&#8220; _builder_version=&#8220;4.3.2&#8243; global_colors_info=&#8220;{}&#8220;][\/et_pb_image][\/et_pb_column][et_pb_column type=&#8220;1_2&#8243; _builder_version=&#8220;4.3.2&#8243; global_colors_info=&#8220;{}&#8220;][et_pb_text _builder_version=&#8220;4.11.1&#8243; global_colors_info=&#8220;{}&#8220;]<\/p>\n<p><span style=\"color: #000000;\">Nun wird das Tendergeh\u00e4use wieder aufgesetzt und die beiden Leitern werden dann wieder eingeklipst. Der Widerstand wird dann im Tendergeh\u00e4use (\u00fcber dem Motor) mit den beiden Anschlusskabeln verbunden und mit Schrumpfschlauch richtig isoliert. Dann werden die Kabel im Tendergeh\u00e4use fixiert und der Kohleaufsatz wird wieder aufgesteckt.<\/span><\/p>\n<p>[\/et_pb_text][\/et_pb_column][\/et_pb_row][et_pb_row column_structure=&#8220;1_2,1_2&#8243; _builder_version=&#8220;4.3.2&#8243; max_width=&#8220;950px&#8220; global_colors_info=&#8220;{}&#8220;][et_pb_column type=&#8220;1_2&#8243; _builder_version=&#8220;4.3.2&#8243; global_colors_info=&#8220;{}&#8220;][et_pb_image src=&#8220;https:\/\/teico44.com\/wp-content\/uploads\/2020\/02\/BR18-07.jpg&#8220; _builder_version=&#8220;4.3.2&#8243; global_colors_info=&#8220;{}&#8220;][\/et_pb_image][\/et_pb_column][et_pb_column type=&#8220;1_2&#8243; _builder_version=&#8220;4.3.2&#8243; global_colors_info=&#8220;{}&#8220;][et_pb_text _builder_version=&#8220;4.11.1&#8243; global_colors_info=&#8220;{}&#8220;]<\/p>\n<p><strong><span style=\"color: #000000;\">Hier das fertige Ergebnis.<\/span><\/strong><\/p>\n<p><span style=\"color: #ff0000;\">Wichtiger Hinweis:<\/span><\/p>\n<p><span style=\"color: #ff0000;\">F\u00fcr eventuelle Sch\u00e4den bei Ihnen bin ich nicht verantwortlich. <\/span><\/p>\n<p><span style=\"color: #ff0000;\">D<\/span><span style=\"color: #ff0000;\">ie angegebenen Werte der Bauelemente beziehen sich auf eine maximale Fahrspannung von 12 Volt im Analogbetrieb.<\/span><\/p>\n<p>[\/et_pb_text][\/et_pb_column][\/et_pb_row][et_pb_row _builder_version=&#8220;4.3.2&#8243; max_width=&#8220;950px&#8220; global_colors_info=&#8220;{}&#8220;][et_pb_column type=&#8220;4_4&#8243; _builder_version=&#8220;4.3.2&#8243; global_colors_info=&#8220;{}&#8220;][et_pb_image src=&#8220;https:\/\/teico44.com\/wp-content\/uploads\/2020\/02\/BR18-08.jpg&#8220; _builder_version=&#8220;4.3.2&#8243; global_colors_info=&#8220;{}&#8220;][\/et_pb_image][\/et_pb_column][\/et_pb_row][\/et_pb_section]<\/p>\n","protected":false},"excerpt":{"rendered":"<p>Umbau der BR 18 (Arnold-alt) auf LED-Scheinwerfer Folgender Umbau war vorgesehen Austausch der Gl\u00fchlampen gegen SMD-Leuchtdioden Folgende Materialien werden ben\u00f6tigt 2 x SMD-LED wei\u00df 0805 2 x Widerstand 1,2 kOhm Metallschicht UmbauanleitungZuerst wird das Geh\u00e4use der Dampflok abgenommen. Der Schornstein wird entfernt, darunter befindet sich die Schraube. Anschlie\u00dfend wird der F\u00fchrerstand auf beiden Seiten aus [&hellip;]<\/p>\n","protected":false},"author":1,"featured_media":0,"parent":0,"menu_order":0,"comment_status":"closed","ping_status":"closed","template":"","meta":{"_et_pb_use_builder":"on","_et_pb_old_content":"","_et_gb_content_width":"","footnotes":""},"class_list":["post-434","page","type-page","status-publish","hentry"],"_links":{"self":[{"href":"https:\/\/teico44.com\/index.php?rest_route=\/wp\/v2\/pages\/434","targetHints":{"allow":["GET"]}}],"collection":[{"href":"https:\/\/teico44.com\/index.php?rest_route=\/wp\/v2\/pages"}],"about":[{"href":"https:\/\/teico44.com\/index.php?rest_route=\/wp\/v2\/types\/page"}],"author":[{"embeddable":true,"href":"https:\/\/teico44.com\/index.php?rest_route=\/wp\/v2\/users\/1"}],"replies":[{"embeddable":true,"href":"https:\/\/teico44.com\/index.php?rest_route=%2Fwp%2Fv2%2Fcomments&post=434"}],"version-history":[{"count":11,"href":"https:\/\/teico44.com\/index.php?rest_route=\/wp\/v2\/pages\/434\/revisions"}],"predecessor-version":[{"id":3310,"href":"https:\/\/teico44.com\/index.php?rest_route=\/wp\/v2\/pages\/434\/revisions\/3310"}],"wp:attachment":[{"href":"https:\/\/teico44.com\/index.php?rest_route=%2Fwp%2Fv2%2Fmedia&parent=434"}],"curies":[{"name":"wp","href":"https:\/\/api.w.org\/{rel}","templated":true}]}}