{"id":405,"date":"2020-02-17T11:32:06","date_gmt":"2020-02-17T11:32:06","guid":{"rendered":"https:\/\/teico44.com\/?page_id=405"},"modified":"2021-10-09T03:51:50","modified_gmt":"2021-10-09T03:51:50","slug":"umbau-br-132","status":"publish","type":"page","link":"https:\/\/teico44.com\/?page_id=405","title":{"rendered":"Umbau BR 132"},"content":{"rendered":"<p>[et_pb_section fb_built=&#8220;1&#8243; _builder_version=&#8220;4.3.2&#8243; global_colors_info=&#8220;{}&#8220;][et_pb_row _builder_version=&#8220;4.3.2&#8243; max_width=&#8220;950px&#8220; global_colors_info=&#8220;{}&#8220;][et_pb_column type=&#8220;4_4&#8243; _builder_version=&#8220;4.3.2&#8243; global_colors_info=&#8220;{}&#8220;][et_pb_text _builder_version=&#8220;4.11.2&#8243; hover_enabled=&#8220;0&#8243; global_colors_info=&#8220;{}&#8220; sticky_enabled=&#8220;0&#8243;]<\/p>\n<h1><span style=\"color: #000000;\"><strong>Umbau der BR 132 (Minitrix) auf LED-Scheinwerfer<\/strong><\/span><\/h1>\n<p><span style=\"color: #000000;\"><strong><\/strong><\/span><\/p>\n<p><span style=\"color: #000000;\"><strong><\/strong><\/span><\/p>\n<p><span style=\"color: #000000;\"><strong>Folgender Umbau war vorgesehen<\/strong><\/span><\/p>\n<p><span style=\"color: #000000;\">Austausch der Gl\u00fchlampen gegen SMD-Leuchtdioden<\/span><\/p>\n<p><span style=\"color: #000000;\"><strong>Folgende Materialien werden ben\u00f6tigt:<\/strong><\/span><\/p>\n<p><span style=\"color: #000000;\"><strong><\/strong><\/span><\/p>\n<ul>\n<li><span style=\"color: #000000;\">2 x SMD-LED wei\u00df 0805<br \/><\/span><\/li>\n<li style=\"text-align: left;\"><span style=\"color: #000000;\">1 x Widerstand 1,2 kOhm Metallschicht<\/span><\/li>\n<\/ul>\n<p>[\/et_pb_text][\/et_pb_column][\/et_pb_row][et_pb_row _builder_version=&#8220;4.11.1&#8243; _module_preset=&#8220;default&#8220; global_colors_info=&#8220;{}&#8220;][et_pb_column type=&#8220;4_4&#8243; _builder_version=&#8220;4.11.1&#8243; _module_preset=&#8220;default&#8220; global_colors_info=&#8220;{}&#8220;][et_pb_text _builder_version=&#8220;4.11.2&#8243; _module_preset=&#8220;default&#8220; hover_enabled=&#8220;0&#8243; global_colors_info=&#8220;{}&#8220; sticky_enabled=&#8220;0&#8243;]<\/p>\n<h5><span style=\"color: #000000;\"><strong>Umbauanleitung<\/strong><\/span><\/h5>\n<p>[\/et_pb_text][\/et_pb_column][\/et_pb_row][et_pb_row column_structure=&#8220;1_2,1_2&#8243; _builder_version=&#8220;4.3.2&#8243; max_width=&#8220;950px&#8220; global_colors_info=&#8220;{}&#8220;][et_pb_column type=&#8220;1_2&#8243; _builder_version=&#8220;4.3.2&#8243; global_colors_info=&#8220;{}&#8220;][et_pb_image src=&#8220;https:\/\/teico44.com\/wp-content\/uploads\/2020\/02\/BR132-01.jpg&#8220; _builder_version=&#8220;4.3.2&#8243; global_colors_info=&#8220;{}&#8220;][\/et_pb_image][\/et_pb_column][et_pb_column type=&#8220;1_2&#8243; _builder_version=&#8220;4.3.2&#8243; global_colors_info=&#8220;{}&#8220;][et_pb_text _builder_version=&#8220;4.11.1&#8243; global_colors_info=&#8220;{}&#8220;]<\/p>\n<p><span style=\"color: #000000;\">Zuerst wird das Geh\u00e4use der Diesellok vorsichtig entfernt, dabei ist das Geh\u00e4use im Bereich der Drehgestelle vorsichtig nach au\u00dfen zu spreizen und nach oben abzuziehen (eventuell mit Pappstreifen arbeiten).<\/span><br \/><span style=\"color: #000000;\"><\/span><\/p>\n<p><span style=\"color: #000000;\">Die beiden seitlichen Lampenkontakte (jeweils rechts in Fahrtrichtung) sind nach oben zu biegen, dann k\u00f6nnen die beiden Gl\u00fchlampen herausgenommen werden. Anschlie\u00dfend werden die beiden seitlichen Lampenkontakte b\u00fcndig abgeschnitten.<\/span><\/p>\n<p>[\/et_pb_text][\/et_pb_column][\/et_pb_row][et_pb_row column_structure=&#8220;1_2,1_2&#8243; _builder_version=&#8220;4.3.2&#8243; max_width=&#8220;950px&#8220; global_colors_info=&#8220;{}&#8220;][et_pb_column type=&#8220;1_2&#8243; _builder_version=&#8220;4.3.2&#8243; global_colors_info=&#8220;{}&#8220;][et_pb_image src=&#8220;https:\/\/teico44.com\/wp-content\/uploads\/2020\/02\/BR132-02.jpg&#8220; _builder_version=&#8220;4.3.2&#8243; global_colors_info=&#8220;{}&#8220;][\/et_pb_image][\/et_pb_column][et_pb_column type=&#8220;1_2&#8243; _builder_version=&#8220;4.3.2&#8243; global_colors_info=&#8220;{}&#8220;][et_pb_text _builder_version=&#8220;4.11.1&#8243; global_colors_info=&#8220;{}&#8220;]<\/p>\n<p><span style=\"color: #000000;\">Danach werden zwei Pappst\u00fccken ausgeschnitten (diese dienen zur Isolierung der LED-Anschl\u00fcsse gegen\u00fcber dem Aluminiumblock) und an beiden Lok-Enden in die \u00d6ffnung des Gl\u00fchlampenraumes mit Sekundenkleber-Gel eingeklebt. Um die optimale Helligkeit zu erreichen, sollte man helle Pappe nehmen !<br \/><\/span><\/p>\n<p>[\/et_pb_text][\/et_pb_column][\/et_pb_row][et_pb_row column_structure=&#8220;1_2,1_2&#8243; _builder_version=&#8220;4.3.2&#8243; max_width=&#8220;950px&#8220; global_colors_info=&#8220;{}&#8220;][et_pb_column type=&#8220;1_2&#8243; _builder_version=&#8220;4.3.2&#8243; global_colors_info=&#8220;{}&#8220;][et_pb_image src=&#8220;https:\/\/teico44.com\/wp-content\/uploads\/2020\/02\/BR132-03.jpg&#8220; _builder_version=&#8220;4.3.2&#8243; global_colors_info=&#8220;{}&#8220;][\/et_pb_image][\/et_pb_column][et_pb_column type=&#8220;1_2&#8243; _builder_version=&#8220;4.3.2&#8243; global_colors_info=&#8220;{}&#8220;][et_pb_text _builder_version=&#8220;4.11.1&#8243; global_colors_info=&#8220;{}&#8220;]<\/p>\n<p><span style=\"color: #000000;\">Jetzt werden die Leuchtdioden durch die seitliche Lampen\u00f6ffnung in den Raum eingef\u00fchrt und mit Sekundenkleber-Gel in der Mitte ziemlich weit vorn auf der eingeklebten Pappe aufgeklebt.<\/span><\/p>\n<p><span style=\"color: #000000;\">Ein wichtiger Hinweis, die Leuchtdiode ca. 1 bis 2 mm vom vorderen Rand entfernt einkleben, sonst passt das Geh\u00e4use nicht richtig drauf.<\/span><\/p>\n<p>[\/et_pb_text][\/et_pb_column][\/et_pb_row][et_pb_row column_structure=&#8220;1_2,1_2&#8243; _builder_version=&#8220;4.3.2&#8243; max_width=&#8220;950px&#8220; global_colors_info=&#8220;{}&#8220;][et_pb_column type=&#8220;1_2&#8243; _builder_version=&#8220;4.3.2&#8243; global_colors_info=&#8220;{}&#8220;][et_pb_image src=&#8220;https:\/\/teico44.com\/wp-content\/uploads\/2020\/02\/BR132-04.jpg&#8220; _builder_version=&#8220;4.3.2&#8243; global_colors_info=&#8220;{}&#8220;][\/et_pb_image][\/et_pb_column][et_pb_column type=&#8220;1_2&#8243; _builder_version=&#8220;4.3.2&#8243; global_colors_info=&#8220;{}&#8220;][et_pb_text _builder_version=&#8220;4.11.1&#8243; global_colors_info=&#8220;{}&#8220;]<\/p>\n<p><span style=\"color: #000000;\">Nach der Funktionsprobe der Lecutdioden werden die Anschlu\u00dfkabel vorsichtig (au\u00dfen an der Platine vorbei) auf die Platine gef\u00fchrt und angeschlossen. Der Vorwiderstand liegt direkt auf der Platine, zum Isolationsschutz ist eine Lage Isolierband darunter geklebt. Nach der Polarit\u00e4tspr\u00fcfung der Leuchtdioden k\u00f6nnen die Anschlu\u00dfdr\u00e4hte und der Vorwiderstand an geeigneten Stellen auf der Platine angel\u00f6tet werden. Zum Schlu\u00df wird das Geh\u00e4use wieder aufgesetzt.<\/span><\/p>\n<p>[\/et_pb_text][\/et_pb_column][\/et_pb_row][et_pb_row column_structure=&#8220;1_2,1_2&#8243; _builder_version=&#8220;4.3.2&#8243; max_width=&#8220;950px&#8220; global_colors_info=&#8220;{}&#8220;][et_pb_column type=&#8220;1_2&#8243; _builder_version=&#8220;4.3.2&#8243; global_colors_info=&#8220;{}&#8220;][et_pb_image src=&#8220;https:\/\/teico44.com\/wp-content\/uploads\/2020\/02\/BR132-05.jpg&#8220; _builder_version=&#8220;4.3.2&#8243; global_colors_info=&#8220;{}&#8220;][\/et_pb_image][\/et_pb_column][et_pb_column type=&#8220;1_2&#8243; _builder_version=&#8220;4.3.2&#8243; global_colors_info=&#8220;{}&#8220;][et_pb_text _builder_version=&#8220;4.11.1&#8243; global_colors_info=&#8220;{}&#8220;]<\/p>\n<p><span style=\"color: #000000;\"><strong>Hier ist das fertige Ergebnis.<\/strong><\/span><\/p>\n<p><span style=\"color: #ff0000;\">Wichtiger Hinweis:<\/span><\/p>\n<p><span style=\"color: #ff0000;\">F\u00fcr eventuelle Sch\u00e4den bei Ihnen bin ich nicht verantwortlich !<\/span><\/p>\n<p><span style=\"color: #ff0000;\">Die angegebenen Werte der Bauelemente beziehen sich auf eine maximale Fahrspannung von 12 Volt im Analogbetrieb.<\/span><\/p>\n<p>[\/et_pb_text][\/et_pb_column][\/et_pb_row][\/et_pb_section]<\/p>\n","protected":false},"excerpt":{"rendered":"<p>Umbau der BR 132 (Minitrix) auf LED-Scheinwerfer Folgender Umbau war vorgesehen Austausch der Gl\u00fchlampen gegen SMD-Leuchtdioden Folgende Materialien werden ben\u00f6tigt: 2 x SMD-LED wei\u00df 0805 1 x Widerstand 1,2 kOhm Metallschicht UmbauanleitungZuerst wird das Geh\u00e4use der Diesellok vorsichtig entfernt, dabei ist das Geh\u00e4use im Bereich der Drehgestelle vorsichtig nach au\u00dfen zu spreizen und nach oben [&hellip;]<\/p>\n","protected":false},"author":1,"featured_media":0,"parent":0,"menu_order":0,"comment_status":"closed","ping_status":"closed","template":"","meta":{"_et_pb_use_builder":"on","_et_pb_old_content":"","_et_gb_content_width":"","footnotes":""},"class_list":["post-405","page","type-page","status-publish","hentry"],"_links":{"self":[{"href":"https:\/\/teico44.com\/index.php?rest_route=\/wp\/v2\/pages\/405","targetHints":{"allow":["GET"]}}],"collection":[{"href":"https:\/\/teico44.com\/index.php?rest_route=\/wp\/v2\/pages"}],"about":[{"href":"https:\/\/teico44.com\/index.php?rest_route=\/wp\/v2\/types\/page"}],"author":[{"embeddable":true,"href":"https:\/\/teico44.com\/index.php?rest_route=\/wp\/v2\/users\/1"}],"replies":[{"embeddable":true,"href":"https:\/\/teico44.com\/index.php?rest_route=%2Fwp%2Fv2%2Fcomments&post=405"}],"version-history":[{"count":12,"href":"https:\/\/teico44.com\/index.php?rest_route=\/wp\/v2\/pages\/405\/revisions"}],"predecessor-version":[{"id":3313,"href":"https:\/\/teico44.com\/index.php?rest_route=\/wp\/v2\/pages\/405\/revisions\/3313"}],"wp:attachment":[{"href":"https:\/\/teico44.com\/index.php?rest_route=%2Fwp%2Fv2%2Fmedia&parent=405"}],"curies":[{"name":"wp","href":"https:\/\/api.w.org\/{rel}","templated":true}]}}