{"id":386,"date":"2020-02-17T09:50:39","date_gmt":"2020-02-17T09:50:39","guid":{"rendered":"https:\/\/teico44.com\/?page_id=386"},"modified":"2026-01-11T16:24:38","modified_gmt":"2026-01-11T16:24:38","slug":"gleisbildpulte","status":"publish","type":"page","link":"https:\/\/teico44.com\/?page_id=386","title":{"rendered":"Gleisbildpulte"},"content":{"rendered":"<p>[et_pb_section fb_built=&#8220;1&#8243; _builder_version=&#8220;4.16&#8243; global_colors_info=&#8220;{}&#8220;][et_pb_row _builder_version=&#8220;4.16&#8243; max_width=&#8220;950px&#8220; global_colors_info=&#8220;{}&#8220;][et_pb_column type=&#8220;4_4&#8243; _builder_version=&#8220;4.16&#8243; global_colors_info=&#8220;{}&#8220;][et_pb_text _builder_version=&#8220;4.16&#8243; global_colors_info=&#8220;{}&#8220;]<\/p>\n<h1><span style=\"color: #000000;\"><strong>Steuerung der Anlage \u00fcber <\/strong><strong>Gleisbildpulte<\/strong><\/span><\/h1>\n<p><span style=\"color: #000000;\"><strong><\/strong><\/span><\/p>\n<p><span style=\"color: #000000;\"><strong><\/strong><\/span><\/p>\n<p><span style=\"color: #000000;\">Gesteuert werden die verschiedenen Funktionen durch den Einsatz von 3 Gleisbildpulten <strong>BP modular<\/strong>. Der elektronische Fahrregler wird in die Hand genommen um die Z\u00fcge auf der gesamten Strecke beobachten zu k\u00f6nnen. Der eingesetzte Computer dient zur Audiowiedergabe (Ger\u00e4usche, Bahnsteigansagen, Effekte) und f\u00fcr die Dokumentation der Schaltungsunterlagen und Wartungspl\u00e4ne.<\/span><\/p>\n<p><span style=\"color: #000000;\">Im Einsatz ist zur Steuerung eine 12 V Relaisschaltung, die seit Jahren fehlerfrei l\u00e4uft. Die Schaltungen sind einfach aufgebaut, so das eventuelle St\u00f6rungen schnell behoben werden k\u00f6nnen. Auf sicherungstechnische Abh\u00e4ngigkeiten wurde bewu\u00dft verzichtet, da immer nur ein Zug unterwegs ist.<\/span><br \/><span style=\"color: #000000;\"> <\/span><\/p>\n<p><span style=\"color: #000000;\">Die Weichen werden im Impulsbetrieb\u00a0 mit 16 V Wechselspannung angesteuert. Alle Weichenstellungen werden optisch durch gelbe Leuchtdioden angezeigt. Hier werden die Originalbauteile des BP modular verwendet, nur die Plantinen sind etwas modifiziert. <\/span><br \/><span style=\"color: #000000;\"> <\/span><\/p>\n<p><span style=\"color: #000000;\">Die Unterbrecher werden im Dauerstrombetrieb durch 1 polige Schalter (Ein-Aus-Ein) geschalten. Diese steuern 12 V Relais an, um den jeweiligen Unterbecher und das dazugeh\u00f6rige Lichtsignal (wenn vorhanden) anzusteuern. Die Funktion der jeweiligen Unterbrecher werden durch gr\u00fcne Leuchtdioden angezeigt (Ausfahrten mit gr\u00fcner LED, Einfahrten mit einer gr\u00fcnen Blink-LED). Auf die Rotausleuchtung der Signalanzeigen auf den Gleisbildpulten habe ich verzichtet.<\/span><\/p>\n<p>[\/et_pb_text][\/et_pb_column][\/et_pb_row][et_pb_row _builder_version=&#8220;4.16&#8243; _module_preset=&#8220;default&#8220; global_colors_info=&#8220;{}&#8220;][et_pb_column type=&#8220;4_4&#8243; _builder_version=&#8220;4.16&#8243; _module_preset=&#8220;default&#8220; global_colors_info=&#8220;{}&#8220;][et_pb_text _builder_version=&#8220;4.16&#8243; _module_preset=&#8220;default&#8220; global_colors_info=&#8220;{}&#8220;]<\/p>\n<p><span style=\"color: #000000;\"><strong>Gleisbildpult 1 &#8211; <\/strong>Dieses GBP steuert das Modul Hauptanlage und das Modul Schrankwand.<\/span><\/p>\n<p>[\/et_pb_text][\/et_pb_column][\/et_pb_row][et_pb_row _builder_version=&#8220;4.16&#8243; _module_preset=&#8220;default&#8220; global_colors_info=&#8220;{}&#8220;][et_pb_column type=&#8220;4_4&#8243; _builder_version=&#8220;4.16&#8243; _module_preset=&#8220;default&#8220; global_colors_info=&#8220;{}&#8220;][et_pb_image src=&#8220;https:\/\/teico44.com\/wp-content\/uploads\/2026\/01\/GBS-01-2026-01-11.jpg&#8220; title_text=&#8220;GBS-01 2026-01-11&#8243; _builder_version=&#8220;4.27.5&#8243; _module_preset=&#8220;default&#8220; hover_enabled=&#8220;0&#8243; global_colors_info=&#8220;{}&#8220; sticky_enabled=&#8220;0&#8243;][\/et_pb_image][\/et_pb_column][\/et_pb_row][et_pb_row _builder_version=&#8220;4.16&#8243; max_width=&#8220;950px&#8220; global_colors_info=&#8220;{}&#8220;][et_pb_column type=&#8220;4_4&#8243; _builder_version=&#8220;4.16&#8243; global_colors_info=&#8220;{}&#8220;][et_pb_text _builder_version=&#8220;4.16&#8243; global_colors_info=&#8220;{}&#8220;]<\/p>\n<p><span style=\"color: #000000;\"><strong>Gleisbildpult 2 &#8211; <\/strong>Dieses GBP steuert das Modul Abstellgruppe und das Eckmodul.<br \/><\/span><\/p>\n<p>[\/et_pb_text][\/et_pb_column][\/et_pb_row][et_pb_row _builder_version=&#8220;4.16&#8243; max_width=&#8220;950px&#8220; global_colors_info=&#8220;{}&#8220;][et_pb_column type=&#8220;4_4&#8243; _builder_version=&#8220;4.16&#8243; global_colors_info=&#8220;{}&#8220;][et_pb_image src=&#8220;https:\/\/teico44.com\/wp-content\/uploads\/2026\/01\/GBS-02-2026-01-11.jpg&#8220; title_text=&#8220;GBS-02 2026-01-11&#8243; _builder_version=&#8220;4.27.5&#8243; _module_preset=&#8220;default&#8220; hover_enabled=&#8220;0&#8243; global_colors_info=&#8220;{}&#8220; sticky_enabled=&#8220;0&#8243;][\/et_pb_image][\/et_pb_column][\/et_pb_row][et_pb_row _builder_version=&#8220;4.16&#8243; max_width=&#8220;950px&#8220; global_colors_info=&#8220;{}&#8220;][et_pb_column type=&#8220;4_4&#8243; _builder_version=&#8220;4.16&#8243; global_colors_info=&#8220;{}&#8220;][et_pb_text _builder_version=&#8220;4.16&#8243; global_colors_info=&#8220;{}&#8220;]<\/p>\n<p><span style=\"color: #000000;\"><strong>Gleisbildpult 3 &#8211; <\/strong>Dieses GBS steuert das Modul Regalanlage.<br \/><\/span><\/p>\n<p>[\/et_pb_text][\/et_pb_column][\/et_pb_row][et_pb_row _builder_version=&#8220;4.16&#8243; max_width=&#8220;950px&#8220; global_colors_info=&#8220;{}&#8220;][et_pb_column type=&#8220;4_4&#8243; _builder_version=&#8220;4.16&#8243; global_colors_info=&#8220;{}&#8220;][et_pb_image src=&#8220;https:\/\/teico44.com\/wp-content\/uploads\/2026\/01\/GBS-03-2026-01-11.jpg&#8220; title_text=&#8220;GBS-03 2026-01-11&#8243; _builder_version=&#8220;4.27.5&#8243; hover_enabled=&#8220;0&#8243; global_colors_info=&#8220;{}&#8220; sticky_enabled=&#8220;0&#8243;][\/et_pb_image][\/et_pb_column][\/et_pb_row][et_pb_row _builder_version=&#8220;4.16&#8243; max_width=&#8220;950px&#8220; global_colors_info=&#8220;{}&#8220;][et_pb_column type=&#8220;4_4&#8243; _builder_version=&#8220;4.16&#8243; global_colors_info=&#8220;{}&#8220;][et_pb_text _builder_version=&#8220;4.16&#8243; global_colors_info=&#8220;{}&#8220;]<\/p>\n<h5><span style=\"color: #000000;\"><strong>Ansichten der Gleisbildpulte (real)<\/strong><\/span><\/h5>\n<p><span style=\"color: #000000;\"><strong><\/strong><\/span><\/p>\n<p><span style=\"color: #000000;\"><strong>Bild links:<\/strong>\u00a0\u00a0\u00a0 Gleisbildpult 1 &#8211; aufgebaut auf einem fahrbaren Computertisch<\/span><\/p>\n<p><span style=\"color: #000000;\"><strong>Bild rechts:<\/strong> Gleisbildpult 2 &#8211; aufgebaut auf einem ehemaligen Badschrank (fahrbar)<\/span><\/p>\n<p><span style=\"color: #000000;\"><strong>Bild rechts:<\/strong> Gleisbildpult 3 &#8211; aufgebaut auf einem Lautsprecherboxenst\u00e4nder <\/span><\/p>\n<p>[\/et_pb_text][\/et_pb_column][\/et_pb_row][et_pb_row column_structure=&#8220;1_2,1_2&#8243; _builder_version=&#8220;4.16&#8243; max_width=&#8220;950px&#8220; global_colors_info=&#8220;{}&#8220;][et_pb_column type=&#8220;1_2&#8243; _builder_version=&#8220;4.16&#8243; global_colors_info=&#8220;{}&#8220;][et_pb_image src=&#8220;https:\/\/teico44.com\/wp-content\/uploads\/2026\/01\/GBS-01-Bild-2026-01-11.jpg&#8220; title_text=&#8220;GBS-01 Bild 2026-01-11&#8243; _builder_version=&#8220;4.27.5&#8243; hover_enabled=&#8220;0&#8243; global_colors_info=&#8220;{}&#8220; sticky_enabled=&#8220;0&#8243;][\/et_pb_image][\/et_pb_column][et_pb_column type=&#8220;1_2&#8243; _builder_version=&#8220;4.16&#8243; global_colors_info=&#8220;{}&#8220;][et_pb_image src=&#8220;https:\/\/teico44.com\/wp-content\/uploads\/2026\/01\/GBS-02_03-Bild-2026-01-11.jpg&#8220; title_text=&#8220;GBS-02_03 Bild 2026-01-11&#8243; _builder_version=&#8220;4.27.5&#8243; _module_preset=&#8220;default&#8220; hover_enabled=&#8220;0&#8243; global_colors_info=&#8220;{}&#8220; sticky_enabled=&#8220;0&#8243;][\/et_pb_image][\/et_pb_column][\/et_pb_row][\/et_pb_section]<\/p>\n","protected":false},"excerpt":{"rendered":"<p>Steuerung der Anlage \u00fcber Gleisbildpulte Gesteuert werden die verschiedenen Funktionen durch den Einsatz von 3 Gleisbildpulten BP modular. Der elektronische Fahrregler wird in die Hand genommen um die Z\u00fcge auf der gesamten Strecke beobachten zu k\u00f6nnen. Der eingesetzte Computer dient zur Audiowiedergabe (Ger\u00e4usche, Bahnsteigansagen, Effekte) und f\u00fcr die Dokumentation der Schaltungsunterlagen und Wartungspl\u00e4ne. Im Einsatz [&hellip;]<\/p>\n","protected":false},"author":1,"featured_media":0,"parent":0,"menu_order":0,"comment_status":"closed","ping_status":"closed","template":"","meta":{"_et_pb_use_builder":"on","_et_pb_old_content":"","_et_gb_content_width":"","footnotes":""},"class_list":["post-386","page","type-page","status-publish","hentry"],"_links":{"self":[{"href":"https:\/\/teico44.com\/index.php?rest_route=\/wp\/v2\/pages\/386","targetHints":{"allow":["GET"]}}],"collection":[{"href":"https:\/\/teico44.com\/index.php?rest_route=\/wp\/v2\/pages"}],"about":[{"href":"https:\/\/teico44.com\/index.php?rest_route=\/wp\/v2\/types\/page"}],"author":[{"embeddable":true,"href":"https:\/\/teico44.com\/index.php?rest_route=\/wp\/v2\/users\/1"}],"replies":[{"embeddable":true,"href":"https:\/\/teico44.com\/index.php?rest_route=%2Fwp%2Fv2%2Fcomments&post=386"}],"version-history":[{"count":17,"href":"https:\/\/teico44.com\/index.php?rest_route=\/wp\/v2\/pages\/386\/revisions"}],"predecessor-version":[{"id":6404,"href":"https:\/\/teico44.com\/index.php?rest_route=\/wp\/v2\/pages\/386\/revisions\/6404"}],"wp:attachment":[{"href":"https:\/\/teico44.com\/index.php?rest_route=%2Fwp%2Fv2%2Fmedia&parent=386"}],"curies":[{"name":"wp","href":"https:\/\/api.w.org\/{rel}","templated":true}]}}