{"id":339,"date":"2020-02-17T05:26:22","date_gmt":"2020-02-17T05:26:22","guid":{"rendered":"https:\/\/teico44.com\/?page_id=339"},"modified":"2021-10-09T03:55:26","modified_gmt":"2021-10-09T03:55:26","slug":"umbau-e-42","status":"publish","type":"page","link":"https:\/\/teico44.com\/?page_id=339","title":{"rendered":"Umbau E 42"},"content":{"rendered":"<p>[et_pb_section fb_built=&#8220;1&#8243; _builder_version=&#8220;4.3.2&#8243; global_colors_info=&#8220;{}&#8220;][et_pb_row _builder_version=&#8220;4.3.2&#8243; max_width=&#8220;950px&#8220; global_colors_info=&#8220;{}&#8220;][et_pb_column type=&#8220;4_4&#8243; _builder_version=&#8220;4.3.2&#8243; global_colors_info=&#8220;{}&#8220;][et_pb_text _builder_version=&#8220;4.11.2&#8243; hover_enabled=&#8220;0&#8243; global_colors_info=&#8220;{}&#8220; sticky_enabled=&#8220;0&#8243;]<\/p>\n<h1><span style=\"color: #000000;\"><strong>Umbau der E 42 (Brawa) auf LED-Scheinwerfer<\/strong><\/span><\/h1>\n<p><span style=\"color: #000000;\"><strong><\/strong><\/span><\/p>\n<p><span style=\"color: #000000;\"><strong><\/strong><\/span><\/p>\n<p><span style=\"color: #000000;\"><strong>Folgender Umbau war vorgesehen<\/strong><\/span><\/p>\n<p><span style=\"color: #000000;\">Austausch der Gl\u00fchlampen gegen SMD-Leuchtdioden<\/span><\/p>\n<p><span style=\"color: #000000;\"><strong>Folgende Materialien werden ben\u00f6tigt:<\/strong><\/span><\/p>\n<p><span style=\"color: #000000;\"><strong><\/strong><\/span><\/p>\n<ul>\n<li><span style=\"color: #000000;\">2 x SMD-LED wei\u00df 0805<br \/><\/span><\/li>\n<li><span style=\"color: #000000;\">1 x Widerstand 1,2 kOhm Metallschicht<\/span><\/li>\n<\/ul>\n<p>[\/et_pb_text][\/et_pb_column][\/et_pb_row][et_pb_row _builder_version=&#8220;4.11.1&#8243; _module_preset=&#8220;default&#8220; global_colors_info=&#8220;{}&#8220;][et_pb_column type=&#8220;4_4&#8243; _builder_version=&#8220;4.11.1&#8243; _module_preset=&#8220;default&#8220; global_colors_info=&#8220;{}&#8220;][et_pb_text _builder_version=&#8220;4.11.2&#8243; _module_preset=&#8220;default&#8220; hover_enabled=&#8220;0&#8243; global_colors_info=&#8220;{}&#8220; sticky_enabled=&#8220;0&#8243;]<\/p>\n<h5><span style=\"color: #000000;\"><strong>Umbauanleitung<\/strong><\/span><\/h5>\n<p>[\/et_pb_text][\/et_pb_column][\/et_pb_row][et_pb_row column_structure=&#8220;1_2,1_2&#8243; _builder_version=&#8220;4.3.2&#8243; max_width=&#8220;950px&#8220; global_colors_info=&#8220;{}&#8220;][et_pb_column type=&#8220;1_2&#8243; _builder_version=&#8220;4.3.2&#8243; global_colors_info=&#8220;{}&#8220;][et_pb_image src=&#8220;https:\/\/teico44.com\/wp-content\/uploads\/2020\/02\/E42-01.jpg&#8220; _builder_version=&#8220;4.3.2&#8243; global_colors_info=&#8220;{}&#8220;][\/et_pb_image][\/et_pb_column][et_pb_column type=&#8220;1_2&#8243; _builder_version=&#8220;4.3.2&#8243; global_colors_info=&#8220;{}&#8220;][et_pb_text _builder_version=&#8220;4.11.1&#8243; global_colors_info=&#8220;{}&#8220;]<\/p>\n<p><span style=\"color: #000000;\">Zuerst werden alle vier Puffer entfernt und dann wird das Geh\u00e4use nach oben abgenommen. Anschlie\u00dfend werden die Gl\u00fchlampenkontakte auf beiden Seiten ausgebaut und die beiden Gl\u00fchlampen herausgenommen.<\/span><\/p>\n<p>[\/et_pb_text][\/et_pb_column][\/et_pb_row][et_pb_row column_structure=&#8220;1_2,1_2&#8243; _builder_version=&#8220;4.3.2&#8243; max_width=&#8220;950px&#8220; global_colors_info=&#8220;{}&#8220;][et_pb_column type=&#8220;1_2&#8243; _builder_version=&#8220;4.3.2&#8243; global_colors_info=&#8220;{}&#8220;][et_pb_image src=&#8220;https:\/\/teico44.com\/wp-content\/uploads\/2020\/02\/E42-02.jpg&#8220; _builder_version=&#8220;4.3.2&#8243; global_colors_info=&#8220;{}&#8220;][\/et_pb_image][\/et_pb_column][et_pb_column type=&#8220;1_2&#8243; _builder_version=&#8220;4.3.2&#8243; global_colors_info=&#8220;{}&#8220;][et_pb_text _builder_version=&#8220;4.11.1&#8243; global_colors_info=&#8220;{}&#8220;]<\/p>\n<p><span style=\"color: #000000;\">Dann werden bei zwei bedrahtete SMD-Leuchtdioden auf der R\u00fcckseite die Anschlu\u00dfdr\u00e4hte ganz vorsichtig um 90 Grad abgewinkelt und die LED mit Schrumpfschlauch fixiert (dieses dient zum Ankleben an der R\u00fcckwand des Beleuchtungsschachtes und als Kurzschlu\u00dfschutz).<\/span><\/p>\n<p>[\/et_pb_text][\/et_pb_column][\/et_pb_row][et_pb_row column_structure=&#8220;1_2,1_2&#8243; _builder_version=&#8220;4.3.2&#8243; max_width=&#8220;950px&#8220; global_colors_info=&#8220;{}&#8220;][et_pb_column type=&#8220;1_2&#8243; _builder_version=&#8220;4.3.2&#8243; global_colors_info=&#8220;{}&#8220;][et_pb_image src=&#8220;https:\/\/teico44.com\/wp-content\/uploads\/2020\/02\/E42-03.jpg&#8220; _builder_version=&#8220;4.3.2&#8243; global_colors_info=&#8220;{}&#8220;][\/et_pb_image][\/et_pb_column][et_pb_column type=&#8220;1_2&#8243; _builder_version=&#8220;4.3.2&#8243; global_colors_info=&#8220;{}&#8220;][et_pb_text _builder_version=&#8220;4.11.1&#8243; global_colors_info=&#8220;{}&#8220;]<\/p>\n<p><span style=\"color: #000000;\">Die SMD-Leuchtdioden werden dann von oben in den Beleuchtungsschacht eingef\u00e4delt (nicht von vorn einstecken, es passt sonst nicht) und dann mit Sekundenkleber-Gel (am Schrumpfschlauch) an der R\u00fcckwand des Beleuchtungsschachtes angeklebt.<\/span><\/p>\n<p>[\/et_pb_text][\/et_pb_column][\/et_pb_row][et_pb_row column_structure=&#8220;1_2,1_2&#8243; _builder_version=&#8220;4.3.2&#8243; max_width=&#8220;950px&#8220; global_colors_info=&#8220;{}&#8220;][et_pb_column type=&#8220;1_2&#8243; _builder_version=&#8220;4.3.2&#8243; global_colors_info=&#8220;{}&#8220;][et_pb_image src=&#8220;https:\/\/teico44.com\/wp-content\/uploads\/2020\/02\/E42-04.jpg&#8220; _builder_version=&#8220;4.3.2&#8243; global_colors_info=&#8220;{}&#8220;][\/et_pb_image][\/et_pb_column][et_pb_column type=&#8220;1_2&#8243; _builder_version=&#8220;4.3.2&#8243; global_colors_info=&#8220;{}&#8220;][et_pb_text _builder_version=&#8220;4.11.1&#8243; global_colors_info=&#8220;{}&#8220;]<\/p>\n<p><span style=\"color: #000000;\">Nach der Polarit\u00e4tspr\u00fcfung der LED wird ein Anschlussdraht der LED gek\u00fcrzt und am ehemaligen Lampenkontakt angel\u00f6tet (vorher unbedingt diesen Lampenkontakt verzinnen). Der anderen Anschlussdraht wird dann am gemeinsamen Widerstand angel\u00f6tet. Dieser wird dann auf der Platine angel\u00f6tet. Um Kurzschl\u00fcsse zu vermeiden, habe ich auf der Platine ein St\u00fcck Isolierband aufgeklebt. Nach der Funktionsprobe wird der Widerstand mit einem St\u00fcck Isolierband abgedeckt. Im Inneren des Daches befindet sich ein Metallstreifen f\u00fcr die Stromabnehmer, diesen habe ich ausgebaut (Platz schaffen).<\/span><\/p>\n<p>[\/et_pb_text][\/et_pb_column][\/et_pb_row][et_pb_row column_structure=&#8220;1_2,1_2&#8243; _builder_version=&#8220;4.3.2&#8243; max_width=&#8220;950px&#8220; global_colors_info=&#8220;{}&#8220;][et_pb_column type=&#8220;1_2&#8243; _builder_version=&#8220;4.3.2&#8243; global_colors_info=&#8220;{}&#8220;][et_pb_image src=&#8220;https:\/\/teico44.com\/wp-content\/uploads\/2020\/02\/E42-05.jpg&#8220; _builder_version=&#8220;4.3.2&#8243; global_colors_info=&#8220;{}&#8220;][\/et_pb_image][\/et_pb_column][et_pb_column type=&#8220;1_2&#8243; _builder_version=&#8220;4.3.2&#8243; global_colors_info=&#8220;{}&#8220;][et_pb_text _builder_version=&#8220;4.11.1&#8243; global_colors_info=&#8220;{}&#8220;]<\/p>\n<p><span style=\"color: #000000;\">Hier die Ansicht der anderen Seite der Lok. Der Vorwiderstand der Leuchtdioden ist in der Mitte der Platine platziert. Anschlie\u00dfend wird das Geh\u00e4use wieder aufgesetzt und die 4 Puffer wieder eingesteckt. Die eingebauten Lichtleiter sind nur eingesteckt und fallen leicht raus, ich habe diese mit Sekundenkleber angeklebt.<\/span><\/p>\n<p>[\/et_pb_text][\/et_pb_column][\/et_pb_row][et_pb_row column_structure=&#8220;1_2,1_2&#8243; _builder_version=&#8220;4.3.2&#8243; max_width=&#8220;950px&#8220; global_colors_info=&#8220;{}&#8220;][et_pb_column type=&#8220;1_2&#8243; _builder_version=&#8220;4.3.2&#8243; global_colors_info=&#8220;{}&#8220;][et_pb_image src=&#8220;https:\/\/teico44.com\/wp-content\/uploads\/2020\/02\/E42-06-1.jpg&#8220; _builder_version=&#8220;4.3.2&#8243; global_colors_info=&#8220;{}&#8220;][\/et_pb_image][\/et_pb_column][et_pb_column type=&#8220;1_2&#8243; _builder_version=&#8220;4.3.2&#8243; global_colors_info=&#8220;{}&#8220;][et_pb_text _builder_version=&#8220;4.11.1&#8243; global_colors_info=&#8220;{}&#8220;]<\/p>\n<p><span style=\"color: #000000;\"><strong>Hier ist das fertige Ergebnis.<\/strong><\/span><\/p>\n<p><span style=\"color: #ff0000;\">Wichtiger Hinweis:<\/span><\/p>\n<p><span style=\"color: #ff0000;\">F\u00fcr eventuelle Sch\u00e4den bei Ihnen bin ich nicht verantwortlich ! <\/span><\/p>\n<p><span style=\"color: #ff0000;\">Die angegebenen Werte der Bauelemente beziehen sich auf eine maximale Fahrspannung von 12 Volt im Analogbetrieb.<\/span><\/p>\n<p>[\/et_pb_text][\/et_pb_column][\/et_pb_row][\/et_pb_section]<\/p>\n","protected":false},"excerpt":{"rendered":"<p>Umbau der E 42 (Brawa) auf LED-Scheinwerfer Folgender Umbau war vorgesehen Austausch der Gl\u00fchlampen gegen SMD-Leuchtdioden Folgende Materialien werden ben\u00f6tigt: 2 x SMD-LED wei\u00df 0805 1 x Widerstand 1,2 kOhm Metallschicht UmbauanleitungZuerst werden alle vier Puffer entfernt und dann wird das Geh\u00e4use nach oben abgenommen. Anschlie\u00dfend werden die Gl\u00fchlampenkontakte auf beiden Seiten ausgebaut und die [&hellip;]<\/p>\n","protected":false},"author":1,"featured_media":0,"parent":0,"menu_order":0,"comment_status":"closed","ping_status":"closed","template":"","meta":{"_et_pb_use_builder":"on","_et_pb_old_content":"","_et_gb_content_width":"","footnotes":""},"class_list":["post-339","page","type-page","status-publish","hentry"],"_links":{"self":[{"href":"https:\/\/teico44.com\/index.php?rest_route=\/wp\/v2\/pages\/339","targetHints":{"allow":["GET"]}}],"collection":[{"href":"https:\/\/teico44.com\/index.php?rest_route=\/wp\/v2\/pages"}],"about":[{"href":"https:\/\/teico44.com\/index.php?rest_route=\/wp\/v2\/types\/page"}],"author":[{"embeddable":true,"href":"https:\/\/teico44.com\/index.php?rest_route=\/wp\/v2\/users\/1"}],"replies":[{"embeddable":true,"href":"https:\/\/teico44.com\/index.php?rest_route=%2Fwp%2Fv2%2Fcomments&post=339"}],"version-history":[{"count":12,"href":"https:\/\/teico44.com\/index.php?rest_route=\/wp\/v2\/pages\/339\/revisions"}],"predecessor-version":[{"id":3315,"href":"https:\/\/teico44.com\/index.php?rest_route=\/wp\/v2\/pages\/339\/revisions\/3315"}],"wp:attachment":[{"href":"https:\/\/teico44.com\/index.php?rest_route=%2Fwp%2Fv2%2Fmedia&parent=339"}],"curies":[{"name":"wp","href":"https:\/\/api.w.org\/{rel}","templated":true}]}}