{"id":1495,"date":"2020-03-10T18:02:09","date_gmt":"2020-03-10T18:02:09","guid":{"rendered":"https:\/\/teico44.com\/?page_id=1495"},"modified":"2023-03-11T08:15:09","modified_gmt":"2023-03-11T08:15:09","slug":"wartung","status":"publish","type":"page","link":"https:\/\/teico44.com\/?page_id=1495","title":{"rendered":"Wartung"},"content":{"rendered":"<p>[et_pb_section fb_built=&#8220;1&#8243; _builder_version=&#8220;4.16&#8243; global_colors_info=&#8220;{}&#8220;][et_pb_row _builder_version=&#8220;4.16&#8243; max_width=&#8220;950px&#8220; global_colors_info=&#8220;{}&#8220;][et_pb_column type=&#8220;4_4&#8243; _builder_version=&#8220;4.16&#8243; global_colors_info=&#8220;{}&#8220;][et_pb_text _builder_version=&#8220;4.20.2&#8243; hover_enabled=&#8220;0&#8243; global_colors_info=&#8220;{}&#8220; sticky_enabled=&#8220;0&#8243;]<\/p>\n<h1><span style=\"color: #000000;\"><strong>Wartung und Instandhaltung der Triebfahrzeuge und Wagen<\/strong><\/span><\/h1>\n<p><span style=\"color: #000000;\"><strong><\/strong><\/span><\/p>\n<p><span style=\"color: #000000;\"><strong><\/strong><\/span><\/p>\n<p><span style=\"color: #000000;\">Zu einem st\u00f6rungsfreien Fahrbetrieb geh\u00f6rt nat\u00fcrlich auch eine Wartung \/ Instandhaltung der vorhandenen Modelle. F\u00fcr die Lokomotiven und Triebwagen gibt es 3 Wartungsstufen, f\u00fcr die Wagen sind jeweils 2 Wartungsstufen vorgesehen.<\/span><\/p>\n<p>[\/et_pb_text][\/et_pb_column][\/et_pb_row][et_pb_row _builder_version=&#8220;4.16&#8243; max_width=&#8220;950px&#8220; global_colors_info=&#8220;{}&#8220;][et_pb_column type=&#8220;4_4&#8243; _builder_version=&#8220;4.16&#8243; global_colors_info=&#8220;{}&#8220;][et_pb_text _builder_version=&#8220;4.16&#8243; global_colors_info=&#8220;{}&#8220;]<\/p>\n<h5><span style=\"color: #000000;\"><strong>Wartung der Lokomotiven und Triebwagen<\/strong><\/span><\/h5>\n<p><span style=\"color: #000000;\"><\/span><\/p>\n<p><span style=\"color: #000000;\"><strong>Wartung 1<\/strong><\/span><\/p>\n<ul>\n<li><span style=\"color: #000000;\">Reinigung der R\u00e4der mit der Reinigungsb\u00fcrste (Minitrix)<\/span><\/li>\n<li><span style=\"color: #000000;\">Staubwischen der Lok mit einem Pinsel \/ Probefahrt<\/span><\/li>\n<\/ul>\n<p><span style=\"color: #000000;\"><strong>Wartung 2<br \/><\/strong><\/span><\/p>\n<ul>\n<li><span style=\"color: #000000;\">Zahnr\u00e4der \u00f6len (Drehgestelle)<\/span><\/li>\n<li><span style=\"color: #000000;\">Reinigung der R\u00e4der mit der Reinigungsb\u00fcrste (Minitrix)<br \/><\/span><\/li>\n<li><span style=\"color: #000000;\">Staubwischen der Lok mit einem Pinsel \/ Einfahren (2 Runden pro Fahrtrichtung)<\/span><\/li>\n<\/ul>\n<p><span style=\"color: #000000;\"><strong>Wartung 3<br \/><\/strong><\/span><\/p>\n<p><span style=\"color: #000000;\"><strong><\/strong><\/span><\/p>\n<ul>\n<li><span style=\"color: #000000;\">Abbau der Drehgestelle bzw. Ausbau der R\u00e4der<\/span><\/li>\n<li><span style=\"color: #000000;\">Drehgestelle, R\u00e4der, Schleifer und Zahnr\u00e4der mit einem Ultraschallbad ( 2 bis 3 x 180 Sekunden) s\u00e4ubern<br \/><\/span><\/li>\n<li><span style=\"color: #000000;\">Reinigung der Radschleifer, der R\u00e4der und der Motokontakte mit einem Glashaarpinsel<\/span><\/li>\n<li><span style=\"color: #000000;\">\u00d6len der Lager des Motors, der Zahnr\u00e4der des Getriebes und der Zahnr\u00e4der in den Drehgestellen<\/span><\/li>\n<li><span style=\"color: #000000;\">kurze Probefahrt ohne Geh\u00e4use in beiden Fahrtrichtungen<\/span><\/li>\n<li><span style=\"color: #000000;\">Staubwischen der Lok mit einem Pinsel \/ Einfahren (2 Runden pro Fahrtrichtung)<\/span><\/li>\n<\/ul>\n<p>[\/et_pb_text][\/et_pb_column][\/et_pb_row][et_pb_row column_structure=&#8220;1_2,1_2&#8243; _builder_version=&#8220;4.16&#8243; max_width=&#8220;950px&#8220; global_colors_info=&#8220;{}&#8220;][et_pb_column type=&#8220;1_2&#8243; _builder_version=&#8220;4.16&#8243; global_colors_info=&#8220;{}&#8220;][et_pb_text _builder_version=&#8220;4.16&#8243; global_colors_info=&#8220;{}&#8220;]<\/p>\n<h5><span style=\"color: #000000;\"><strong>Wartung der Personenwagen<\/strong><\/span><\/h5>\n<p><span style=\"color: #000000;\"><strong><\/strong><\/span><\/p>\n<p><span style=\"color: #000000;\"><strong>Wartung 1<\/strong><\/span><\/p>\n<ul>\n<li><span style=\"color: #000000;\">Reinigung der R\u00e4der mit der Reinigungsb\u00fcrste (Minitrix)<\/span><\/li>\n<li><span style=\"color: #000000;\">Staubwischen der Wagen mit einem Pinsel \/ Probefahrt<br \/><\/span><\/li>\n<\/ul>\n<p><span style=\"color: #000000;\"><strong>\u00a0Wartung 2<\/strong><br \/><\/span><\/p>\n<p><span style=\"color: #000000;\"><strong><\/strong><\/span><\/p>\n<ul>\n<li><span style=\"color: #000000;\">Reinigung der Achsschleifer, der R\u00e4der und der Achsen mit einem Glashaarpinsel<\/span><\/li>\n<li><span style=\"color: #000000;\">Staubwischen der Wagen mit einem Pinsel \/ Probefahrt<\/span><\/li>\n<\/ul>\n<p>[\/et_pb_text][\/et_pb_column][et_pb_column type=&#8220;1_2&#8243; _builder_version=&#8220;4.16&#8243; global_colors_info=&#8220;{}&#8220;][et_pb_text _builder_version=&#8220;4.16&#8243; global_colors_info=&#8220;{}&#8220;]<\/p>\n<h5><span style=\"color: #000000;\"><strong>Wartung der G\u00fcterwagen<\/strong><\/span><\/h5>\n<p><span style=\"color: #000000;\"><\/span><\/p>\n<p><span style=\"color: #000000;\"><strong>Wartung 1<\/strong><\/span><\/p>\n<ul>\n<li><span style=\"color: #000000;\">Reinigung der R\u00e4der mit der Reinigungsb\u00fcrste (Minitrix)<\/span><\/li>\n<li><span style=\"color: #000000;\">Staubwischen der Wagen mit einem Pinsel \/ Probefahrt<br \/><\/span><\/li>\n<\/ul>\n<p><span style=\"color: #000000;\"><strong>Wartung 2<\/strong><\/span><\/p>\n<p><span style=\"color: #000000;\"><strong><\/strong><\/span><\/p>\n<ul>\n<li><span style=\"color: #000000;\">Reinigung der R\u00e4der mit einem Glashaarpinsel<\/span><\/li>\n<li><span style=\"color: #000000;\">Staubwischen der Wagen mit einem Pinsel \/ Probefahrt<\/span><\/li>\n<\/ul>\n<p>[\/et_pb_text][\/et_pb_column][\/et_pb_row][\/et_pb_section]<\/p>\n","protected":false},"excerpt":{"rendered":"<p>Wartung und Instandhaltung der Triebfahrzeuge und Wagen Zu einem st\u00f6rungsfreien Fahrbetrieb geh\u00f6rt nat\u00fcrlich auch eine Wartung \/ Instandhaltung der vorhandenen Modelle. F\u00fcr die Lokomotiven und Triebwagen gibt es 3 Wartungsstufen, f\u00fcr die Wagen sind jeweils 2 Wartungsstufen vorgesehen.Wartung der Lokomotiven und Triebwagen Wartung 1 Reinigung der R\u00e4der mit der Reinigungsb\u00fcrste (Minitrix) Staubwischen der Lok mit [&hellip;]<\/p>\n","protected":false},"author":1,"featured_media":0,"parent":0,"menu_order":0,"comment_status":"closed","ping_status":"closed","template":"","meta":{"_et_pb_use_builder":"on","_et_pb_old_content":"","_et_gb_content_width":"","footnotes":""},"class_list":["post-1495","page","type-page","status-publish","hentry"],"_links":{"self":[{"href":"https:\/\/teico44.com\/index.php?rest_route=\/wp\/v2\/pages\/1495","targetHints":{"allow":["GET"]}}],"collection":[{"href":"https:\/\/teico44.com\/index.php?rest_route=\/wp\/v2\/pages"}],"about":[{"href":"https:\/\/teico44.com\/index.php?rest_route=\/wp\/v2\/types\/page"}],"author":[{"embeddable":true,"href":"https:\/\/teico44.com\/index.php?rest_route=\/wp\/v2\/users\/1"}],"replies":[{"embeddable":true,"href":"https:\/\/teico44.com\/index.php?rest_route=%2Fwp%2Fv2%2Fcomments&post=1495"}],"version-history":[{"count":8,"href":"https:\/\/teico44.com\/index.php?rest_route=\/wp\/v2\/pages\/1495\/revisions"}],"predecessor-version":[{"id":4411,"href":"https:\/\/teico44.com\/index.php?rest_route=\/wp\/v2\/pages\/1495\/revisions\/4411"}],"wp:attachment":[{"href":"https:\/\/teico44.com\/index.php?rest_route=%2Fwp%2Fv2%2Fmedia&parent=1495"}],"curies":[{"name":"wp","href":"https:\/\/api.w.org\/{rel}","templated":true}]}}