{"id":1387,"date":"2020-03-06T04:59:47","date_gmt":"2020-03-06T04:59:47","guid":{"rendered":"https:\/\/teico44.com\/?page_id=1387"},"modified":"2025-06-22T09:23:01","modified_gmt":"2025-06-22T09:23:01","slug":"audiotechnik-02","status":"publish","type":"page","link":"https:\/\/teico44.com\/?page_id=1387","title":{"rendered":"Audiotechnik-02"},"content":{"rendered":"<p>[et_pb_section fb_built=&#8220;1&#8243; _builder_version=&#8220;4.16&#8243; global_colors_info=&#8220;{}&#8220;][et_pb_row _builder_version=&#8220;4.16&#8243; max_width=&#8220;950px&#8220; global_colors_info=&#8220;{}&#8220;][et_pb_column type=&#8220;4_4&#8243; _builder_version=&#8220;4.16&#8243; global_colors_info=&#8220;{}&#8220;][et_pb_text _builder_version=&#8220;4.27.4&#8243; global_colors_info=&#8220;{}&#8220;]<\/p>\n<h1><span style=\"color: #000000;\"><strong>Lautsprecher-Ansagen<\/strong><\/span><\/h1>\n<p><span style=\"color: #000000;\"><strong><\/strong><\/span><\/p>\n<p><span style=\"color: #000000;\"><strong><\/strong><\/span><\/p>\n<p><span style=\"color: #000000;\">F\u00fcr den Soundeinsatz mit dem Computer (hier speziell die Lautsprecheransagen auf den Bahnh\u00f6fen) wird ein sogenannter Jingle-Player (Software-Player) verwendet. Dieses Programm hat 30 Buttons (3 Spalten und 10 Zeilen) wo man die bearbeitete Audiodateien (mp3) verkn\u00fcpfen kann. Diese k\u00f6nnen dann gezielt nacheinander abgerufen werden.<\/span><\/p>\n<p>[\/et_pb_text][\/et_pb_column][\/et_pb_row][et_pb_row _builder_version=&#8220;4.16&#8243; max_width=&#8220;950px&#8220; global_colors_info=&#8220;{}&#8220;][et_pb_column type=&#8220;4_4&#8243; _builder_version=&#8220;4.16&#8243; global_colors_info=&#8220;{}&#8220;][et_pb_text _builder_version=&#8220;4.27.4&#8243; global_colors_info=&#8220;{}&#8220;]<\/p>\n<h5><span style=\"color: #000000;\"><strong>Lautsprecheransagen (Abfahrten)<\/strong><\/span><\/h5>\n<p><span style=\"color: #000000;\"><strong><\/strong><\/span><\/p>\n<p><span style=\"color: #000000;\">In der Tabelle sind die Lautsprecheransagen der Abfahrten der verschiedenen Bahnh\u00f6fe und Haltepunkte dargestellt. Da ich mit Zielbahnh\u00f6fen und Unterwegsbahnh\u00f6fen arbeite (Spalte Ansagen), sind es doch eine ganze Menge geworden. <\/span><\/p>\n<p><span style=\"color: #000000;\">Folgender Inhalt ist pro MP3 Datei enthalten.<br \/><\/span><\/p>\n<ul>\n<li><span style=\"color: #000000;\">Gong (einfach)<br \/><\/span><\/li>\n<li><span style=\"color: #000000;\">Auf Gleis (X) steht f\u00fcr Sie bereit, der Zug nach (Ort) \u00fcber (Ort). Bitte steigen Sie ein und Vorsicht an den T\u00fcren und bei der Abfahrt des Zuges.<\/span><\/li>\n<li><span style=\"color: #000000;\">Abfahrtspfiff der Aufsicht mit Quittungston vom Signalhorn einer Diesellok<\/span><\/li>\n<\/ul>\n<p>[\/et_pb_text][\/et_pb_column][\/et_pb_row][et_pb_row _builder_version=&#8220;4.27.4&#8243; _module_preset=&#8220;default&#8220; global_colors_info=&#8220;{}&#8220;][et_pb_column type=&#8220;4_4&#8243; _builder_version=&#8220;4.27.4&#8243; _module_preset=&#8220;default&#8220; global_colors_info=&#8220;{}&#8220;][et_pb_text _builder_version=&#8220;4.27.4&#8243; _module_preset=&#8220;default&#8220; global_colors_info=&#8220;{}&#8220;]<\/p>\n<h5><span style=\"color: #000000;\"><strong>Hier sind 2 nachbearbeitete Beispiele als mp3 Datei<\/strong><\/span><\/h5>\n<p>[\/et_pb_text][\/et_pb_column][\/et_pb_row][et_pb_row column_structure=&#8220;1_2,1_2&#8243; _builder_version=&#8220;4.27.4&#8243; _module_preset=&#8220;default&#8220; global_colors_info=&#8220;{}&#8220;][et_pb_column type=&#8220;1_2&#8243; _builder_version=&#8220;4.27.4&#8243; _module_preset=&#8220;default&#8220; global_colors_info=&#8220;{}&#8220;][et_pb_audio audio=&#8220;https:\/\/teico44.com\/wp-content\/uploads\/2025\/06\/Gleis-3-IZZ_MOD_SSE-Cottbus.mp3&#8243; title=&#8220;Falkenau nach Cottbus&#8220; artist_name=&#8220;Falkenau Gleis 3&#8243; _builder_version=&#8220;4.27.4&#8243; _module_preset=&#8220;default&#8220; title_level=&#8220;h6&#8243; global_colors_info=&#8220;{}&#8220;][\/et_pb_audio][\/et_pb_column][et_pb_column type=&#8220;1_2&#8243; _builder_version=&#8220;4.27.4&#8243; _module_preset=&#8220;default&#8220; global_colors_info=&#8220;{}&#8220;][et_pb_audio audio=&#8220;https:\/\/teico44.com\/wp-content\/uploads\/2025\/06\/Gleis-6-REB_UIC-Berlin.mp3&#8243; title=&#8220;Falkenau nach Bln. Lichtenberg \u00fcber Kw&#8220; artist_name=&#8220;Falkenau Gleis 6&#8243; _builder_version=&#8220;4.27.4&#8243; _module_preset=&#8220;default&#8220; title_level=&#8220;h6&#8243; global_colors_info=&#8220;{}&#8220;][\/et_pb_audio][\/et_pb_column][\/et_pb_row][et_pb_row _builder_version=&#8220;4.27.4&#8243; _module_preset=&#8220;default&#8220; global_colors_info=&#8220;{}&#8220;][et_pb_column type=&#8220;4_4&#8243; _builder_version=&#8220;4.27.4&#8243; _module_preset=&#8220;default&#8220; global_colors_info=&#8220;{}&#8220;][et_pb_text _builder_version=&#8220;4.27.4&#8243; _module_preset=&#8220;default&#8220; hover_enabled=&#8220;0&#8243; global_colors_info=&#8220;{}&#8220; sticky_enabled=&#8220;0&#8243;]<\/p>\n<p><span style=\"color: #000000;\">In den 4 Ansichten sind die mit dem Fahrplan abgestimmten Angaben hinterlegt.\u00a0<\/span><\/p>\n<p>[\/et_pb_text][\/et_pb_column][\/et_pb_row][et_pb_row _builder_version=&#8220;4.27.4&#8243; _module_preset=&#8220;default&#8220; global_colors_info=&#8220;{}&#8220;][et_pb_column type=&#8220;4_4&#8243; _builder_version=&#8220;4.27.4&#8243; _module_preset=&#8220;default&#8220; global_colors_info=&#8220;{}&#8220;][et_pb_image src=&#8220;https:\/\/teico44.com\/wp-content\/uploads\/2025\/06\/LSP-Ansagen-01-2025-06-22.jpg&#8220; title_text=&#8220;LSP-Ansagen 01 2025-06-22&#8243; _builder_version=&#8220;4.27.4&#8243; _module_preset=&#8220;default&#8220; global_colors_info=&#8220;{}&#8220;][\/et_pb_image][\/et_pb_column][\/et_pb_row][et_pb_row _builder_version=&#8220;4.27.4&#8243; _module_preset=&#8220;default&#8220; global_colors_info=&#8220;{}&#8220;][et_pb_column type=&#8220;4_4&#8243; _builder_version=&#8220;4.27.4&#8243; _module_preset=&#8220;default&#8220; global_colors_info=&#8220;{}&#8220;][et_pb_image src=&#8220;https:\/\/teico44.com\/wp-content\/uploads\/2025\/06\/LSP-Ansagen-02-2025-06-22.jpg&#8220; title_text=&#8220;LSP-Ansagen 02 2025-06-22&#8243; _builder_version=&#8220;4.27.4&#8243; _module_preset=&#8220;default&#8220; global_colors_info=&#8220;{}&#8220;][\/et_pb_image][\/et_pb_column][\/et_pb_row][et_pb_row _builder_version=&#8220;4.27.4&#8243; _module_preset=&#8220;default&#8220; global_colors_info=&#8220;{}&#8220;][et_pb_column type=&#8220;4_4&#8243; _builder_version=&#8220;4.27.4&#8243; _module_preset=&#8220;default&#8220; global_colors_info=&#8220;{}&#8220;][et_pb_image src=&#8220;https:\/\/teico44.com\/wp-content\/uploads\/2025\/06\/LSP-Ansagen-03-2025-06-22.jpg&#8220; title_text=&#8220;LSP-Ansagen 03 2025-06-22&#8243; _builder_version=&#8220;4.27.4&#8243; _module_preset=&#8220;default&#8220; global_colors_info=&#8220;{}&#8220;][\/et_pb_image][\/et_pb_column][\/et_pb_row][et_pb_row _builder_version=&#8220;4.27.4&#8243; _module_preset=&#8220;default&#8220; global_colors_info=&#8220;{}&#8220;][et_pb_column type=&#8220;4_4&#8243; _builder_version=&#8220;4.27.4&#8243; _module_preset=&#8220;default&#8220; global_colors_info=&#8220;{}&#8220;][et_pb_image src=&#8220;https:\/\/teico44.com\/wp-content\/uploads\/2025\/06\/LSP-Ansagen-04-2025-06-22.jpg&#8220; title_text=&#8220;LSP-Ansagen 04 2025-06-22&#8243; _builder_version=&#8220;4.27.4&#8243; _module_preset=&#8220;default&#8220; global_colors_info=&#8220;{}&#8220;][\/et_pb_image][\/et_pb_column][\/et_pb_row][et_pb_row _builder_version=&#8220;4.16&#8243; max_width=&#8220;950px&#8220; global_colors_info=&#8220;{}&#8220;][et_pb_column type=&#8220;4_4&#8243; _builder_version=&#8220;4.16&#8243; global_colors_info=&#8220;{}&#8220;][et_pb_text _builder_version=&#8220;4.27.4&#8243; global_colors_info=&#8220;{}&#8220;]<\/p>\n<h5><span style=\"color: #000000;\"><strong>Jingle Board Oberfl\u00e4che<\/strong><\/span><\/h5>\n<p><span style=\"color: #000000;\"><\/span><\/p>\n<p><span style=\"color: #000000;\">Hier ist das Jingle Board als Monitoransicht (Screenshot) dargestellt. In der Spalte 1 sind die Ansagen f\u00fcr den Bahnhof Falkenau zugeordnet, in der Spalte 2 sind es die Ansagen f\u00fcr die Haltepunkte Abstellgruppe und Boizenburg. In der Spalte 3 sind die Abfahrten f\u00fcr den Regalbahnhof zu sehen.<br \/><\/span><\/p>\n<p>[\/et_pb_text][\/et_pb_column][\/et_pb_row][et_pb_row _builder_version=&#8220;4.27.4&#8243; _module_preset=&#8220;default&#8220; global_colors_info=&#8220;{}&#8220;][et_pb_column type=&#8220;4_4&#8243; _builder_version=&#8220;4.27.4&#8243; _module_preset=&#8220;default&#8220; global_colors_info=&#8220;{}&#8220;][et_pb_image src=&#8220;https:\/\/teico44.com\/wp-content\/uploads\/2025\/06\/JinglePlayer-2025-06-22-Monitor.jpg&#8220; title_text=&#8220;JinglePlayer 2025-06-22 Monitor&#8220; _builder_version=&#8220;4.27.4&#8243; _module_preset=&#8220;default&#8220; global_colors_info=&#8220;{}&#8220;][\/et_pb_image][\/et_pb_column][\/et_pb_row][et_pb_row _builder_version=&#8220;4.16&#8243; max_width=&#8220;950px&#8220; global_colors_info=&#8220;{}&#8220;][et_pb_column type=&#8220;4_4&#8243; _builder_version=&#8220;4.16&#8243; global_colors_info=&#8220;{}&#8220;][et_pb_text _builder_version=&#8220;4.16&#8243; global_colors_info=&#8220;{}&#8220;]<\/p>\n<p><span style=\"color: #000000;\">Pro Button werden folgenden Angaben angezeigt, diese werden vom Dateinamen \u00fcbernommen. Die Zeit wird automatische angezeigt und nach dem Dr\u00fccken des Buttons l\u00e4uft diese r\u00fcckw\u00e4rts runter. Um alles \u00fcbersichtlich zu gestalten, habe ich die Anzeige der Zielbahnh\u00f6fe minimiert (z.B. Berlin = Berlin Lichtenberg).<br \/><\/span><\/p>\n<p><span style=\"color: #000000;\"><\/span><\/p>\n<ul>\n<li><span style=\"color: #000000;\">Gleis<\/span><\/li>\n<li><span style=\"color: #000000;\">Zugkennung (z.B. (MEW = MItteleinstiegswagen)<\/span><\/li>\n<li><span style=\"color: #000000;\">Zielbahnhof<\/span><\/li>\n<li><span style=\"color: #000000;\">Zeit<\/span><\/li>\n<\/ul>\n<p>[\/et_pb_text][\/et_pb_column][\/et_pb_row][\/et_pb_section]<\/p>\n","protected":false},"excerpt":{"rendered":"<p>Lautsprecher-Ansagen F\u00fcr den Soundeinsatz mit dem Computer (hier speziell die Lautsprecheransagen auf den Bahnh\u00f6fen) wird ein sogenannter Jingle-Player (Software-Player) verwendet. Dieses Programm hat 30 Buttons (3 Spalten und 10 Zeilen) wo man die bearbeitete Audiodateien (mp3) verkn\u00fcpfen kann. Diese k\u00f6nnen dann gezielt nacheinander abgerufen werden.Lautsprecheransagen (Abfahrten) In der Tabelle sind die Lautsprecheransagen der Abfahrten der [&hellip;]<\/p>\n","protected":false},"author":1,"featured_media":0,"parent":0,"menu_order":0,"comment_status":"closed","ping_status":"closed","template":"","meta":{"_et_pb_use_builder":"on","_et_pb_old_content":"","_et_gb_content_width":"","footnotes":""},"class_list":["post-1387","page","type-page","status-publish","hentry"],"_links":{"self":[{"href":"https:\/\/teico44.com\/index.php?rest_route=\/wp\/v2\/pages\/1387","targetHints":{"allow":["GET"]}}],"collection":[{"href":"https:\/\/teico44.com\/index.php?rest_route=\/wp\/v2\/pages"}],"about":[{"href":"https:\/\/teico44.com\/index.php?rest_route=\/wp\/v2\/types\/page"}],"author":[{"embeddable":true,"href":"https:\/\/teico44.com\/index.php?rest_route=\/wp\/v2\/users\/1"}],"replies":[{"embeddable":true,"href":"https:\/\/teico44.com\/index.php?rest_route=%2Fwp%2Fv2%2Fcomments&post=1387"}],"version-history":[{"count":21,"href":"https:\/\/teico44.com\/index.php?rest_route=\/wp\/v2\/pages\/1387\/revisions"}],"predecessor-version":[{"id":5992,"href":"https:\/\/teico44.com\/index.php?rest_route=\/wp\/v2\/pages\/1387\/revisions\/5992"}],"wp:attachment":[{"href":"https:\/\/teico44.com\/index.php?rest_route=%2Fwp%2Fv2%2Fmedia&parent=1387"}],"curies":[{"name":"wp","href":"https:\/\/api.w.org\/{rel}","templated":true}]}}